{"id":212872,"date":"2026-03-20T12:25:43","date_gmt":"2026-03-20T10:25:43","guid":{"rendered":"https:\/\/twoteknik.dk\/?post_type=product&#038;p=212872"},"modified":"2026-03-20T12:27:38","modified_gmt":"2026-03-20T10:27:38","slug":"10-x-150ml-sps-fiberforsegler-mini-ready-spray","status":"publish","type":"product","link":"https:\/\/twoteknik.dk\/en\/vare\/10-x-150ml-sps-fiberforsegler-mini-ready-spray\/","title":{"rendered":"10 x 150ml SPS Fiberforsegler Mini-Ready-Spray"},"content":{"rendered":"<p>SPS Fiberforsegler til Asbest, f\u00e6rdigblandet og klar til brug.<\/p>\n<p>Velegnet til brug ved pr\u00f8vetagning hvor kun sm\u00e5 m\u00e6ngder af forsegler er n\u00f8dvendig. Fiberforseglingen er i dette produkt f\u00e6rdigblandet i en s\u00e6rlig tyk version der g\u00f8r v\u00e6sken lettere at styre og skaber en tykkere forsegling allerede ved f\u00f8rste lag i forhold til ordin\u00e6r SPS Fiberforsegling.<\/p>\n<p>Leveres i colli af 10 x 150ml.<\/p>\n<p>(Leveres ogs\u00e5 uden UV stof, skriv det blot i kommentarfeltet ved check out)<\/p>\n<p>&nbsp;<\/p>\n","protected":false},"excerpt":{"rendered":"<p>SPS Fiberforsegler til Asbest, f\u00e6rdigblandet og klar til brug. Velegnet til brug ved pr\u00f8vetagning hvor kun sm\u00e5 m\u00e6ngder af forsegler er n\u00f8dvendig. Fiberforseglingen er i dette produkt f\u00e6rdigblandet i en s\u00e6rlig tyk version der g\u00f8r v\u00e6sken lettere at styre og skaber en tykkere forsegling allerede ved f\u00f8rste lag i forhold til ordin\u00e6r SPS Fiberforsegling. Leveres [&hellip;]<\/p>\n","protected":false},"featured_media":212873,"template":"","meta":{"site-sidebar-layout":"default","site-content-layout":"","ast-site-content-layout":"default","site-content-style":"default","site-sidebar-style":"default","ast-global-header-display":"","ast-banner-title-visibility":"","ast-main-header-display":"","ast-hfb-above-header-display":"","ast-hfb-below-header-display":"","ast-hfb-mobile-header-display":"","site-post-title":"","ast-breadcrumbs-content":"","ast-featured-img":"","footer-sml-layout":"","ast-disable-related-posts":"","theme-transparent-header-meta":"default","adv-header-id-meta":"","stick-header-meta":"default","header-above-stick-meta":"","header-main-stick-meta":"","header-below-stick-meta":"","astra-migrate-meta-layouts":"set","ast-page-background-enabled":"default","ast-page-background-meta":{"desktop":{"background-color":"","background-image":"","background-repeat":"repeat","background-position":"center center","background-size":"auto","background-attachment":"scroll","background-type":"","background-media":"","overlay-type":"","overlay-color":"","overlay-opacity":"","overlay-gradient":""},"tablet":{"background-color":"","background-image":"","background-repeat":"repeat","background-position":"center center","background-size":"auto","background-attachment":"scroll","background-type":"","background-media":"","overlay-type":"","overlay-color":"","overlay-opacity":"","overlay-gradient":""},"mobile":{"background-color":"","background-image":"","background-repeat":"repeat","background-position":"center center","background-size":"auto","background-attachment":"scroll","background-type":"","background-media":"","overlay-type":"","overlay-color":"","overlay-opacity":"","overlay-gradient":""}},"ast-content-background-meta":{"desktop":{"background-color":"var(--ast-global-color-5)","background-image":"","background-repeat":"repeat","background-position":"center center","background-size":"auto","background-attachment":"scroll","background-type":"","background-media":"","overlay-type":"","overlay-color":"","overlay-opacity":"","overlay-gradient":""},"tablet":{"background-color":"var(--ast-global-color-5)","background-image":"","background-repeat":"repeat","background-position":"center center","background-size":"auto","background-attachment":"scroll","background-type":"","background-media":"","overlay-type":"","overlay-color":"","overlay-opacity":"","overlay-gradient":""},"mobile":{"background-color":"var(--ast-global-color-5)","background-image":"","background-repeat":"repeat","background-position":"center center","background-size":"auto","background-attachment":"scroll","background-type":"","background-media":"","overlay-type":"","overlay-color":"","overlay-opacity":"","overlay-gradient":""}}},"product_brand":[],"product_cat":[33,57,42],"product_tag":[113,115,114],"class_list":{"0":"post-212872","1":"product","2":"type-product","3":"status-publish","4":"has-post-thumbnail","6":"product_cat-alle-produkter","7":"product_cat-asbest","8":"product_cat-pcb-forsegling","9":"product_tag-asbest","10":"product_tag-faerdigblandet","11":"product_tag-forsegling","12":"desktop-align-center","13":"tablet-align-left","14":"mobile-align-left","15":"ast-product-gallery-layout-horizontal-slider","16":"ast-product-gallery-with-no-image","17":"ast-product-tabs-layout-accordion","19":"first","20":"instock","21":"taxable","22":"shipping-taxable","23":"purchasable","24":"product-type-simple"},"yoast_head":"<!-- This site is optimized with the Yoast SEO plugin v27.4 - https:\/\/yoast.com\/product\/yoast-seo-wordpress\/ -->\n<title>10 x 150ml SPS Fiberforsegler Mini-Ready-Spray - PCB Forsegling, Radonsikring og Asbest Forsegling | TWO Teknik<\/title>\n<meta name=\"description\" content=\"Mini-ready-to-use forsegler til asbest pr\u00f8vetagning. F\u00e6rdigblandet i en s\u00e6rlig tyk version der er lettere at styre og som skaber en tykkere forsegling.\" \/>\n<meta name=\"robots\" content=\"index, follow, max-snippet:-1, max-image-preview:large, max-video-preview:-1\" \/>\n<link rel=\"canonical\" href=\"https:\/\/twoteknik.dk\/en\/vare\/10-x-150ml-sps-fiberforsegler-mini-ready-spray\/\" \/>\n<meta property=\"og:locale\" content=\"en_US\" \/>\n<meta property=\"og:type\" content=\"article\" \/>\n<meta property=\"og:title\" content=\"10 x 150ml SPS Fiberforsegler Mini-Ready-Spray - PCB Forsegling, Radonsikring og Asbest Forsegling | TWO Teknik\" \/>\n<meta property=\"og:description\" content=\"Mini-ready-to-use forsegler til asbest pr\u00f8vetagning. F\u00e6rdigblandet i en s\u00e6rlig tyk version der er lettere at styre og som skaber en tykkere forsegling.\" \/>\n<meta property=\"og:url\" content=\"https:\/\/twoteknik.dk\/en\/vare\/10-x-150ml-sps-fiberforsegler-mini-ready-spray\/\" \/>\n<meta property=\"og:site_name\" content=\"PCB Forsegling, Radonsikring og Asbest Forsegling | TWO Teknik\" \/>\n<meta property=\"article:publisher\" content=\"https:\/\/www.facebook.com\/TWOTeknikApS\" \/>\n<meta property=\"article:modified_time\" content=\"2026-03-20T10:27:38+00:00\" \/>\n<meta property=\"og:image\" content=\"https:\/\/twoteknik.dk\/wp-content\/uploads\/2026\/03\/1000040914.jpg\" \/>\n\t<meta property=\"og:image:width\" content=\"1536\" \/>\n\t<meta property=\"og:image:height\" content=\"2048\" \/>\n\t<meta property=\"og:image:type\" content=\"image\/jpeg\" \/>\n<meta name=\"twitter:card\" content=\"summary_large_image\" \/>\n<meta name=\"twitter:label1\" content=\"Est. reading time\" \/>\n\t<meta name=\"twitter:data1\" content=\"1 minute\" \/>\n<script type=\"application\/ld+json\" class=\"yoast-schema-graph\">{\"@context\":\"https:\\\/\\\/schema.org\",\"@graph\":[{\"@type\":\"WebPage\",\"@id\":\"https:\\\/\\\/twoteknik.dk\\\/en\\\/vare\\\/10-x-150ml-sps-fiberforsegler-mini-ready-spray\\\/\",\"url\":\"https:\\\/\\\/twoteknik.dk\\\/en\\\/vare\\\/10-x-150ml-sps-fiberforsegler-mini-ready-spray\\\/\",\"name\":\"10 x 150ml SPS Fiberforsegler Mini-Ready-Spray - PCB Forsegling, Radonsikring og Asbest Forsegling | TWO Teknik\",\"isPartOf\":{\"@id\":\"https:\\\/\\\/twoteknik.dk\\\/en\\\/#website\"},\"primaryImageOfPage\":{\"@id\":\"https:\\\/\\\/twoteknik.dk\\\/en\\\/vare\\\/10-x-150ml-sps-fiberforsegler-mini-ready-spray\\\/#primaryimage\"},\"image\":{\"@id\":\"https:\\\/\\\/twoteknik.dk\\\/en\\\/vare\\\/10-x-150ml-sps-fiberforsegler-mini-ready-spray\\\/#primaryimage\"},\"thumbnailUrl\":\"https:\\\/\\\/twoteknik.dk\\\/wp-content\\\/uploads\\\/2026\\\/03\\\/1000040914.jpg\",\"datePublished\":\"2026-03-20T10:25:43+00:00\",\"dateModified\":\"2026-03-20T10:27:38+00:00\",\"description\":\"Mini-ready-to-use forsegler til asbest pr\u00f8vetagning. F\u00e6rdigblandet i en s\u00e6rlig tyk version der er lettere at styre og som skaber en tykkere forsegling.\",\"breadcrumb\":{\"@id\":\"https:\\\/\\\/twoteknik.dk\\\/en\\\/vare\\\/10-x-150ml-sps-fiberforsegler-mini-ready-spray\\\/#breadcrumb\"},\"inLanguage\":\"en-US\",\"potentialAction\":[{\"@type\":\"ReadAction\",\"target\":[\"https:\\\/\\\/twoteknik.dk\\\/en\\\/vare\\\/10-x-150ml-sps-fiberforsegler-mini-ready-spray\\\/\"]}]},{\"@type\":\"ImageObject\",\"inLanguage\":\"en-US\",\"@id\":\"https:\\\/\\\/twoteknik.dk\\\/en\\\/vare\\\/10-x-150ml-sps-fiberforsegler-mini-ready-spray\\\/#primaryimage\",\"url\":\"https:\\\/\\\/twoteknik.dk\\\/wp-content\\\/uploads\\\/2026\\\/03\\\/1000040914.jpg\",\"contentUrl\":\"https:\\\/\\\/twoteknik.dk\\\/wp-content\\\/uploads\\\/2026\\\/03\\\/1000040914.jpg\",\"width\":1536,\"height\":2048},{\"@type\":\"BreadcrumbList\",\"@id\":\"https:\\\/\\\/twoteknik.dk\\\/en\\\/vare\\\/10-x-150ml-sps-fiberforsegler-mini-ready-spray\\\/#breadcrumb\",\"itemListElement\":[{\"@type\":\"ListItem\",\"position\":1,\"name\":\"Hjem\",\"item\":\"https:\\\/\\\/twoteknik.dk\\\/en\\\/\"},{\"@type\":\"ListItem\",\"position\":2,\"name\":\"Shop\",\"item\":\"https:\\\/\\\/twoteknik.dk\\\/en\\\/shop-2\\\/\"},{\"@type\":\"ListItem\",\"position\":3,\"name\":\"10 x 150ml SPS Fiberforsegler Mini-Ready-Spray\"}]},{\"@type\":\"WebSite\",\"@id\":\"https:\\\/\\\/twoteknik.dk\\\/en\\\/#website\",\"url\":\"https:\\\/\\\/twoteknik.dk\\\/en\\\/\",\"name\":\"PCB Forsegling, Radonsikring og Asbest Forsegling | TWO Teknik\",\"description\":\"Forsegling af PCB - Radon, Asbest &amp; BTEX. Find PCB forsegling m.m. der virker, her how TWOTeknik.dk\",\"publisher\":{\"@id\":\"https:\\\/\\\/twoteknik.dk\\\/en\\\/#organization\"},\"potentialAction\":[{\"@type\":\"SearchAction\",\"target\":{\"@type\":\"EntryPoint\",\"urlTemplate\":\"https:\\\/\\\/twoteknik.dk\\\/en\\\/?s={search_term_string}\"},\"query-input\":{\"@type\":\"PropertyValueSpecification\",\"valueRequired\":true,\"valueName\":\"search_term_string\"}}],\"inLanguage\":\"en-US\"},{\"@type\":\"Organization\",\"@id\":\"https:\\\/\\\/twoteknik.dk\\\/en\\\/#organization\",\"name\":\"PCB Forsegling, Radonsikring og Asbest Forsegling | TWO Teknik\",\"url\":\"https:\\\/\\\/twoteknik.dk\\\/en\\\/\",\"logo\":{\"@type\":\"ImageObject\",\"inLanguage\":\"en-US\",\"@id\":\"https:\\\/\\\/twoteknik.dk\\\/en\\\/#\\\/schema\\\/logo\\\/image\\\/\",\"url\":\"https:\\\/\\\/twoteknik.dk\\\/wp-content\\\/uploads\\\/2023\\\/02\\\/logoNEW.png\",\"contentUrl\":\"https:\\\/\\\/twoteknik.dk\\\/wp-content\\\/uploads\\\/2023\\\/02\\\/logoNEW.png\",\"width\":1034,\"height\":300,\"caption\":\"PCB Forsegling, Radonsikring og Asbest Forsegling | TWO Teknik\"},\"image\":{\"@id\":\"https:\\\/\\\/twoteknik.dk\\\/en\\\/#\\\/schema\\\/logo\\\/image\\\/\"},\"sameAs\":[\"https:\\\/\\\/www.facebook.com\\\/TWOTeknikApS\",\"https:\\\/\\\/www.linkedin.com\\\/company\\\/two-teknik-aps-din-samarbejdspartner-til-pcb-forsegling\\\/\"]}]}<\/script>\n<!-- \/ Yoast SEO plugin. -->","yoast_head_json":{"title":"10 x 150ml SPS Fiberforsegler Mini-Ready-Spray - PCB Forsegling, Radonsikring og Asbest Forsegling | TWO Teknik","description":"Mini-ready-to-use forsegler til asbest pr\u00f8vetagning. F\u00e6rdigblandet i en s\u00e6rlig tyk version der er lettere at styre og som skaber en tykkere forsegling.","robots":{"index":"index","follow":"follow","max-snippet":"max-snippet:-1","max-image-preview":"max-image-preview:large","max-video-preview":"max-video-preview:-1"},"canonical":"https:\/\/twoteknik.dk\/en\/vare\/10-x-150ml-sps-fiberforsegler-mini-ready-spray\/","og_locale":"en_US","og_type":"article","og_title":"10 x 150ml SPS Fiberforsegler Mini-Ready-Spray - PCB Forsegling, Radonsikring og Asbest Forsegling | TWO Teknik","og_description":"Mini-ready-to-use forsegler til asbest pr\u00f8vetagning. F\u00e6rdigblandet i en s\u00e6rlig tyk version der er lettere at styre og som skaber en tykkere forsegling.","og_url":"https:\/\/twoteknik.dk\/en\/vare\/10-x-150ml-sps-fiberforsegler-mini-ready-spray\/","og_site_name":"PCB Forsegling, Radonsikring og Asbest Forsegling | TWO Teknik","article_publisher":"https:\/\/www.facebook.com\/TWOTeknikApS","article_modified_time":"2026-03-20T10:27:38+00:00","og_image":[{"width":1536,"height":2048,"url":"https:\/\/twoteknik.dk\/wp-content\/uploads\/2026\/03\/1000040914.jpg","type":"image\/jpeg"}],"twitter_card":"summary_large_image","twitter_misc":{"Est. reading time":"1 minute"},"schema":{"@context":"https:\/\/schema.org","@graph":[{"@type":"WebPage","@id":"https:\/\/twoteknik.dk\/en\/vare\/10-x-150ml-sps-fiberforsegler-mini-ready-spray\/","url":"https:\/\/twoteknik.dk\/en\/vare\/10-x-150ml-sps-fiberforsegler-mini-ready-spray\/","name":"10 x 150ml SPS Fiberforsegler Mini-Ready-Spray - PCB Forsegling, Radonsikring og Asbest Forsegling | TWO Teknik","isPartOf":{"@id":"https:\/\/twoteknik.dk\/en\/#website"},"primaryImageOfPage":{"@id":"https:\/\/twoteknik.dk\/en\/vare\/10-x-150ml-sps-fiberforsegler-mini-ready-spray\/#primaryimage"},"image":{"@id":"https:\/\/twoteknik.dk\/en\/vare\/10-x-150ml-sps-fiberforsegler-mini-ready-spray\/#primaryimage"},"thumbnailUrl":"https:\/\/twoteknik.dk\/wp-content\/uploads\/2026\/03\/1000040914.jpg","datePublished":"2026-03-20T10:25:43+00:00","dateModified":"2026-03-20T10:27:38+00:00","description":"Mini-ready-to-use forsegler til asbest pr\u00f8vetagning. F\u00e6rdigblandet i en s\u00e6rlig tyk version der er lettere at styre og som skaber en tykkere forsegling.","breadcrumb":{"@id":"https:\/\/twoteknik.dk\/en\/vare\/10-x-150ml-sps-fiberforsegler-mini-ready-spray\/#breadcrumb"},"inLanguage":"en-US","potentialAction":[{"@type":"ReadAction","target":["https:\/\/twoteknik.dk\/en\/vare\/10-x-150ml-sps-fiberforsegler-mini-ready-spray\/"]}]},{"@type":"ImageObject","inLanguage":"en-US","@id":"https:\/\/twoteknik.dk\/en\/vare\/10-x-150ml-sps-fiberforsegler-mini-ready-spray\/#primaryimage","url":"https:\/\/twoteknik.dk\/wp-content\/uploads\/2026\/03\/1000040914.jpg","contentUrl":"https:\/\/twoteknik.dk\/wp-content\/uploads\/2026\/03\/1000040914.jpg","width":1536,"height":2048},{"@type":"BreadcrumbList","@id":"https:\/\/twoteknik.dk\/en\/vare\/10-x-150ml-sps-fiberforsegler-mini-ready-spray\/#breadcrumb","itemListElement":[{"@type":"ListItem","position":1,"name":"Hjem","item":"https:\/\/twoteknik.dk\/en\/"},{"@type":"ListItem","position":2,"name":"Shop","item":"https:\/\/twoteknik.dk\/en\/shop-2\/"},{"@type":"ListItem","position":3,"name":"10 x 150ml SPS Fiberforsegler Mini-Ready-Spray"}]},{"@type":"WebSite","@id":"https:\/\/twoteknik.dk\/en\/#website","url":"https:\/\/twoteknik.dk\/en\/","name":"PCB Forsegling, Radonsikring og Asbest Forsegling | TWO Teknik","description":"Forsegling af PCB - Radon, Asbest &amp; BTEX. Find PCB forsegling m.m. der virker, her how TWOTeknik.dk","publisher":{"@id":"https:\/\/twoteknik.dk\/en\/#organization"},"potentialAction":[{"@type":"SearchAction","target":{"@type":"EntryPoint","urlTemplate":"https:\/\/twoteknik.dk\/en\/?s={search_term_string}"},"query-input":{"@type":"PropertyValueSpecification","valueRequired":true,"valueName":"search_term_string"}}],"inLanguage":"en-US"},{"@type":"Organization","@id":"https:\/\/twoteknik.dk\/en\/#organization","name":"PCB Forsegling, Radonsikring og Asbest Forsegling | TWO Teknik","url":"https:\/\/twoteknik.dk\/en\/","logo":{"@type":"ImageObject","inLanguage":"en-US","@id":"https:\/\/twoteknik.dk\/en\/#\/schema\/logo\/image\/","url":"https:\/\/twoteknik.dk\/wp-content\/uploads\/2023\/02\/logoNEW.png","contentUrl":"https:\/\/twoteknik.dk\/wp-content\/uploads\/2023\/02\/logoNEW.png","width":1034,"height":300,"caption":"PCB Forsegling, Radonsikring og Asbest Forsegling | TWO Teknik"},"image":{"@id":"https:\/\/twoteknik.dk\/en\/#\/schema\/logo\/image\/"},"sameAs":["https:\/\/www.facebook.com\/TWOTeknikApS","https:\/\/www.linkedin.com\/company\/two-teknik-aps-din-samarbejdspartner-til-pcb-forsegling\/"]}]}},"_links":{"self":[{"href":"https:\/\/twoteknik.dk\/en\/wp-json\/wp\/v2\/product\/212872","targetHints":{"allow":["GET"]}}],"collection":[{"href":"https:\/\/twoteknik.dk\/en\/wp-json\/wp\/v2\/product"}],"about":[{"href":"https:\/\/twoteknik.dk\/en\/wp-json\/wp\/v2\/types\/product"}],"wp:featuredmedia":[{"embeddable":true,"href":"https:\/\/twoteknik.dk\/en\/wp-json\/wp\/v2\/media\/212873"}],"wp:attachment":[{"href":"https:\/\/twoteknik.dk\/en\/wp-json\/wp\/v2\/media?parent=212872"}],"wp:term":[{"taxonomy":"product_brand","embeddable":true,"href":"https:\/\/twoteknik.dk\/en\/wp-json\/wp\/v2\/product_brand?post=212872"},{"taxonomy":"product_cat","embeddable":true,"href":"https:\/\/twoteknik.dk\/en\/wp-json\/wp\/v2\/product_cat?post=212872"},{"taxonomy":"product_tag","embeddable":true,"href":"https:\/\/twoteknik.dk\/en\/wp-json\/wp\/v2\/product_tag?post=212872"}],"curies":[{"name":"wp","href":"https:\/\/api.w.org\/{rel}","templated":true}]}}