{"id":211503,"date":"2023-03-27T14:26:12","date_gmt":"2023-03-27T12:26:12","guid":{"rendered":"https:\/\/twoteknik.dk\/vare\/sps-primary-winter-4-kg-approx-18m2-does-not-require-epoxy-course\/"},"modified":"2024-07-19T09:12:15","modified_gmt":"2024-07-19T07:12:15","slug":"sps-primaer-winter-4-kg-ca-18m2-craver-non-epoxy-course","status":"publish","type":"product","link":"https:\/\/twoteknik.dk\/en\/vare\/sps-primaer-winter-4-kg-ca-18m2-craver-non-epoxy-course\/","title":{"rendered":"SPS PRIMARY WINTER 4 KG (Approx. 18m2) Does not require epoxy course"},"content":{"rendered":"<p>SPS Prim\u00e6r Vinter offers the same high barrier properties as SPS Prim\u00e6r for sealing and encapsulating PCBs, but it cures already at +1 degree Celsius. This provides a longer and more flexible period for sealing and remediation work, and thus contributes to an improved project economy.<\/p>\n<p>Previously, PCB sealing work has only been possible at temperatures above 12 degrees Celsius. Simply because all available sealing products until now have required a minimum of 12 degrees Celsius, and working at lower temperatures has resulted in increased project costs with winter precautions, and possibly even delays.<\/p>\n<p>SPS Prim\u00e6r Vinter is the world&#8217;s only PCB sealer that is usable during the winter season, as it cures already at 1 degree Celsius. SPS Prim\u00e6r Vinter is just as effective as SPS Prim\u00e6r for sealing and encapsulating PCB. Both products allow further work after only 24 hours of curing time. SPS Prim\u00e6r Vinter has been diffusion tested by Dansk Milj\u00f8 Analyse and the samples show barrier properties of more than 95%. Like the other products in the SPS series, SPS Prim\u00e6r Vinter does not require an epoxy course or special certification.<\/p>\n<p><strong>Indicative coverage with 2 coats:<\/strong><br \/>\nOn concrete 4 &#8211; 6 m2 per kg.<br \/>\nOn bricks: 2 &#8211; 3 m2 per kg<br \/>\nNon-absorbent surfaces: 8 &#8211; 12 m2 per kg.<\/p>\n","protected":false},"excerpt":{"rendered":"<p><em>4 kg \/ 1.800.- per kg ex. VAT <\/em><\/p>\n<p><strong>FACTS:<\/strong><br \/>\n&#8211; The world&#8217;s only PCB sealer that cures at 1 degree Celsius.<br \/>\n&#8211; Reduces outgassing by more than 95%.<br \/>\n&#8211; Completely free of epoxy and solvents and gives off no harmful self-emissions.<br \/>\n&#8211; Saves demolition and re-establishment of PCB-containing building elements.<br \/>\n&#8211; Allows further works after only 24 hours.<br \/>\n&#8211; Saves additional costs for winter measures.<br \/>\n&#8211; Can be used by all professionals and does not require special training or certification.<br \/>\n&#8211; Leaves a clear and smooth surface that can be refinished.<br \/>\n&#8211; Can be tinted in several colors, also delta tinted for increased quality assurance.<br \/>\n&#8211; Recommended by the country&#8217;s leading consulting engineers.<\/p>\n","protected":false},"featured_media":210629,"template":"","meta":{"site-sidebar-layout":"default","site-content-layout":"default","ast-site-content-layout":"default","site-content-style":"default","site-sidebar-style":"default","ast-global-header-display":"","ast-banner-title-visibility":"","ast-main-header-display":"","ast-hfb-above-header-display":"","ast-hfb-below-header-display":"","ast-hfb-mobile-header-display":"","site-post-title":"","ast-breadcrumbs-content":"","ast-featured-img":"","footer-sml-layout":"","ast-disable-related-posts":"","theme-transparent-header-meta":"default","adv-header-id-meta":"","stick-header-meta":"default","header-above-stick-meta":"","header-main-stick-meta":"","header-below-stick-meta":"","astra-migrate-meta-layouts":"set","ast-page-background-enabled":"default","ast-page-background-meta":{"desktop":{"background-color":"","background-image":"","background-repeat":"repeat","background-position":"center center","background-size":"auto","background-attachment":"scroll","background-type":"","background-media":"","overlay-type":"","overlay-color":"","overlay-opacity":"","overlay-gradient":""},"tablet":{"background-color":"","background-image":"","background-repeat":"repeat","background-position":"center center","background-size":"auto","background-attachment":"scroll","background-type":"","background-media":"","overlay-type":"","overlay-color":"","overlay-opacity":"","overlay-gradient":""},"mobile":{"background-color":"","background-image":"","background-repeat":"repeat","background-position":"center center","background-size":"auto","background-attachment":"scroll","background-type":"","background-media":"","overlay-type":"","overlay-color":"","overlay-opacity":"","overlay-gradient":""}},"ast-content-background-meta":{"desktop":{"background-color":"var(--ast-global-color-5)","background-image":"","background-repeat":"repeat","background-position":"center center","background-size":"auto","background-attachment":"scroll","background-type":"","background-media":"","overlay-type":"","overlay-color":"","overlay-opacity":"","overlay-gradient":""},"tablet":{"background-color":"var(--ast-global-color-5)","background-image":"","background-repeat":"repeat","background-position":"center center","background-size":"auto","background-attachment":"scroll","background-type":"","background-media":"","overlay-type":"","overlay-color":"","overlay-opacity":"","overlay-gradient":""},"mobile":{"background-color":"var(--ast-global-color-5)","background-image":"","background-repeat":"repeat","background-position":"center center","background-size":"auto","background-attachment":"scroll","background-type":"","background-media":"","overlay-type":"","overlay-color":"","overlay-opacity":"","overlay-gradient":""}}},"product_brand":[],"product_cat":[58,64],"product_tag":[74,78,86],"class_list":{"0":"post-211503","1":"product","2":"type-product","3":"status-publish","4":"has-post-thumbnail","6":"product_cat-all-products","7":"product_cat-pcb-sealing-winter","8":"product_tag-encapsulation-of-pcb","9":"product_tag-pcb-sealing","10":"product_tag-winter-sealing","11":"desktop-align-center","12":"tablet-align-left","13":"mobile-align-left","14":"ast-product-gallery-layout-horizontal-slider","15":"ast-product-gallery-with-no-image","16":"ast-product-tabs-layout-accordion","18":"first","19":"instock","20":"taxable","21":"shipping-taxable","22":"purchasable","23":"product-type-simple"},"yoast_head":"<!-- This site is optimized with the Yoast SEO plugin v27.4 - https:\/\/yoast.com\/product\/yoast-seo-wordpress\/ -->\n<title>SPS PRIMARY WINTER 4 KG (Approx. 18m2) Does not require epoxy course - PCB Forsegling, Radonsikring og Asbest Forsegling | TWO Teknik<\/title>\n<meta name=\"robots\" content=\"index, follow, max-snippet:-1, max-image-preview:large, max-video-preview:-1\" \/>\n<link rel=\"canonical\" href=\"https:\/\/twoteknik.dk\/en\/vare\/sps-primaer-winter-4-kg-ca-18m2-craver-non-epoxy-course\/\" \/>\n<meta property=\"og:locale\" content=\"en_US\" \/>\n<meta property=\"og:type\" content=\"article\" \/>\n<meta property=\"og:title\" content=\"SPS PRIMARY WINTER 4 KG (Approx. 18m2) Does not require epoxy course - PCB Forsegling, Radonsikring og Asbest Forsegling | TWO Teknik\" \/>\n<meta property=\"og:description\" content=\"4 kg \/ 1.800.- per kg ex. VAT   FACTS: - The world&#039;s only PCB sealer that cures at 1 degree Celsius. - Reduces outgassing by more than 95%. - Completely free of epoxy and solvents and gives off no harmful self-emissions. - Saves demolition and re-establishment of PCB-containing building elements. - Allows further works after only 24 hours. - Saves additional costs for winter measures. - Can be used by all professionals and does not require special training or certification. - Leaves a clear and smooth surface that can be refinished. - Can be tinted in several colors, also delta tinted for increased quality assurance. - Recommended by the country&#039;s leading consulting engineers.\" \/>\n<meta property=\"og:url\" content=\"https:\/\/twoteknik.dk\/en\/vare\/sps-primaer-winter-4-kg-ca-18m2-craver-non-epoxy-course\/\" \/>\n<meta property=\"og:site_name\" content=\"PCB Forsegling, Radonsikring og Asbest Forsegling | TWO Teknik\" \/>\n<meta property=\"article:publisher\" content=\"https:\/\/www.facebook.com\/TWOTeknikApS\" \/>\n<meta property=\"article:modified_time\" content=\"2024-07-19T07:12:15+00:00\" \/>\n<meta property=\"og:image\" content=\"https:\/\/twoteknik.dk\/wp-content\/uploads\/2023\/03\/PCB-Forsegling-Primaer-Forsegler-Vinter.jpg\" \/>\n\t<meta property=\"og:image:width\" content=\"421\" \/>\n\t<meta property=\"og:image:height\" content=\"364\" \/>\n\t<meta property=\"og:image:type\" content=\"image\/jpeg\" \/>\n<meta name=\"twitter:card\" content=\"summary_large_image\" \/>\n<meta name=\"twitter:label1\" content=\"Est. reading time\" \/>\n\t<meta name=\"twitter:data1\" content=\"2 minutes\" \/>\n<script type=\"application\/ld+json\" class=\"yoast-schema-graph\">{\"@context\":\"https:\\\/\\\/schema.org\",\"@graph\":[{\"@type\":\"WebPage\",\"@id\":\"https:\\\/\\\/twoteknik.dk\\\/en\\\/vare\\\/sps-primaer-winter-4-kg-ca-18m2-craver-non-epoxy-course\\\/\",\"url\":\"https:\\\/\\\/twoteknik.dk\\\/en\\\/vare\\\/sps-primaer-winter-4-kg-ca-18m2-craver-non-epoxy-course\\\/\",\"name\":\"SPS PRIMARY WINTER 4 KG (Approx. 18m2) Does not require epoxy course - PCB Forsegling, Radonsikring og Asbest Forsegling | TWO Teknik\",\"isPartOf\":{\"@id\":\"https:\\\/\\\/twoteknik.dk\\\/en\\\/#website\"},\"primaryImageOfPage\":{\"@id\":\"https:\\\/\\\/twoteknik.dk\\\/en\\\/vare\\\/sps-primaer-winter-4-kg-ca-18m2-craver-non-epoxy-course\\\/#primaryimage\"},\"image\":{\"@id\":\"https:\\\/\\\/twoteknik.dk\\\/en\\\/vare\\\/sps-primaer-winter-4-kg-ca-18m2-craver-non-epoxy-course\\\/#primaryimage\"},\"thumbnailUrl\":\"https:\\\/\\\/twoteknik.dk\\\/wp-content\\\/uploads\\\/2023\\\/03\\\/PCB-Forsegling-Primaer-Forsegler-Vinter.jpg\",\"datePublished\":\"2023-03-27T12:26:12+00:00\",\"dateModified\":\"2024-07-19T07:12:15+00:00\",\"breadcrumb\":{\"@id\":\"https:\\\/\\\/twoteknik.dk\\\/en\\\/vare\\\/sps-primaer-winter-4-kg-ca-18m2-craver-non-epoxy-course\\\/#breadcrumb\"},\"inLanguage\":\"en-US\",\"potentialAction\":[{\"@type\":\"ReadAction\",\"target\":[\"https:\\\/\\\/twoteknik.dk\\\/en\\\/vare\\\/sps-primaer-winter-4-kg-ca-18m2-craver-non-epoxy-course\\\/\"]}]},{\"@type\":\"ImageObject\",\"inLanguage\":\"en-US\",\"@id\":\"https:\\\/\\\/twoteknik.dk\\\/en\\\/vare\\\/sps-primaer-winter-4-kg-ca-18m2-craver-non-epoxy-course\\\/#primaryimage\",\"url\":\"https:\\\/\\\/twoteknik.dk\\\/wp-content\\\/uploads\\\/2023\\\/03\\\/PCB-Forsegling-Primaer-Forsegler-Vinter.jpg\",\"contentUrl\":\"https:\\\/\\\/twoteknik.dk\\\/wp-content\\\/uploads\\\/2023\\\/03\\\/PCB-Forsegling-Primaer-Forsegler-Vinter.jpg\",\"width\":421,\"height\":364},{\"@type\":\"BreadcrumbList\",\"@id\":\"https:\\\/\\\/twoteknik.dk\\\/en\\\/vare\\\/sps-primaer-winter-4-kg-ca-18m2-craver-non-epoxy-course\\\/#breadcrumb\",\"itemListElement\":[{\"@type\":\"ListItem\",\"position\":1,\"name\":\"Hjem\",\"item\":\"https:\\\/\\\/twoteknik.dk\\\/en\\\/\"},{\"@type\":\"ListItem\",\"position\":2,\"name\":\"Shop\",\"item\":\"https:\\\/\\\/twoteknik.dk\\\/en\\\/shop-2\\\/\"},{\"@type\":\"ListItem\",\"position\":3,\"name\":\"SPS PRIMARY WINTER 4 KG (Approx. 18m2) Does not require epoxy course\"}]},{\"@type\":\"WebSite\",\"@id\":\"https:\\\/\\\/twoteknik.dk\\\/en\\\/#website\",\"url\":\"https:\\\/\\\/twoteknik.dk\\\/en\\\/\",\"name\":\"PCB Forsegling, Radonsikring og Asbest Forsegling | TWO Teknik\",\"description\":\"Forsegling af PCB - Radon, Asbest &amp; BTEX. Find PCB forsegling m.m. der virker, her how TWOTeknik.dk\",\"publisher\":{\"@id\":\"https:\\\/\\\/twoteknik.dk\\\/en\\\/#organization\"},\"potentialAction\":[{\"@type\":\"SearchAction\",\"target\":{\"@type\":\"EntryPoint\",\"urlTemplate\":\"https:\\\/\\\/twoteknik.dk\\\/en\\\/?s={search_term_string}\"},\"query-input\":{\"@type\":\"PropertyValueSpecification\",\"valueRequired\":true,\"valueName\":\"search_term_string\"}}],\"inLanguage\":\"en-US\"},{\"@type\":\"Organization\",\"@id\":\"https:\\\/\\\/twoteknik.dk\\\/en\\\/#organization\",\"name\":\"PCB Forsegling, Radonsikring og Asbest Forsegling | TWO Teknik\",\"url\":\"https:\\\/\\\/twoteknik.dk\\\/en\\\/\",\"logo\":{\"@type\":\"ImageObject\",\"inLanguage\":\"en-US\",\"@id\":\"https:\\\/\\\/twoteknik.dk\\\/en\\\/#\\\/schema\\\/logo\\\/image\\\/\",\"url\":\"https:\\\/\\\/twoteknik.dk\\\/wp-content\\\/uploads\\\/2023\\\/02\\\/logoNEW.png\",\"contentUrl\":\"https:\\\/\\\/twoteknik.dk\\\/wp-content\\\/uploads\\\/2023\\\/02\\\/logoNEW.png\",\"width\":1034,\"height\":300,\"caption\":\"PCB Forsegling, Radonsikring og Asbest Forsegling | TWO Teknik\"},\"image\":{\"@id\":\"https:\\\/\\\/twoteknik.dk\\\/en\\\/#\\\/schema\\\/logo\\\/image\\\/\"},\"sameAs\":[\"https:\\\/\\\/www.facebook.com\\\/TWOTeknikApS\",\"https:\\\/\\\/www.linkedin.com\\\/company\\\/two-teknik-aps-din-samarbejdspartner-til-pcb-forsegling\\\/\"]}]}<\/script>\n<!-- \/ Yoast SEO plugin. -->","yoast_head_json":{"title":"SPS PRIMARY WINTER 4 KG (Approx. 18m2) Does not require epoxy course - PCB Forsegling, Radonsikring og Asbest Forsegling | TWO Teknik","robots":{"index":"index","follow":"follow","max-snippet":"max-snippet:-1","max-image-preview":"max-image-preview:large","max-video-preview":"max-video-preview:-1"},"canonical":"https:\/\/twoteknik.dk\/en\/vare\/sps-primaer-winter-4-kg-ca-18m2-craver-non-epoxy-course\/","og_locale":"en_US","og_type":"article","og_title":"SPS PRIMARY WINTER 4 KG (Approx. 18m2) Does not require epoxy course - PCB Forsegling, Radonsikring og Asbest Forsegling | TWO Teknik","og_description":"4 kg \/ 1.800.- per kg ex. VAT   FACTS: - The world's only PCB sealer that cures at 1 degree Celsius. - Reduces outgassing by more than 95%. - Completely free of epoxy and solvents and gives off no harmful self-emissions. - Saves demolition and re-establishment of PCB-containing building elements. - Allows further works after only 24 hours. - Saves additional costs for winter measures. - Can be used by all professionals and does not require special training or certification. - Leaves a clear and smooth surface that can be refinished. - Can be tinted in several colors, also delta tinted for increased quality assurance. - Recommended by the country's leading consulting engineers.","og_url":"https:\/\/twoteknik.dk\/en\/vare\/sps-primaer-winter-4-kg-ca-18m2-craver-non-epoxy-course\/","og_site_name":"PCB Forsegling, Radonsikring og Asbest Forsegling | TWO Teknik","article_publisher":"https:\/\/www.facebook.com\/TWOTeknikApS","article_modified_time":"2024-07-19T07:12:15+00:00","og_image":[{"width":421,"height":364,"url":"https:\/\/twoteknik.dk\/wp-content\/uploads\/2023\/03\/PCB-Forsegling-Primaer-Forsegler-Vinter.jpg","type":"image\/jpeg"}],"twitter_card":"summary_large_image","twitter_misc":{"Est. reading time":"2 minutes"},"schema":{"@context":"https:\/\/schema.org","@graph":[{"@type":"WebPage","@id":"https:\/\/twoteknik.dk\/en\/vare\/sps-primaer-winter-4-kg-ca-18m2-craver-non-epoxy-course\/","url":"https:\/\/twoteknik.dk\/en\/vare\/sps-primaer-winter-4-kg-ca-18m2-craver-non-epoxy-course\/","name":"SPS PRIMARY WINTER 4 KG (Approx. 18m2) Does not require epoxy course - PCB Forsegling, Radonsikring og Asbest Forsegling | TWO Teknik","isPartOf":{"@id":"https:\/\/twoteknik.dk\/en\/#website"},"primaryImageOfPage":{"@id":"https:\/\/twoteknik.dk\/en\/vare\/sps-primaer-winter-4-kg-ca-18m2-craver-non-epoxy-course\/#primaryimage"},"image":{"@id":"https:\/\/twoteknik.dk\/en\/vare\/sps-primaer-winter-4-kg-ca-18m2-craver-non-epoxy-course\/#primaryimage"},"thumbnailUrl":"https:\/\/twoteknik.dk\/wp-content\/uploads\/2023\/03\/PCB-Forsegling-Primaer-Forsegler-Vinter.jpg","datePublished":"2023-03-27T12:26:12+00:00","dateModified":"2024-07-19T07:12:15+00:00","breadcrumb":{"@id":"https:\/\/twoteknik.dk\/en\/vare\/sps-primaer-winter-4-kg-ca-18m2-craver-non-epoxy-course\/#breadcrumb"},"inLanguage":"en-US","potentialAction":[{"@type":"ReadAction","target":["https:\/\/twoteknik.dk\/en\/vare\/sps-primaer-winter-4-kg-ca-18m2-craver-non-epoxy-course\/"]}]},{"@type":"ImageObject","inLanguage":"en-US","@id":"https:\/\/twoteknik.dk\/en\/vare\/sps-primaer-winter-4-kg-ca-18m2-craver-non-epoxy-course\/#primaryimage","url":"https:\/\/twoteknik.dk\/wp-content\/uploads\/2023\/03\/PCB-Forsegling-Primaer-Forsegler-Vinter.jpg","contentUrl":"https:\/\/twoteknik.dk\/wp-content\/uploads\/2023\/03\/PCB-Forsegling-Primaer-Forsegler-Vinter.jpg","width":421,"height":364},{"@type":"BreadcrumbList","@id":"https:\/\/twoteknik.dk\/en\/vare\/sps-primaer-winter-4-kg-ca-18m2-craver-non-epoxy-course\/#breadcrumb","itemListElement":[{"@type":"ListItem","position":1,"name":"Hjem","item":"https:\/\/twoteknik.dk\/en\/"},{"@type":"ListItem","position":2,"name":"Shop","item":"https:\/\/twoteknik.dk\/en\/shop-2\/"},{"@type":"ListItem","position":3,"name":"SPS PRIMARY WINTER 4 KG (Approx. 18m2) Does not require epoxy course"}]},{"@type":"WebSite","@id":"https:\/\/twoteknik.dk\/en\/#website","url":"https:\/\/twoteknik.dk\/en\/","name":"PCB Forsegling, Radonsikring og Asbest Forsegling | TWO Teknik","description":"Forsegling af PCB - Radon, Asbest &amp; BTEX. Find PCB forsegling m.m. der virker, her how TWOTeknik.dk","publisher":{"@id":"https:\/\/twoteknik.dk\/en\/#organization"},"potentialAction":[{"@type":"SearchAction","target":{"@type":"EntryPoint","urlTemplate":"https:\/\/twoteknik.dk\/en\/?s={search_term_string}"},"query-input":{"@type":"PropertyValueSpecification","valueRequired":true,"valueName":"search_term_string"}}],"inLanguage":"en-US"},{"@type":"Organization","@id":"https:\/\/twoteknik.dk\/en\/#organization","name":"PCB Forsegling, Radonsikring og Asbest Forsegling | TWO Teknik","url":"https:\/\/twoteknik.dk\/en\/","logo":{"@type":"ImageObject","inLanguage":"en-US","@id":"https:\/\/twoteknik.dk\/en\/#\/schema\/logo\/image\/","url":"https:\/\/twoteknik.dk\/wp-content\/uploads\/2023\/02\/logoNEW.png","contentUrl":"https:\/\/twoteknik.dk\/wp-content\/uploads\/2023\/02\/logoNEW.png","width":1034,"height":300,"caption":"PCB Forsegling, Radonsikring og Asbest Forsegling | TWO Teknik"},"image":{"@id":"https:\/\/twoteknik.dk\/en\/#\/schema\/logo\/image\/"},"sameAs":["https:\/\/www.facebook.com\/TWOTeknikApS","https:\/\/www.linkedin.com\/company\/two-teknik-aps-din-samarbejdspartner-til-pcb-forsegling\/"]}]}},"_links":{"self":[{"href":"https:\/\/twoteknik.dk\/en\/wp-json\/wp\/v2\/product\/211503","targetHints":{"allow":["GET"]}}],"collection":[{"href":"https:\/\/twoteknik.dk\/en\/wp-json\/wp\/v2\/product"}],"about":[{"href":"https:\/\/twoteknik.dk\/en\/wp-json\/wp\/v2\/types\/product"}],"wp:featuredmedia":[{"embeddable":true,"href":"https:\/\/twoteknik.dk\/en\/wp-json\/wp\/v2\/media\/210629"}],"wp:attachment":[{"href":"https:\/\/twoteknik.dk\/en\/wp-json\/wp\/v2\/media?parent=211503"}],"wp:term":[{"taxonomy":"product_brand","embeddable":true,"href":"https:\/\/twoteknik.dk\/en\/wp-json\/wp\/v2\/product_brand?post=211503"},{"taxonomy":"product_cat","embeddable":true,"href":"https:\/\/twoteknik.dk\/en\/wp-json\/wp\/v2\/product_cat?post=211503"},{"taxonomy":"product_tag","embeddable":true,"href":"https:\/\/twoteknik.dk\/en\/wp-json\/wp\/v2\/product_tag?post=211503"}],"curies":[{"name":"wp","href":"https:\/\/api.w.org\/{rel}","templated":true}]}}