{"id":211285,"date":"2023-02-12T09:16:10","date_gmt":"2023-02-12T07:16:10","guid":{"rendered":"https:\/\/twoteknik.dk\/references\/"},"modified":"2023-04-27T07:51:08","modified_gmt":"2023-04-27T05:51:08","slug":"references","status":"publish","type":"page","link":"https:\/\/twoteknik.dk\/en\/references\/","title":{"rendered":"References"},"content":{"rendered":"\t\t<div data-elementor-type=\"wp-page\" data-elementor-id=\"211285\" class=\"elementor elementor-211285 elementor-209848\" data-elementor-post-type=\"page\">\n\t\t\t\t\t\t<section data-particle_enable=\"false\" data-particle-mobile-disabled=\"false\" class=\"elementor-section elementor-top-section elementor-element elementor-element-8b4d105 c-box elementor-section-boxed elementor-section-height-default elementor-section-height-default\" data-id=\"8b4d105\" data-element_type=\"section\" data-e-type=\"section\" data-settings=\"{&quot;background_background&quot;:&quot;classic&quot;}\">\n\t\t\t\t\t\t\t<div class=\"elementor-background-overlay\"><\/div>\n\t\t\t\t\t\t\t<div class=\"elementor-container elementor-column-gap-default\">\n\t\t\t\t\t<div class=\"elementor-column elementor-col-100 elementor-top-column elementor-element elementor-element-a8762ba\" data-id=\"a8762ba\" data-element_type=\"column\" data-e-type=\"column\">\n\t\t\t<div class=\"elementor-widget-wrap elementor-element-populated\">\n\t\t\t\t\t\t<div class=\"elementor-element elementor-element-bae71b3 elementor-widget__width-auto animated-slow elementor-invisible elementor-widget elementor-widget-heading\" data-id=\"bae71b3\" data-element_type=\"widget\" data-e-type=\"widget\" data-settings=\"{&quot;_animation&quot;:&quot;fadeIn&quot;}\" data-widget_type=\"heading.default\">\n\t\t\t\t<div class=\"elementor-widget-container\">\n\t\t\t\t\t<h2 class=\"elementor-heading-title elementor-size-default\">Our<\/h2>\t\t\t\t<\/div>\n\t\t\t\t<\/div>\n\t\t\t\t<div class=\"elementor-element elementor-element-0c747c3 elementor-widget__width-auto animated-slow elementor-invisible elementor-widget elementor-widget-heading\" data-id=\"0c747c3\" data-element_type=\"widget\" data-e-type=\"widget\" data-settings=\"{&quot;_animation&quot;:&quot;fadeIn&quot;,&quot;_animation_delay&quot;:200}\" data-widget_type=\"heading.default\">\n\t\t\t\t<div class=\"elementor-widget-container\">\n\t\t\t\t\t<h2 class=\"elementor-heading-title elementor-size-default\">References<\/h2>\t\t\t\t<\/div>\n\t\t\t\t<\/div>\n\t\t\t\t\t<\/div>\n\t\t<\/div>\n\t\t\t\t\t<\/div>\n\t\t<\/section>\n\t\t\t\t<section data-particle_enable=\"false\" data-particle-mobile-disabled=\"false\" class=\"elementor-section elementor-top-section elementor-element elementor-element-b9c73ed c-box elementor-section-boxed elementor-section-height-default elementor-section-height-default\" data-id=\"b9c73ed\" data-element_type=\"section\" data-e-type=\"section\" data-settings=\"{&quot;background_background&quot;:&quot;classic&quot;}\">\n\t\t\t\t\t\t<div class=\"elementor-container elementor-column-gap-default\">\n\t\t\t\t\t<div class=\"elementor-column elementor-col-100 elementor-top-column elementor-element elementor-element-0f50a70\" data-id=\"0f50a70\" data-element_type=\"column\" data-e-type=\"column\">\n\t\t\t<div class=\"elementor-widget-wrap elementor-element-populated\">\n\t\t\t\t\t\t<div class=\"elementor-element elementor-element-562be3c animated-slow elementor-invisible elementor-widget elementor-widget-elementskit-blog-posts\" data-id=\"562be3c\" data-element_type=\"widget\" data-e-type=\"widget\" data-settings=\"{&quot;_animation&quot;:&quot;fadeIn&quot;,&quot;_animation_delay&quot;:700}\" data-widget_type=\"elementskit-blog-posts.default\">\n\t\t\t\t<div class=\"elementor-widget-container\">\n\t\t\t\t\t<div class=\"ekit-wid-con\" >        <div id=\"post-items--562be3c\" class=\"row post-items\" data-masonry-config=\"true\">\n                    <div class=\"col-lg-4 col-md-6\">\n\n                                    <div class=\"elementskit-post-image-card\">\n                        <div class=\"elementskit-entry-header\">\n                                                            <a href=\"https:\/\/twoteknik.dk\/en\/copenhagen-zoological-museum\/\" class=\"elementskit-entry-thumb\">\n                                    <img decoding=\"async\" src=\"https:\/\/twoteknik.dk\/wp-content\/uploads\/2023\/02\/Zoo.jpg\" alt=\"Copenhagen Zoological Museum\">\n                                <\/a><!-- .elementskit-entry-thumb END -->\n                                                                                                    <div class=\"elementskit-meta-lists elementskit-style-tag\">\n                                        <div class=\"elementskit-single-meta triangle_left\"><span class=\"elementskit-meta-wraper\"><strong>02<\/strong>Jan<\/span><\/div>\n                                    <\/div>\n                                                                                            \n                            \n\t\t\t\t\t\t\t\t\t\t\t\t\t<\/div><!-- .elementskit-entry-header END -->\n\n\t\t\t\t\t\t<div class=\"elementskit-post-body \">\n\t\t\t\t\t\t\t\n\t\t\t\t\t\t\t\t\t\t\t\t\t\t\t\t\t\t\t\t\t\t\t\t\t\t\t\t\t\t\n\t\t\t\t\t\t\t\t\n\t\t\t\t\t\t\t\t\t\t\t\t\t\t\t\t\t\t\t\t\t<h2 class=\"entry-title\">\n\t\t\t\t\t<a href=\"https:\/\/twoteknik.dk\/en\/copenhagen-zoological-museum\/\">\n\t\t\t\t\t\tCopenhagen Zoological Museum\t\t\t\t\t<\/a>\n\t\t\t\t<\/h2>\n\t\t\t\t\t\t\t\t\t\t\t\t\t\t\t\t\t\t\t\t\t\t\t\t\t\t\t\t\t\t\t\t\t\t\t\t\t\t\t\t\t\t<p>TWO Teknik has instructed personnel and supplied SPS Prim\u00e6r for the renovation of the Zoological&hellip;<\/p>\n\t\t\t\t\t\t\t\t\t\t\t\t\t\t\t\t\t\t\t\t\t\t                                                            <div class=\"btn-wraper\">\n                                                                            <a class=\"elementskit-btn whitespace--normal\" id=\"\" href=\"https:\/\/twoteknik.dk\/en\/copenhagen-zoological-museum\/\">\n                                            Read more                                            <i aria-hidden=\"true\" class=\"fas fa-long-arrow-alt-right\"><\/i>                                        <\/a>\n                                    \n                                                                    <\/div>\n                                                    <\/div><!-- .elementskit-post-body END -->\n                    <\/div>\n                \n            <\/div>\n                    <div class=\"col-lg-4 col-md-6\">\n\n                                    <div class=\"elementskit-post-image-card\">\n                        <div class=\"elementskit-entry-header\">\n                                                            <a href=\"https:\/\/twoteknik.dk\/en\/betty-2-frederiksberg\/\" class=\"elementskit-entry-thumb\">\n                                    <img decoding=\"async\" src=\"https:\/\/twoteknik.dk\/wp-content\/uploads\/2023\/02\/Betty-2-s.jpg\" alt=\"BETTY 2 &#8211; Frederiksberg\">\n                                <\/a><!-- .elementskit-entry-thumb END -->\n                                                                                                    <div class=\"elementskit-meta-lists elementskit-style-tag\">\n                                        <div class=\"elementskit-single-meta triangle_left\"><span class=\"elementskit-meta-wraper\"><strong>02<\/strong>Jan<\/span><\/div>\n                                    <\/div>\n                                                                                            \n                            \n\t\t\t\t\t\t\t\t\t\t\t\t\t<\/div><!-- .elementskit-entry-header END -->\n\n\t\t\t\t\t\t<div class=\"elementskit-post-body \">\n\t\t\t\t\t\t\t\n\t\t\t\t\t\t\t\t\t\t\t\t\t\t\t\t\t\t\t\t\t\t\t\t\t\t\t\t\t\t\n\t\t\t\t\t\t\t\t\n\t\t\t\t\t\t\t\t\t\t\t\t\t\t\t\t\t\t\t\t\t<h2 class=\"entry-title\">\n\t\t\t\t\t<a href=\"https:\/\/twoteknik.dk\/en\/betty-2-frederiksberg\/\">\n\t\t\t\t\t\tBETTY 2 &#8211; Frederiksberg\t\t\t\t\t<\/a>\n\t\t\t\t<\/h2>\n\t\t\t\t\t\t\t\t\t\t\t\t\t\t\t\t\t\t\t\t\t\t\t\t\t\t\t\t\t\t\t\t\t\t\t\t\t\t\t\t\t\t<p>The large task of sealing several thousand meters of PCB-contaminated concrete surfaces in the multi-story&hellip;<\/p>\n\t\t\t\t\t\t\t\t\t\t\t\t\t\t\t\t\t\t\t\t\t\t                                                            <div class=\"btn-wraper\">\n                                                                            <a class=\"elementskit-btn whitespace--normal\" id=\"\" href=\"https:\/\/twoteknik.dk\/en\/betty-2-frederiksberg\/\">\n                                            Read more                                            <i aria-hidden=\"true\" class=\"fas fa-long-arrow-alt-right\"><\/i>                                        <\/a>\n                                    \n                                                                    <\/div>\n                                                    <\/div><!-- .elementskit-post-body END -->\n                    <\/div>\n                \n            <\/div>\n                    <div class=\"col-lg-4 col-md-6\">\n\n                                    <div class=\"elementskit-post-image-card\">\n                        <div class=\"elementskit-entry-header\">\n                                                            <a href=\"https:\/\/twoteknik.dk\/en\/naeshoejskolen-aarhus-municipality\/\" class=\"elementskit-entry-thumb\">\n                                    <img decoding=\"async\" src=\"https:\/\/twoteknik.dk\/wp-content\/uploads\/2023\/02\/Naeshoejskolen.jpg\" alt=\"N\u00e6sh\u00f8jskolen, Aarhus Municipality\">\n                                <\/a><!-- .elementskit-entry-thumb END -->\n                                                                                                    <div class=\"elementskit-meta-lists elementskit-style-tag\">\n                                        <div class=\"elementskit-single-meta triangle_left\"><span class=\"elementskit-meta-wraper\"><strong>24<\/strong>May<\/span><\/div>\n                                    <\/div>\n                                                                                            \n                            \n\t\t\t\t\t\t\t\t\t\t\t\t\t<\/div><!-- .elementskit-entry-header END -->\n\n\t\t\t\t\t\t<div class=\"elementskit-post-body \">\n\t\t\t\t\t\t\t\n\t\t\t\t\t\t\t\t\t\t\t\t\t\t\t\t\t\t\t\t\t\t\t\t\t\t\t\t\t\t\n\t\t\t\t\t\t\t\t\n\t\t\t\t\t\t\t\t\t\t\t\t\t\t\t\t\t\t\t\t\t<h2 class=\"entry-title\">\n\t\t\t\t\t<a href=\"https:\/\/twoteknik.dk\/en\/naeshoejskolen-aarhus-municipality\/\">\n\t\t\t\t\t\tN\u00e6sh\u00f8jskolen, Aarhus Municipality\t\t\t\t\t<\/a>\n\t\t\t\t<\/h2>\n\t\t\t\t\t\t\t\t\t\t\t\t\t\t\t\t\t\t\t\t\t\t\t\t\t\t\t\t\t\t\t\t\t\t\t\t\t\t\t\t\t\t<p>TWO Teknik has supplied SPS Prim\u00e6r, tracer substance SPS Seal Trace, and instructions for the&hellip;<\/p>\n\t\t\t\t\t\t\t\t\t\t\t\t\t\t\t\t\t\t\t\t\t\t                                                            <div class=\"btn-wraper\">\n                                                                            <a class=\"elementskit-btn whitespace--normal\" id=\"\" href=\"https:\/\/twoteknik.dk\/en\/naeshoejskolen-aarhus-municipality\/\">\n                                            Read more                                            <i aria-hidden=\"true\" class=\"fas fa-long-arrow-alt-right\"><\/i>                                        <\/a>\n                                    \n                                                                    <\/div>\n                                                    <\/div><!-- .elementskit-post-body END -->\n                    <\/div>\n                \n            <\/div>\n                <\/div>\n       <\/div>\t\t\t\t<\/div>\n\t\t\t\t<\/div>\n\t\t\t\t\t<\/div>\n\t\t<\/div>\n\t\t\t\t\t<\/div>\n\t\t<\/section>\n\t\t\t\t<\/div>\n\t\t","protected":false},"excerpt":{"rendered":"<p>Our References 02jan BETTY 2 &#8211; Frederiksberg Den store opgave med forsegling af mange tusinde meter PCB-holdig beton i etagebygningen &#8220;BETTY 2&#8221;&hellip; Read more 02jan Zoologisk Museum K\u00f8benhavn TWO Teknik har instrueret personale samt og leveret SPS Prim\u00e6r til renoveringen af Zoologisk Museum&hellip; Read more 24maj N\u00e6sh\u00f8jskolen Aarhus Kommune TWO Teknik har leveret SPS Prim\u00e6r, [&hellip;]<\/p>\n","protected":false},"author":1,"featured_media":0,"parent":0,"menu_order":0,"comment_status":"closed","ping_status":"closed","template":"elementor_header_footer","meta":{"site-sidebar-layout":"no-sidebar","site-content-layout":"page-builder","ast-site-content-layout":"default","site-content-style":"default","site-sidebar-style":"default","ast-global-header-display":"","ast-banner-title-visibility":"","ast-main-header-display":"","ast-hfb-above-header-display":"","ast-hfb-below-header-display":"","ast-hfb-mobile-header-display":"","site-post-title":"disabled","ast-breadcrumbs-content":"","ast-featured-img":"disabled","footer-sml-layout":"","ast-disable-related-posts":"","theme-transparent-header-meta":"","adv-header-id-meta":"","stick-header-meta":"","header-above-stick-meta":"","header-main-stick-meta":"","header-below-stick-meta":"","astra-migrate-meta-layouts":"default","ast-page-background-enabled":"default","ast-page-background-meta":{"desktop":{"background-color":"","background-image":"","background-repeat":"repeat","background-position":"center center","background-size":"auto","background-attachment":"scroll","background-type":"","background-media":"","overlay-type":"","overlay-color":"","overlay-opacity":"","overlay-gradient":""},"tablet":{"background-color":"","background-image":"","background-repeat":"repeat","background-position":"center center","background-size":"auto","background-attachment":"scroll","background-type":"","background-media":"","overlay-type":"","overlay-color":"","overlay-opacity":"","overlay-gradient":""},"mobile":{"background-color":"","background-image":"","background-repeat":"repeat","background-position":"center center","background-size":"auto","background-attachment":"scroll","background-type":"","background-media":"","overlay-type":"","overlay-color":"","overlay-opacity":"","overlay-gradient":""}},"ast-content-background-meta":{"desktop":{"background-color":"var(--ast-global-color-5)","background-image":"","background-repeat":"repeat","background-position":"center center","background-size":"auto","background-attachment":"scroll","background-type":"","background-media":"","overlay-type":"","overlay-color":"","overlay-opacity":"","overlay-gradient":""},"tablet":{"background-color":"var(--ast-global-color-5)","background-image":"","background-repeat":"repeat","background-position":"center center","background-size":"auto","background-attachment":"scroll","background-type":"","background-media":"","overlay-type":"","overlay-color":"","overlay-opacity":"","overlay-gradient":""},"mobile":{"background-color":"var(--ast-global-color-5)","background-image":"","background-repeat":"repeat","background-position":"center center","background-size":"auto","background-attachment":"scroll","background-type":"","background-media":"","overlay-type":"","overlay-color":"","overlay-opacity":"","overlay-gradient":""}},"footnotes":""},"class_list":["post-211285","page","type-page","status-publish","hentry"],"yoast_head":"<!-- This site is optimized with the Yoast SEO plugin v27.4 - https:\/\/yoast.com\/product\/yoast-seo-wordpress\/ -->\n<title>References - PCB Forsegling, Radonsikring og Asbest Forsegling | TWO Teknik<\/title>\n<meta name=\"robots\" content=\"index, follow, max-snippet:-1, max-image-preview:large, max-video-preview:-1\" \/>\n<link rel=\"canonical\" href=\"https:\/\/twoteknik.dk\/en\/references\/\" \/>\n<meta property=\"og:locale\" content=\"en_US\" \/>\n<meta property=\"og:type\" content=\"article\" \/>\n<meta property=\"og:title\" content=\"References - PCB Forsegling, Radonsikring og Asbest Forsegling | TWO Teknik\" \/>\n<meta property=\"og:description\" content=\"Our References 02jan BETTY 2 &#8211; Frederiksberg Den store opgave med forsegling af mange tusinde meter PCB-holdig beton i etagebygningen &#8220;BETTY 2&#8221;&hellip; Read more 02jan Zoologisk Museum K\u00f8benhavn TWO Teknik har instrueret personale samt og leveret SPS Prim\u00e6r til renoveringen af Zoologisk Museum&hellip; Read more 24maj N\u00e6sh\u00f8jskolen Aarhus Kommune TWO Teknik har leveret SPS Prim\u00e6r, [&hellip;]\" \/>\n<meta property=\"og:url\" content=\"https:\/\/twoteknik.dk\/en\/references\/\" \/>\n<meta property=\"og:site_name\" content=\"PCB Forsegling, Radonsikring og Asbest Forsegling | TWO Teknik\" \/>\n<meta property=\"article:publisher\" content=\"https:\/\/www.facebook.com\/TWOTeknikApS\" \/>\n<meta property=\"article:modified_time\" content=\"2023-04-27T05:51:08+00:00\" \/>\n<meta property=\"og:image\" content=\"https:\/\/twoteknik.dk\/wp-content\/uploads\/2023\/02\/Betty-2-s.jpg\" \/>\n<meta name=\"twitter:card\" content=\"summary_large_image\" \/>\n<meta name=\"twitter:label1\" content=\"Est. reading time\" \/>\n\t<meta name=\"twitter:data1\" content=\"6 minutes\" \/>\n<script type=\"application\/ld+json\" class=\"yoast-schema-graph\">{\"@context\":\"https:\\\/\\\/schema.org\",\"@graph\":[{\"@type\":\"WebPage\",\"@id\":\"https:\\\/\\\/twoteknik.dk\\\/en\\\/references\\\/\",\"url\":\"https:\\\/\\\/twoteknik.dk\\\/en\\\/references\\\/\",\"name\":\"References - PCB Forsegling, Radonsikring og Asbest Forsegling | TWO Teknik\",\"isPartOf\":{\"@id\":\"https:\\\/\\\/twoteknik.dk\\\/en\\\/#website\"},\"primaryImageOfPage\":{\"@id\":\"https:\\\/\\\/twoteknik.dk\\\/en\\\/references\\\/#primaryimage\"},\"image\":{\"@id\":\"https:\\\/\\\/twoteknik.dk\\\/en\\\/references\\\/#primaryimage\"},\"thumbnailUrl\":\"https:\\\/\\\/twoteknik.dk\\\/wp-content\\\/uploads\\\/2023\\\/02\\\/Betty-2-s.jpg\",\"datePublished\":\"2023-02-12T07:16:10+00:00\",\"dateModified\":\"2023-04-27T05:51:08+00:00\",\"breadcrumb\":{\"@id\":\"https:\\\/\\\/twoteknik.dk\\\/en\\\/references\\\/#breadcrumb\"},\"inLanguage\":\"en-US\",\"potentialAction\":[{\"@type\":\"ReadAction\",\"target\":[\"https:\\\/\\\/twoteknik.dk\\\/en\\\/references\\\/\"]}]},{\"@type\":\"ImageObject\",\"inLanguage\":\"en-US\",\"@id\":\"https:\\\/\\\/twoteknik.dk\\\/en\\\/references\\\/#primaryimage\",\"url\":\"https:\\\/\\\/twoteknik.dk\\\/wp-content\\\/uploads\\\/2023\\\/02\\\/Betty-2-s.jpg\",\"contentUrl\":\"https:\\\/\\\/twoteknik.dk\\\/wp-content\\\/uploads\\\/2023\\\/02\\\/Betty-2-s.jpg\"},{\"@type\":\"BreadcrumbList\",\"@id\":\"https:\\\/\\\/twoteknik.dk\\\/en\\\/references\\\/#breadcrumb\",\"itemListElement\":[{\"@type\":\"ListItem\",\"position\":1,\"name\":\"Hjem\",\"item\":\"https:\\\/\\\/twoteknik.dk\\\/en\\\/\"},{\"@type\":\"ListItem\",\"position\":2,\"name\":\"References\"}]},{\"@type\":\"WebSite\",\"@id\":\"https:\\\/\\\/twoteknik.dk\\\/en\\\/#website\",\"url\":\"https:\\\/\\\/twoteknik.dk\\\/en\\\/\",\"name\":\"PCB Forsegling, Radonsikring og Asbest Forsegling | TWO Teknik\",\"description\":\"Forsegling af PCB - Radon, Asbest &amp; BTEX. Find PCB forsegling m.m. der virker, her how TWOTeknik.dk\",\"publisher\":{\"@id\":\"https:\\\/\\\/twoteknik.dk\\\/en\\\/#organization\"},\"potentialAction\":[{\"@type\":\"SearchAction\",\"target\":{\"@type\":\"EntryPoint\",\"urlTemplate\":\"https:\\\/\\\/twoteknik.dk\\\/en\\\/?s={search_term_string}\"},\"query-input\":{\"@type\":\"PropertyValueSpecification\",\"valueRequired\":true,\"valueName\":\"search_term_string\"}}],\"inLanguage\":\"en-US\"},{\"@type\":\"Organization\",\"@id\":\"https:\\\/\\\/twoteknik.dk\\\/en\\\/#organization\",\"name\":\"PCB Forsegling, Radonsikring og Asbest Forsegling | TWO Teknik\",\"url\":\"https:\\\/\\\/twoteknik.dk\\\/en\\\/\",\"logo\":{\"@type\":\"ImageObject\",\"inLanguage\":\"en-US\",\"@id\":\"https:\\\/\\\/twoteknik.dk\\\/en\\\/#\\\/schema\\\/logo\\\/image\\\/\",\"url\":\"https:\\\/\\\/twoteknik.dk\\\/wp-content\\\/uploads\\\/2023\\\/02\\\/logoNEW.png\",\"contentUrl\":\"https:\\\/\\\/twoteknik.dk\\\/wp-content\\\/uploads\\\/2023\\\/02\\\/logoNEW.png\",\"width\":1034,\"height\":300,\"caption\":\"PCB Forsegling, Radonsikring og Asbest Forsegling | TWO Teknik\"},\"image\":{\"@id\":\"https:\\\/\\\/twoteknik.dk\\\/en\\\/#\\\/schema\\\/logo\\\/image\\\/\"},\"sameAs\":[\"https:\\\/\\\/www.facebook.com\\\/TWOTeknikApS\",\"https:\\\/\\\/www.linkedin.com\\\/company\\\/two-teknik-aps-din-samarbejdspartner-til-pcb-forsegling\\\/\"]}]}<\/script>\n<!-- \/ Yoast SEO plugin. -->","yoast_head_json":{"title":"References - PCB Forsegling, Radonsikring og Asbest Forsegling | TWO Teknik","robots":{"index":"index","follow":"follow","max-snippet":"max-snippet:-1","max-image-preview":"max-image-preview:large","max-video-preview":"max-video-preview:-1"},"canonical":"https:\/\/twoteknik.dk\/en\/references\/","og_locale":"en_US","og_type":"article","og_title":"References - PCB Forsegling, Radonsikring og Asbest Forsegling | TWO Teknik","og_description":"Our References 02jan BETTY 2 &#8211; Frederiksberg Den store opgave med forsegling af mange tusinde meter PCB-holdig beton i etagebygningen &#8220;BETTY 2&#8221;&hellip; Read more 02jan Zoologisk Museum K\u00f8benhavn TWO Teknik har instrueret personale samt og leveret SPS Prim\u00e6r til renoveringen af Zoologisk Museum&hellip; Read more 24maj N\u00e6sh\u00f8jskolen Aarhus Kommune TWO Teknik har leveret SPS Prim\u00e6r, [&hellip;]","og_url":"https:\/\/twoteknik.dk\/en\/references\/","og_site_name":"PCB Forsegling, Radonsikring og Asbest Forsegling | TWO Teknik","article_publisher":"https:\/\/www.facebook.com\/TWOTeknikApS","article_modified_time":"2023-04-27T05:51:08+00:00","og_image":[{"url":"https:\/\/twoteknik.dk\/wp-content\/uploads\/2023\/02\/Betty-2-s.jpg","type":"","width":"","height":""}],"twitter_card":"summary_large_image","twitter_misc":{"Est. reading time":"6 minutes"},"schema":{"@context":"https:\/\/schema.org","@graph":[{"@type":"WebPage","@id":"https:\/\/twoteknik.dk\/en\/references\/","url":"https:\/\/twoteknik.dk\/en\/references\/","name":"References - PCB Forsegling, Radonsikring og Asbest Forsegling | TWO Teknik","isPartOf":{"@id":"https:\/\/twoteknik.dk\/en\/#website"},"primaryImageOfPage":{"@id":"https:\/\/twoteknik.dk\/en\/references\/#primaryimage"},"image":{"@id":"https:\/\/twoteknik.dk\/en\/references\/#primaryimage"},"thumbnailUrl":"https:\/\/twoteknik.dk\/wp-content\/uploads\/2023\/02\/Betty-2-s.jpg","datePublished":"2023-02-12T07:16:10+00:00","dateModified":"2023-04-27T05:51:08+00:00","breadcrumb":{"@id":"https:\/\/twoteknik.dk\/en\/references\/#breadcrumb"},"inLanguage":"en-US","potentialAction":[{"@type":"ReadAction","target":["https:\/\/twoteknik.dk\/en\/references\/"]}]},{"@type":"ImageObject","inLanguage":"en-US","@id":"https:\/\/twoteknik.dk\/en\/references\/#primaryimage","url":"https:\/\/twoteknik.dk\/wp-content\/uploads\/2023\/02\/Betty-2-s.jpg","contentUrl":"https:\/\/twoteknik.dk\/wp-content\/uploads\/2023\/02\/Betty-2-s.jpg"},{"@type":"BreadcrumbList","@id":"https:\/\/twoteknik.dk\/en\/references\/#breadcrumb","itemListElement":[{"@type":"ListItem","position":1,"name":"Hjem","item":"https:\/\/twoteknik.dk\/en\/"},{"@type":"ListItem","position":2,"name":"References"}]},{"@type":"WebSite","@id":"https:\/\/twoteknik.dk\/en\/#website","url":"https:\/\/twoteknik.dk\/en\/","name":"PCB Forsegling, Radonsikring og Asbest Forsegling | TWO Teknik","description":"Forsegling af PCB - Radon, Asbest &amp; BTEX. Find PCB forsegling m.m. der virker, her how TWOTeknik.dk","publisher":{"@id":"https:\/\/twoteknik.dk\/en\/#organization"},"potentialAction":[{"@type":"SearchAction","target":{"@type":"EntryPoint","urlTemplate":"https:\/\/twoteknik.dk\/en\/?s={search_term_string}"},"query-input":{"@type":"PropertyValueSpecification","valueRequired":true,"valueName":"search_term_string"}}],"inLanguage":"en-US"},{"@type":"Organization","@id":"https:\/\/twoteknik.dk\/en\/#organization","name":"PCB Forsegling, Radonsikring og Asbest Forsegling | TWO Teknik","url":"https:\/\/twoteknik.dk\/en\/","logo":{"@type":"ImageObject","inLanguage":"en-US","@id":"https:\/\/twoteknik.dk\/en\/#\/schema\/logo\/image\/","url":"https:\/\/twoteknik.dk\/wp-content\/uploads\/2023\/02\/logoNEW.png","contentUrl":"https:\/\/twoteknik.dk\/wp-content\/uploads\/2023\/02\/logoNEW.png","width":1034,"height":300,"caption":"PCB Forsegling, Radonsikring og Asbest Forsegling | TWO Teknik"},"image":{"@id":"https:\/\/twoteknik.dk\/en\/#\/schema\/logo\/image\/"},"sameAs":["https:\/\/www.facebook.com\/TWOTeknikApS","https:\/\/www.linkedin.com\/company\/two-teknik-aps-din-samarbejdspartner-til-pcb-forsegling\/"]}]}},"_links":{"self":[{"href":"https:\/\/twoteknik.dk\/en\/wp-json\/wp\/v2\/pages\/211285","targetHints":{"allow":["GET"]}}],"collection":[{"href":"https:\/\/twoteknik.dk\/en\/wp-json\/wp\/v2\/pages"}],"about":[{"href":"https:\/\/twoteknik.dk\/en\/wp-json\/wp\/v2\/types\/page"}],"author":[{"embeddable":true,"href":"https:\/\/twoteknik.dk\/en\/wp-json\/wp\/v2\/users\/1"}],"replies":[{"embeddable":true,"href":"https:\/\/twoteknik.dk\/en\/wp-json\/wp\/v2\/comments?post=211285"}],"version-history":[{"count":0,"href":"https:\/\/twoteknik.dk\/en\/wp-json\/wp\/v2\/pages\/211285\/revisions"}],"wp:attachment":[{"href":"https:\/\/twoteknik.dk\/en\/wp-json\/wp\/v2\/media?parent=211285"}],"curies":[{"name":"wp","href":"https:\/\/api.w.org\/{rel}","templated":true}]}}