{"id":212319,"date":"2023-07-20T17:18:19","date_gmt":"2023-07-20T15:18:19","guid":{"rendered":"https:\/\/twoteknik.dk\/vare\/whiteboard-farbe-fuer-2-quadratmeter\/"},"modified":"2023-07-20T17:18:19","modified_gmt":"2023-07-20T15:18:19","slug":"whiteboard-farbe-fuer-2-quadratmeter","status":"publish","type":"product","link":"https:\/\/twoteknik.dk\/de\/vare\/whiteboard-farbe-fuer-2-quadratmeter\/","title":{"rendered":"Whiteboard Farbe f\u00fcr 2 Quadratmeter."},"content":{"rendered":"<p>125 g Whiteboard-Farbe &#8211; Transparent\/farblos. <\/p>\n<p class=\"h4 panel-title\"><strong>Produktinformationen:<\/strong><\/p>\n<p>Whiteboard Farbe von TWO Technik ist die vielseitigste und st\u00e4rkste Whiteboard Farbe auf dem Markt. Die Whiteboard Farbe haftet auf nahezu allen Oberfl\u00e4chen und trocknet schnell. Gleichzeitig ist sie klimabest\u00e4ndig und nicht epoxybasiert. Unsere Whiteboard Farbe kann auf allen denkbaren Oberfl\u00e4chen verwendet werden; Ihrer Kreativit\u00e4t sind keine Grenzen gesetzt. Einzigartig ist, dass unsere Whiteboard Farbe auch auf Ziegelsteinen und anderen stark saugenden Oberfl\u00e4chen verwendet werden kann, was der Oberfl\u00e4che einen &#8222;New Yorker Look&#8220; verleiht \u2013 beachten Sie jedoch einen erh\u00f6hten Verbrauch bei der Anwendung. <\/p>\n<p>&nbsp;<\/p>\n<p>Erkunden Sie die M\u00f6glichkeiten in Ihren kreativen Arbeitsbereichen mit der Whiteboard Farbe von TWO Technik und steigern Sie Ihre Kreativit\u00e4t, Produktivit\u00e4t und Konzentration mit diesem innovativen Produkt.<\/p>\n<p>&nbsp;<\/p>\n<h2><strong>Technische Spezifikationen<\/strong><\/h2>\n<p>&nbsp;<\/p>\n<ul>\n<li>Silikatbasiertes 2-Komponenten-System<\/li>\n<li>Produktfarbe \u2013 Transparent<\/li>\n<li>Produktfinish \u2013 Hochglanz, best\u00e4ndig gegen Alkohol und alle g\u00e4ngigen Reinigungsmittel.<\/li>\n<li>Oberfl\u00e4chen \u2013 W\u00e4nde, Tische, M\u00f6bel usw.<\/li>\n<\/ul>\n<p>&nbsp;<\/p>\n<h2><strong>Das bekommst du:<\/strong><\/h2>\n<p>&nbsp;<\/p>\n<ul>\n<li>Whiteboard-Farbe \u2013 Grundierung + H\u00e4rter f\u00fcr 2 m\u00b2 Whiteboard auf einer gestrichenen Oberfl\u00e4che (1 m\u00b2 auf saugenden Untergr\u00fcnden wie z.B. Beton).<\/li>\n<li>Malerrolle f\u00fcr Auftragung<\/li>\n<li>Engangshandschuhe<\/li>\n<li>Anleitung zur Anwendung<\/li>\n<\/ul>\n<p>&nbsp;<\/p>\n<h2><strong>Das Auftragen von Whiteboard-Farbe <\/strong><\/h2>\n<p>&nbsp;<\/p>\n<p>Whiteboard-Farbe erfordert nicht, dass ein Profi das Produkt auftr\u00e4gt. Es kann leicht selbst gemacht werden, daher ist es genauso einfach wie das Aufh\u00e4ngen einer Whiteboard-Tafel oder das Auftragen von z.B. Tafelfarbe. Es ist sehr wichtig, dass die Wand glatt ist, bevor Sie mit dem Auftragen beginnen. Die glatte Oberfl\u00e4che gew\u00e4hrleistet das beste Endergebnis. Die Wand sollte grundiert oder gestrichen sein, bevor Sie die Whiteboard-Farbe auftragen. Nach dem Auftragen der Whiteboard-Farbe sollten Sie nur 2 Tage warten, bevor Sie die Whiteboard-Wand verwenden k\u00f6nnen. <\/p>\n<p>&nbsp;<\/p>\n<h2><strong>Warum die Whiteboard-Farbe Wei\u00df von TWO Technik verwenden?<\/strong><\/h2>\n<p>&nbsp;<\/p>\n<p>Whiteboard-Farbe ist ein Produkt, das leicht auf jede glatte Oberfl\u00e4che aufgetragen werden kann. Das Produkt funktioniert perfekt mit den meisten Whiteboard-Markern und erm\u00f6glicht gr\u00f6\u00dfere kreative Bereiche als normale Whiteboards. Mit Whiteboard-Farbe sind nur die Abmessungen Ihrer Oberfl\u00e4che begrenzt. Whiteboard-Farbe ist umweltfreundlich und klimabest\u00e4ndig.  <\/p>\n<p>&nbsp;<\/p>\n<p>&nbsp;<\/p>\n<p>&nbsp;<\/p>\n","protected":false},"excerpt":{"rendered":"<p>125 g Whiteboard-Farbe &#8211; Transparent\/farblos. Produktinformationen: Whiteboard Farbe von TWO Technik ist die vielseitigste und st\u00e4rkste Whiteboard Farbe auf dem Markt. Die Whiteboard Farbe haftet auf nahezu allen Oberfl\u00e4chen und trocknet schnell. Gleichzeitig ist sie klimabest\u00e4ndig und nicht epoxybasiert. Unsere Whiteboard Farbe kann auf allen denkbaren Oberfl\u00e4chen verwendet werden; Ihrer Kreativit\u00e4t sind keine Grenzen gesetzt. [&hellip;]<\/p>\n","protected":false},"featured_media":211636,"template":"","meta":{"site-sidebar-layout":"default","site-content-layout":"default","ast-site-content-layout":"default","site-content-style":"default","site-sidebar-style":"default","ast-global-header-display":"","ast-banner-title-visibility":"","ast-main-header-display":"","ast-hfb-above-header-display":"","ast-hfb-below-header-display":"","ast-hfb-mobile-header-display":"","site-post-title":"","ast-breadcrumbs-content":"","ast-featured-img":"","footer-sml-layout":"","ast-disable-related-posts":"","theme-transparent-header-meta":"default","adv-header-id-meta":"","stick-header-meta":"default","header-above-stick-meta":"","header-main-stick-meta":"","header-below-stick-meta":"","astra-migrate-meta-layouts":"default","ast-page-background-enabled":"default","ast-page-background-meta":{"desktop":{"background-color":"","background-image":"","background-repeat":"repeat","background-position":"center center","background-size":"auto","background-attachment":"scroll","background-type":"","background-media":"","overlay-type":"","overlay-color":"","overlay-opacity":"","overlay-gradient":""},"tablet":{"background-color":"","background-image":"","background-repeat":"repeat","background-position":"center center","background-size":"auto","background-attachment":"scroll","background-type":"","background-media":"","overlay-type":"","overlay-color":"","overlay-opacity":"","overlay-gradient":""},"mobile":{"background-color":"","background-image":"","background-repeat":"repeat","background-position":"center center","background-size":"auto","background-attachment":"scroll","background-type":"","background-media":"","overlay-type":"","overlay-color":"","overlay-opacity":"","overlay-gradient":""}},"ast-content-background-meta":{"desktop":{"background-color":"var(--ast-global-color-5)","background-image":"","background-repeat":"repeat","background-position":"center center","background-size":"auto","background-attachment":"scroll","background-type":"","background-media":"","overlay-type":"","overlay-color":"","overlay-opacity":"","overlay-gradient":""},"tablet":{"background-color":"var(--ast-global-color-5)","background-image":"","background-repeat":"repeat","background-position":"center center","background-size":"auto","background-attachment":"scroll","background-type":"","background-media":"","overlay-type":"","overlay-color":"","overlay-opacity":"","overlay-gradient":""},"mobile":{"background-color":"var(--ast-global-color-5)","background-image":"","background-repeat":"repeat","background-position":"center center","background-size":"auto","background-attachment":"scroll","background-type":"","background-media":"","overlay-type":"","overlay-color":"","overlay-opacity":"","overlay-gradient":""}}},"product_brand":[],"product_cat":[59],"product_tag":[],"class_list":{"0":"post-212319","1":"product","2":"type-product","3":"status-publish","4":"has-post-thumbnail","6":"product_cat-alle-produkte","7":"desktop-align-center","8":"tablet-align-left","9":"mobile-align-left","10":"ast-product-gallery-layout-horizontal-slider","11":"ast-product-tabs-layout-accordion","13":"first","14":"instock","15":"taxable","16":"shipping-taxable","17":"purchasable","18":"product-type-simple"},"yoast_head":"<!-- This site is optimized with the Yoast SEO plugin v27.4 - https:\/\/yoast.com\/product\/yoast-seo-wordpress\/ -->\n<title>Whiteboard Farbe f\u00fcr 2 Quadratmeter. - PCB Forsegling, Radonsikring og Asbest Forsegling | TWO Teknik<\/title>\n<meta name=\"description\" content=\"Whiteboard-Farbe f\u00fcr alle Arten von Oberfl\u00e4chen. Die Farbe ist transparent und erm\u00f6glicht es Ihnen, die Whiteboard-Farbe Ihrer Wahl zu erstellen. Die Trockenzeit betr\u00e4gt nur 24 Stunden.\" \/>\n<meta name=\"robots\" content=\"index, follow, max-snippet:-1, max-image-preview:large, max-video-preview:-1\" \/>\n<link rel=\"canonical\" href=\"https:\/\/twoteknik.dk\/de\/vare\/whiteboard-farbe-fuer-2-quadratmeter\/\" \/>\n<meta property=\"og:locale\" content=\"de_DE\" \/>\n<meta property=\"og:type\" content=\"article\" \/>\n<meta property=\"og:title\" content=\"Whiteboard Farbe f\u00fcr 2 Quadratmeter. - PCB Forsegling, Radonsikring og Asbest Forsegling | TWO Teknik\" \/>\n<meta property=\"og:description\" content=\"Whiteboard-Farbe f\u00fcr alle Arten von Oberfl\u00e4chen. Die Farbe ist transparent und erm\u00f6glicht es Ihnen, die Whiteboard-Farbe Ihrer Wahl zu erstellen. Die Trockenzeit betr\u00e4gt nur 24 Stunden.\" \/>\n<meta property=\"og:url\" content=\"https:\/\/twoteknik.dk\/de\/vare\/whiteboard-farbe-fuer-2-quadratmeter\/\" \/>\n<meta property=\"og:site_name\" content=\"PCB Forsegling, Radonsikring og Asbest Forsegling | TWO Teknik\" \/>\n<meta property=\"article:publisher\" content=\"https:\/\/www.facebook.com\/TWOTeknikApS\" \/>\n<meta property=\"og:image\" content=\"https:\/\/twoteknik.dk\/wp-content\/uploads\/2023\/07\/Produktlogo-whiteboardmaling.jpg\" \/>\n\t<meta property=\"og:image:width\" content=\"1600\" \/>\n\t<meta property=\"og:image:height\" content=\"1600\" \/>\n\t<meta property=\"og:image:type\" content=\"image\/jpeg\" \/>\n<meta name=\"twitter:card\" content=\"summary_large_image\" \/>\n<meta name=\"twitter:label1\" content=\"Gesch\u00e4tzte Lesezeit\" \/>\n\t<meta name=\"twitter:data1\" content=\"2\u00a0Minuten\" \/>\n<script type=\"application\/ld+json\" class=\"yoast-schema-graph\">{\"@context\":\"https:\\\/\\\/schema.org\",\"@graph\":[{\"@type\":\"WebPage\",\"@id\":\"https:\\\/\\\/twoteknik.dk\\\/de\\\/vare\\\/whiteboard-farbe-fuer-2-quadratmeter\\\/\",\"url\":\"https:\\\/\\\/twoteknik.dk\\\/de\\\/vare\\\/whiteboard-farbe-fuer-2-quadratmeter\\\/\",\"name\":\"Whiteboard Farbe f\u00fcr 2 Quadratmeter. - PCB Forsegling, Radonsikring og Asbest Forsegling | TWO Teknik\",\"isPartOf\":{\"@id\":\"https:\\\/\\\/twoteknik.dk\\\/de\\\/#website\"},\"primaryImageOfPage\":{\"@id\":\"https:\\\/\\\/twoteknik.dk\\\/de\\\/vare\\\/whiteboard-farbe-fuer-2-quadratmeter\\\/#primaryimage\"},\"image\":{\"@id\":\"https:\\\/\\\/twoteknik.dk\\\/de\\\/vare\\\/whiteboard-farbe-fuer-2-quadratmeter\\\/#primaryimage\"},\"thumbnailUrl\":\"https:\\\/\\\/twoteknik.dk\\\/wp-content\\\/uploads\\\/2023\\\/07\\\/Produktlogo-whiteboardmaling.jpg\",\"datePublished\":\"2023-07-20T15:18:19+00:00\",\"description\":\"Whiteboard-Farbe f\u00fcr alle Arten von Oberfl\u00e4chen. Die Farbe ist transparent und erm\u00f6glicht es Ihnen, die Whiteboard-Farbe Ihrer Wahl zu erstellen. Die Trockenzeit betr\u00e4gt nur 24 Stunden.\",\"breadcrumb\":{\"@id\":\"https:\\\/\\\/twoteknik.dk\\\/de\\\/vare\\\/whiteboard-farbe-fuer-2-quadratmeter\\\/#breadcrumb\"},\"inLanguage\":\"de\",\"potentialAction\":[{\"@type\":\"ReadAction\",\"target\":[\"https:\\\/\\\/twoteknik.dk\\\/de\\\/vare\\\/whiteboard-farbe-fuer-2-quadratmeter\\\/\"]}]},{\"@type\":\"ImageObject\",\"inLanguage\":\"de\",\"@id\":\"https:\\\/\\\/twoteknik.dk\\\/de\\\/vare\\\/whiteboard-farbe-fuer-2-quadratmeter\\\/#primaryimage\",\"url\":\"https:\\\/\\\/twoteknik.dk\\\/wp-content\\\/uploads\\\/2023\\\/07\\\/Produktlogo-whiteboardmaling.jpg\",\"contentUrl\":\"https:\\\/\\\/twoteknik.dk\\\/wp-content\\\/uploads\\\/2023\\\/07\\\/Produktlogo-whiteboardmaling.jpg\",\"width\":1600,\"height\":1600},{\"@type\":\"BreadcrumbList\",\"@id\":\"https:\\\/\\\/twoteknik.dk\\\/de\\\/vare\\\/whiteboard-farbe-fuer-2-quadratmeter\\\/#breadcrumb\",\"itemListElement\":[{\"@type\":\"ListItem\",\"position\":1,\"name\":\"Hjem\",\"item\":\"https:\\\/\\\/twoteknik.dk\\\/de\\\/\"},{\"@type\":\"ListItem\",\"position\":2,\"name\":\"Shop\",\"item\":\"https:\\\/\\\/twoteknik.dk\\\/de\\\/shop-2\\\/\"},{\"@type\":\"ListItem\",\"position\":3,\"name\":\"Whiteboard Farbe f\u00fcr 2 Quadratmeter.\"}]},{\"@type\":\"WebSite\",\"@id\":\"https:\\\/\\\/twoteknik.dk\\\/de\\\/#website\",\"url\":\"https:\\\/\\\/twoteknik.dk\\\/de\\\/\",\"name\":\"PCB Forsegling, Radonsikring og Asbest Forsegling | TWO Teknik\",\"description\":\"Forsegling af PCB - Radon, Asbest &amp; BTEX. Find PCB forsegling m.m. der virker, her how TWOTeknik.dk\",\"publisher\":{\"@id\":\"https:\\\/\\\/twoteknik.dk\\\/de\\\/#organization\"},\"potentialAction\":[{\"@type\":\"SearchAction\",\"target\":{\"@type\":\"EntryPoint\",\"urlTemplate\":\"https:\\\/\\\/twoteknik.dk\\\/de\\\/?s={search_term_string}\"},\"query-input\":{\"@type\":\"PropertyValueSpecification\",\"valueRequired\":true,\"valueName\":\"search_term_string\"}}],\"inLanguage\":\"de\"},{\"@type\":\"Organization\",\"@id\":\"https:\\\/\\\/twoteknik.dk\\\/de\\\/#organization\",\"name\":\"PCB Forsegling, Radonsikring og Asbest Forsegling | TWO Teknik\",\"url\":\"https:\\\/\\\/twoteknik.dk\\\/de\\\/\",\"logo\":{\"@type\":\"ImageObject\",\"inLanguage\":\"de\",\"@id\":\"https:\\\/\\\/twoteknik.dk\\\/de\\\/#\\\/schema\\\/logo\\\/image\\\/\",\"url\":\"https:\\\/\\\/twoteknik.dk\\\/wp-content\\\/uploads\\\/2023\\\/02\\\/logoNEW.png\",\"contentUrl\":\"https:\\\/\\\/twoteknik.dk\\\/wp-content\\\/uploads\\\/2023\\\/02\\\/logoNEW.png\",\"width\":1034,\"height\":300,\"caption\":\"PCB Forsegling, Radonsikring og Asbest Forsegling | TWO Teknik\"},\"image\":{\"@id\":\"https:\\\/\\\/twoteknik.dk\\\/de\\\/#\\\/schema\\\/logo\\\/image\\\/\"},\"sameAs\":[\"https:\\\/\\\/www.facebook.com\\\/TWOTeknikApS\",\"https:\\\/\\\/www.linkedin.com\\\/company\\\/two-teknik-aps-din-samarbejdspartner-til-pcb-forsegling\\\/\"]}]}<\/script>\n<!-- \/ Yoast SEO plugin. -->","yoast_head_json":{"title":"Whiteboard Farbe f\u00fcr 2 Quadratmeter. - PCB Forsegling, Radonsikring og Asbest Forsegling | TWO Teknik","description":"Whiteboard-Farbe f\u00fcr alle Arten von Oberfl\u00e4chen. Die Farbe ist transparent und erm\u00f6glicht es Ihnen, die Whiteboard-Farbe Ihrer Wahl zu erstellen. Die Trockenzeit betr\u00e4gt nur 24 Stunden.","robots":{"index":"index","follow":"follow","max-snippet":"max-snippet:-1","max-image-preview":"max-image-preview:large","max-video-preview":"max-video-preview:-1"},"canonical":"https:\/\/twoteknik.dk\/de\/vare\/whiteboard-farbe-fuer-2-quadratmeter\/","og_locale":"de_DE","og_type":"article","og_title":"Whiteboard Farbe f\u00fcr 2 Quadratmeter. - PCB Forsegling, Radonsikring og Asbest Forsegling | TWO Teknik","og_description":"Whiteboard-Farbe f\u00fcr alle Arten von Oberfl\u00e4chen. Die Farbe ist transparent und erm\u00f6glicht es Ihnen, die Whiteboard-Farbe Ihrer Wahl zu erstellen. Die Trockenzeit betr\u00e4gt nur 24 Stunden.","og_url":"https:\/\/twoteknik.dk\/de\/vare\/whiteboard-farbe-fuer-2-quadratmeter\/","og_site_name":"PCB Forsegling, Radonsikring og Asbest Forsegling | TWO Teknik","article_publisher":"https:\/\/www.facebook.com\/TWOTeknikApS","og_image":[{"width":1600,"height":1600,"url":"https:\/\/twoteknik.dk\/wp-content\/uploads\/2023\/07\/Produktlogo-whiteboardmaling.jpg","type":"image\/jpeg"}],"twitter_card":"summary_large_image","twitter_misc":{"Gesch\u00e4tzte Lesezeit":"2\u00a0Minuten"},"schema":{"@context":"https:\/\/schema.org","@graph":[{"@type":"WebPage","@id":"https:\/\/twoteknik.dk\/de\/vare\/whiteboard-farbe-fuer-2-quadratmeter\/","url":"https:\/\/twoteknik.dk\/de\/vare\/whiteboard-farbe-fuer-2-quadratmeter\/","name":"Whiteboard Farbe f\u00fcr 2 Quadratmeter. - PCB Forsegling, Radonsikring og Asbest Forsegling | TWO Teknik","isPartOf":{"@id":"https:\/\/twoteknik.dk\/de\/#website"},"primaryImageOfPage":{"@id":"https:\/\/twoteknik.dk\/de\/vare\/whiteboard-farbe-fuer-2-quadratmeter\/#primaryimage"},"image":{"@id":"https:\/\/twoteknik.dk\/de\/vare\/whiteboard-farbe-fuer-2-quadratmeter\/#primaryimage"},"thumbnailUrl":"https:\/\/twoteknik.dk\/wp-content\/uploads\/2023\/07\/Produktlogo-whiteboardmaling.jpg","datePublished":"2023-07-20T15:18:19+00:00","description":"Whiteboard-Farbe f\u00fcr alle Arten von Oberfl\u00e4chen. Die Farbe ist transparent und erm\u00f6glicht es Ihnen, die Whiteboard-Farbe Ihrer Wahl zu erstellen. Die Trockenzeit betr\u00e4gt nur 24 Stunden.","breadcrumb":{"@id":"https:\/\/twoteknik.dk\/de\/vare\/whiteboard-farbe-fuer-2-quadratmeter\/#breadcrumb"},"inLanguage":"de","potentialAction":[{"@type":"ReadAction","target":["https:\/\/twoteknik.dk\/de\/vare\/whiteboard-farbe-fuer-2-quadratmeter\/"]}]},{"@type":"ImageObject","inLanguage":"de","@id":"https:\/\/twoteknik.dk\/de\/vare\/whiteboard-farbe-fuer-2-quadratmeter\/#primaryimage","url":"https:\/\/twoteknik.dk\/wp-content\/uploads\/2023\/07\/Produktlogo-whiteboardmaling.jpg","contentUrl":"https:\/\/twoteknik.dk\/wp-content\/uploads\/2023\/07\/Produktlogo-whiteboardmaling.jpg","width":1600,"height":1600},{"@type":"BreadcrumbList","@id":"https:\/\/twoteknik.dk\/de\/vare\/whiteboard-farbe-fuer-2-quadratmeter\/#breadcrumb","itemListElement":[{"@type":"ListItem","position":1,"name":"Hjem","item":"https:\/\/twoteknik.dk\/de\/"},{"@type":"ListItem","position":2,"name":"Shop","item":"https:\/\/twoteknik.dk\/de\/shop-2\/"},{"@type":"ListItem","position":3,"name":"Whiteboard Farbe f\u00fcr 2 Quadratmeter."}]},{"@type":"WebSite","@id":"https:\/\/twoteknik.dk\/de\/#website","url":"https:\/\/twoteknik.dk\/de\/","name":"PCB Forsegling, Radonsikring og Asbest Forsegling | TWO Teknik","description":"Forsegling af PCB - Radon, Asbest &amp; BTEX. Find PCB forsegling m.m. der virker, her how TWOTeknik.dk","publisher":{"@id":"https:\/\/twoteknik.dk\/de\/#organization"},"potentialAction":[{"@type":"SearchAction","target":{"@type":"EntryPoint","urlTemplate":"https:\/\/twoteknik.dk\/de\/?s={search_term_string}"},"query-input":{"@type":"PropertyValueSpecification","valueRequired":true,"valueName":"search_term_string"}}],"inLanguage":"de"},{"@type":"Organization","@id":"https:\/\/twoteknik.dk\/de\/#organization","name":"PCB Forsegling, Radonsikring og Asbest Forsegling | TWO Teknik","url":"https:\/\/twoteknik.dk\/de\/","logo":{"@type":"ImageObject","inLanguage":"de","@id":"https:\/\/twoteknik.dk\/de\/#\/schema\/logo\/image\/","url":"https:\/\/twoteknik.dk\/wp-content\/uploads\/2023\/02\/logoNEW.png","contentUrl":"https:\/\/twoteknik.dk\/wp-content\/uploads\/2023\/02\/logoNEW.png","width":1034,"height":300,"caption":"PCB Forsegling, Radonsikring og Asbest Forsegling | TWO Teknik"},"image":{"@id":"https:\/\/twoteknik.dk\/de\/#\/schema\/logo\/image\/"},"sameAs":["https:\/\/www.facebook.com\/TWOTeknikApS","https:\/\/www.linkedin.com\/company\/two-teknik-aps-din-samarbejdspartner-til-pcb-forsegling\/"]}]}},"_links":{"self":[{"href":"https:\/\/twoteknik.dk\/de\/wp-json\/wp\/v2\/product\/212319","targetHints":{"allow":["GET"]}}],"collection":[{"href":"https:\/\/twoteknik.dk\/de\/wp-json\/wp\/v2\/product"}],"about":[{"href":"https:\/\/twoteknik.dk\/de\/wp-json\/wp\/v2\/types\/product"}],"wp:featuredmedia":[{"embeddable":true,"href":"https:\/\/twoteknik.dk\/de\/wp-json\/wp\/v2\/media\/211636"}],"wp:attachment":[{"href":"https:\/\/twoteknik.dk\/de\/wp-json\/wp\/v2\/media?parent=212319"}],"wp:term":[{"taxonomy":"product_brand","embeddable":true,"href":"https:\/\/twoteknik.dk\/de\/wp-json\/wp\/v2\/product_brand?post=212319"},{"taxonomy":"product_cat","embeddable":true,"href":"https:\/\/twoteknik.dk\/de\/wp-json\/wp\/v2\/product_cat?post=212319"},{"taxonomy":"product_tag","embeddable":true,"href":"https:\/\/twoteknik.dk\/de\/wp-json\/wp\/v2\/product_tag?post=212319"}],"curies":[{"name":"wp","href":"https:\/\/api.w.org\/{rel}","templated":true}]}}