{"id":212316,"date":"2023-04-11T09:07:54","date_gmt":"2023-04-11T07:07:54","guid":{"rendered":"https:\/\/twoteknik.dk\/vare\/sps-faserdichtungen\/"},"modified":"2025-02-16T11:41:55","modified_gmt":"2025-02-16T09:41:55","slug":"sps-faserdichtungen","status":"publish","type":"product","link":"https:\/\/twoteknik.dk\/de\/vare\/sps-faserdichtungen\/","title":{"rendered":"SPS FASERDICHTUNGEN"},"content":{"rendered":"<p>SPS Fibre Sealer ist eine wichtige Innovation im Kampf gegen Asbest.<\/p>\n<p>SPS Fibre Sealer ist ein Produkt auf Wasserbasis, das Asbestfasern auf Oberfl\u00e4chen aller Art dauerhaft versiegelt. Die Versiegelung ist dauerhaft (kann mechanischer Abnutzung nicht standhalten) und ist au\u00dferdem sehr durchl\u00e4ssig. Die Asbestversiegelung kann anschlie\u00dfend mit einer UV-Lampe qualit\u00e4tsgesichert werden, da die Versiegelung UV-Material enth\u00e4lt.<\/p>\n<p>FORCE TECHNOLOGY hat die Wirkung von SPS Fibre Sealer f\u00fcr Asbest auf verschiedenen Oberfl\u00e4chen dokumentiert. Alle Tests finden Sie auf der Produktseite <a href=\"https:\/\/twoteknik.dk\/asbest-forsegling\/\">hier<\/a><\/p>\n<p>SPS Faserversiegelung f\u00fcr Asbest wird mit einem Hand-\/Blattspr\u00fchger\u00e4t in einer gleichm\u00e4\u00dfigen sichtbaren Schicht aufgetragen. Die Anwendung kann nach 30-60 Minuten wiederholt werden, wenn zus\u00e4tzliche Schichten gew\u00fcnscht werden.<\/p>\n<p>&nbsp;<\/p>\n<p>FAKTEN:<\/p>\n<p>Verpackung: 5 Ltr. konzentriert.<\/p>\n<p>Farbe: Wei\u00df, h\u00e4rtet transparent aus.<\/p>\n<p>Aush\u00e4rtungszeit: 1-3 Stunden<\/p>\n<p>Verd\u00fcnnen Sie mit Wasser in einem Verh\u00e4ltnis von 1:3 \/ 1:5 je nach Oberfl\u00e4che \/ Saugf\u00e4higkeit<\/p>\n<p>Ergiebigkeit: 8-10m2 pro verd\u00fcnntem Liter.<\/p>\n<p>Das Produkt enth\u00e4lt weder Epoxid noch Isocyanate und erfordert KEINE Epoxidharzschicht.<\/p>\n<p>MAL-Code: 0-1<\/p>\n","protected":false},"excerpt":{"rendered":"<p>Dauerhafte Versiegelung f\u00fcr Asbestfasern, auf Wasserbasis und durchl\u00e4ssig.<\/p>\n","protected":false},"featured_media":211912,"template":"","meta":{"site-sidebar-layout":"default","site-content-layout":"default","ast-site-content-layout":"default","site-content-style":"default","site-sidebar-style":"default","ast-global-header-display":"","ast-banner-title-visibility":"","ast-main-header-display":"","ast-hfb-above-header-display":"","ast-hfb-below-header-display":"","ast-hfb-mobile-header-display":"","site-post-title":"","ast-breadcrumbs-content":"","ast-featured-img":"","footer-sml-layout":"","ast-disable-related-posts":"","theme-transparent-header-meta":"default","adv-header-id-meta":"","stick-header-meta":"default","header-above-stick-meta":"","header-main-stick-meta":"","header-below-stick-meta":"","astra-migrate-meta-layouts":"set","ast-page-background-enabled":"default","ast-page-background-meta":{"desktop":{"background-color":"","background-image":"","background-repeat":"repeat","background-position":"center center","background-size":"auto","background-attachment":"scroll","background-type":"","background-media":"","overlay-type":"","overlay-color":"","overlay-opacity":"","overlay-gradient":""},"tablet":{"background-color":"","background-image":"","background-repeat":"repeat","background-position":"center center","background-size":"auto","background-attachment":"scroll","background-type":"","background-media":"","overlay-type":"","overlay-color":"","overlay-opacity":"","overlay-gradient":""},"mobile":{"background-color":"","background-image":"","background-repeat":"repeat","background-position":"center center","background-size":"auto","background-attachment":"scroll","background-type":"","background-media":"","overlay-type":"","overlay-color":"","overlay-opacity":"","overlay-gradient":""}},"ast-content-background-meta":{"desktop":{"background-color":"var(--ast-global-color-5)","background-image":"","background-repeat":"repeat","background-position":"center center","background-size":"auto","background-attachment":"scroll","background-type":"","background-media":"","overlay-type":"","overlay-color":"","overlay-opacity":"","overlay-gradient":""},"tablet":{"background-color":"var(--ast-global-color-5)","background-image":"","background-repeat":"repeat","background-position":"center center","background-size":"auto","background-attachment":"scroll","background-type":"","background-media":"","overlay-type":"","overlay-color":"","overlay-opacity":"","overlay-gradient":""},"mobile":{"background-color":"var(--ast-global-color-5)","background-image":"","background-repeat":"repeat","background-position":"center center","background-size":"auto","background-attachment":"scroll","background-type":"","background-media":"","overlay-type":"","overlay-color":"","overlay-opacity":"","overlay-gradient":""}}},"product_brand":[],"product_cat":[59,61],"product_tag":[73,81,83],"class_list":{"0":"post-212316","1":"product","2":"type-product","3":"status-publish","4":"has-post-thumbnail","6":"product_cat-alle-produkte","7":"product_cat-asbest-de","8":"product_tag-feuchtigkeitsbarriere","9":"product_tag-radon-de","10":"product_tag-radonschutz","11":"desktop-align-center","12":"tablet-align-left","13":"mobile-align-left","14":"ast-product-gallery-layout-horizontal-slider","15":"ast-product-tabs-layout-accordion","17":"first","18":"instock","19":"taxable","20":"shipping-taxable","21":"purchasable","22":"product-type-simple"},"yoast_head":"<!-- This site is optimized with the Yoast SEO plugin v27.4 - https:\/\/yoast.com\/product\/yoast-seo-wordpress\/ -->\n<title>SPS FASERDICHTUNGEN - PCB Forsegling, Radonsikring og Asbest Forsegling | TWO Teknik<\/title>\n<meta name=\"description\" content=\"Dauerhafte Versiegelung f\u00fcr Asbestfasern. Klebt Asbest wirksam auf allen Oberfl\u00e4chen, auf Wasserbasis und dampfdurchl\u00e4ssig. Einfach mit der Hand- oder Unkrautspritze auszubringen. Code der Vorlage: 0-1\" \/>\n<meta name=\"robots\" content=\"index, follow, max-snippet:-1, max-image-preview:large, max-video-preview:-1\" \/>\n<link rel=\"canonical\" href=\"https:\/\/twoteknik.dk\/de\/vare\/sps-faserdichtungen\/\" \/>\n<meta property=\"og:locale\" content=\"de_DE\" \/>\n<meta property=\"og:type\" content=\"article\" \/>\n<meta property=\"og:title\" content=\"SPS FASERDICHTUNGEN - PCB Forsegling, Radonsikring og Asbest Forsegling | TWO Teknik\" \/>\n<meta property=\"og:description\" content=\"Dauerhafte Versiegelung f\u00fcr Asbestfasern. Klebt Asbest wirksam auf allen Oberfl\u00e4chen, auf Wasserbasis und dampfdurchl\u00e4ssig. Einfach mit der Hand- oder Unkrautspritze auszubringen. Code der Vorlage: 0-1\" \/>\n<meta property=\"og:url\" content=\"https:\/\/twoteknik.dk\/de\/vare\/sps-faserdichtungen\/\" \/>\n<meta property=\"og:site_name\" content=\"PCB Forsegling, Radonsikring og Asbest Forsegling | TWO Teknik\" \/>\n<meta property=\"article:publisher\" content=\"https:\/\/www.facebook.com\/TWOTeknikApS\" \/>\n<meta property=\"article:modified_time\" content=\"2025-02-16T09:41:55+00:00\" \/>\n<meta property=\"og:image\" content=\"https:\/\/twoteknik.dk\/wp-content\/uploads\/2023\/04\/SPS-fiberforsegler.jpeg\" \/>\n\t<meta property=\"og:image:width\" content=\"225\" \/>\n\t<meta property=\"og:image:height\" content=\"225\" \/>\n\t<meta property=\"og:image:type\" content=\"image\/jpeg\" \/>\n<meta name=\"twitter:card\" content=\"summary_large_image\" \/>\n<meta name=\"twitter:label1\" content=\"Gesch\u00e4tzte Lesezeit\" \/>\n\t<meta name=\"twitter:data1\" content=\"2\u00a0Minuten\" \/>\n<script type=\"application\/ld+json\" class=\"yoast-schema-graph\">{\"@context\":\"https:\\\/\\\/schema.org\",\"@graph\":[{\"@type\":\"WebPage\",\"@id\":\"https:\\\/\\\/twoteknik.dk\\\/de\\\/vare\\\/sps-faserdichtungen\\\/\",\"url\":\"https:\\\/\\\/twoteknik.dk\\\/de\\\/vare\\\/sps-faserdichtungen\\\/\",\"name\":\"SPS FASERDICHTUNGEN - PCB Forsegling, Radonsikring og Asbest Forsegling | TWO Teknik\",\"isPartOf\":{\"@id\":\"https:\\\/\\\/twoteknik.dk\\\/de\\\/#website\"},\"primaryImageOfPage\":{\"@id\":\"https:\\\/\\\/twoteknik.dk\\\/de\\\/vare\\\/sps-faserdichtungen\\\/#primaryimage\"},\"image\":{\"@id\":\"https:\\\/\\\/twoteknik.dk\\\/de\\\/vare\\\/sps-faserdichtungen\\\/#primaryimage\"},\"thumbnailUrl\":\"https:\\\/\\\/twoteknik.dk\\\/wp-content\\\/uploads\\\/2024\\\/03\\\/PhotoRoom-20240107_211315.png\",\"datePublished\":\"2023-04-11T07:07:54+00:00\",\"dateModified\":\"2025-02-16T09:41:55+00:00\",\"description\":\"Dauerhafte Versiegelung f\u00fcr Asbestfasern. Klebt Asbest wirksam auf allen Oberfl\u00e4chen, auf Wasserbasis und dampfdurchl\u00e4ssig. Einfach mit der Hand- oder Unkrautspritze auszubringen. Code der Vorlage: 0-1\",\"breadcrumb\":{\"@id\":\"https:\\\/\\\/twoteknik.dk\\\/de\\\/vare\\\/sps-faserdichtungen\\\/#breadcrumb\"},\"inLanguage\":\"de\",\"potentialAction\":[{\"@type\":\"ReadAction\",\"target\":[\"https:\\\/\\\/twoteknik.dk\\\/de\\\/vare\\\/sps-faserdichtungen\\\/\"]}]},{\"@type\":\"ImageObject\",\"inLanguage\":\"de\",\"@id\":\"https:\\\/\\\/twoteknik.dk\\\/de\\\/vare\\\/sps-faserdichtungen\\\/#primaryimage\",\"url\":\"https:\\\/\\\/twoteknik.dk\\\/wp-content\\\/uploads\\\/2024\\\/03\\\/PhotoRoom-20240107_211315.png\",\"contentUrl\":\"https:\\\/\\\/twoteknik.dk\\\/wp-content\\\/uploads\\\/2024\\\/03\\\/PhotoRoom-20240107_211315.png\",\"width\":1504,\"height\":2000},{\"@type\":\"BreadcrumbList\",\"@id\":\"https:\\\/\\\/twoteknik.dk\\\/de\\\/vare\\\/sps-faserdichtungen\\\/#breadcrumb\",\"itemListElement\":[{\"@type\":\"ListItem\",\"position\":1,\"name\":\"Hjem\",\"item\":\"https:\\\/\\\/twoteknik.dk\\\/de\\\/\"},{\"@type\":\"ListItem\",\"position\":2,\"name\":\"Shop\",\"item\":\"https:\\\/\\\/twoteknik.dk\\\/de\\\/shop-2\\\/\"},{\"@type\":\"ListItem\",\"position\":3,\"name\":\"SPS FASERDICHTUNGEN\"}]},{\"@type\":\"WebSite\",\"@id\":\"https:\\\/\\\/twoteknik.dk\\\/de\\\/#website\",\"url\":\"https:\\\/\\\/twoteknik.dk\\\/de\\\/\",\"name\":\"PCB Forsegling, Radonsikring og Asbest Forsegling | TWO Teknik\",\"description\":\"Forsegling af PCB - Radon, Asbest &amp; BTEX. Find PCB forsegling m.m. der virker, her how TWOTeknik.dk\",\"publisher\":{\"@id\":\"https:\\\/\\\/twoteknik.dk\\\/de\\\/#organization\"},\"potentialAction\":[{\"@type\":\"SearchAction\",\"target\":{\"@type\":\"EntryPoint\",\"urlTemplate\":\"https:\\\/\\\/twoteknik.dk\\\/de\\\/?s={search_term_string}\"},\"query-input\":{\"@type\":\"PropertyValueSpecification\",\"valueRequired\":true,\"valueName\":\"search_term_string\"}}],\"inLanguage\":\"de\"},{\"@type\":\"Organization\",\"@id\":\"https:\\\/\\\/twoteknik.dk\\\/de\\\/#organization\",\"name\":\"PCB Forsegling, Radonsikring og Asbest Forsegling | TWO Teknik\",\"url\":\"https:\\\/\\\/twoteknik.dk\\\/de\\\/\",\"logo\":{\"@type\":\"ImageObject\",\"inLanguage\":\"de\",\"@id\":\"https:\\\/\\\/twoteknik.dk\\\/de\\\/#\\\/schema\\\/logo\\\/image\\\/\",\"url\":\"https:\\\/\\\/twoteknik.dk\\\/wp-content\\\/uploads\\\/2023\\\/02\\\/logoNEW.png\",\"contentUrl\":\"https:\\\/\\\/twoteknik.dk\\\/wp-content\\\/uploads\\\/2023\\\/02\\\/logoNEW.png\",\"width\":1034,\"height\":300,\"caption\":\"PCB Forsegling, Radonsikring og Asbest Forsegling | TWO Teknik\"},\"image\":{\"@id\":\"https:\\\/\\\/twoteknik.dk\\\/de\\\/#\\\/schema\\\/logo\\\/image\\\/\"},\"sameAs\":[\"https:\\\/\\\/www.facebook.com\\\/TWOTeknikApS\",\"https:\\\/\\\/www.linkedin.com\\\/company\\\/two-teknik-aps-din-samarbejdspartner-til-pcb-forsegling\\\/\"]}]}<\/script>\n<!-- \/ Yoast SEO plugin. -->","yoast_head_json":{"title":"SPS FASERDICHTUNGEN - PCB Forsegling, Radonsikring og Asbest Forsegling | TWO Teknik","description":"Dauerhafte Versiegelung f\u00fcr Asbestfasern. Klebt Asbest wirksam auf allen Oberfl\u00e4chen, auf Wasserbasis und dampfdurchl\u00e4ssig. Einfach mit der Hand- oder Unkrautspritze auszubringen. Code der Vorlage: 0-1","robots":{"index":"index","follow":"follow","max-snippet":"max-snippet:-1","max-image-preview":"max-image-preview:large","max-video-preview":"max-video-preview:-1"},"canonical":"https:\/\/twoteknik.dk\/de\/vare\/sps-faserdichtungen\/","og_locale":"de_DE","og_type":"article","og_title":"SPS FASERDICHTUNGEN - PCB Forsegling, Radonsikring og Asbest Forsegling | TWO Teknik","og_description":"Dauerhafte Versiegelung f\u00fcr Asbestfasern. Klebt Asbest wirksam auf allen Oberfl\u00e4chen, auf Wasserbasis und dampfdurchl\u00e4ssig. Einfach mit der Hand- oder Unkrautspritze auszubringen. Code der Vorlage: 0-1","og_url":"https:\/\/twoteknik.dk\/de\/vare\/sps-faserdichtungen\/","og_site_name":"PCB Forsegling, Radonsikring og Asbest Forsegling | TWO Teknik","article_publisher":"https:\/\/www.facebook.com\/TWOTeknikApS","article_modified_time":"2025-02-16T09:41:55+00:00","og_image":[{"width":225,"height":225,"url":"https:\/\/twoteknik.dk\/wp-content\/uploads\/2023\/04\/SPS-fiberforsegler.jpeg","type":"image\/jpeg"}],"twitter_card":"summary_large_image","twitter_misc":{"Gesch\u00e4tzte Lesezeit":"2\u00a0Minuten"},"schema":{"@context":"https:\/\/schema.org","@graph":[{"@type":"WebPage","@id":"https:\/\/twoteknik.dk\/de\/vare\/sps-faserdichtungen\/","url":"https:\/\/twoteknik.dk\/de\/vare\/sps-faserdichtungen\/","name":"SPS FASERDICHTUNGEN - PCB Forsegling, Radonsikring og Asbest Forsegling | TWO Teknik","isPartOf":{"@id":"https:\/\/twoteknik.dk\/de\/#website"},"primaryImageOfPage":{"@id":"https:\/\/twoteknik.dk\/de\/vare\/sps-faserdichtungen\/#primaryimage"},"image":{"@id":"https:\/\/twoteknik.dk\/de\/vare\/sps-faserdichtungen\/#primaryimage"},"thumbnailUrl":"https:\/\/twoteknik.dk\/wp-content\/uploads\/2024\/03\/PhotoRoom-20240107_211315.png","datePublished":"2023-04-11T07:07:54+00:00","dateModified":"2025-02-16T09:41:55+00:00","description":"Dauerhafte Versiegelung f\u00fcr Asbestfasern. Klebt Asbest wirksam auf allen Oberfl\u00e4chen, auf Wasserbasis und dampfdurchl\u00e4ssig. Einfach mit der Hand- oder Unkrautspritze auszubringen. Code der Vorlage: 0-1","breadcrumb":{"@id":"https:\/\/twoteknik.dk\/de\/vare\/sps-faserdichtungen\/#breadcrumb"},"inLanguage":"de","potentialAction":[{"@type":"ReadAction","target":["https:\/\/twoteknik.dk\/de\/vare\/sps-faserdichtungen\/"]}]},{"@type":"ImageObject","inLanguage":"de","@id":"https:\/\/twoteknik.dk\/de\/vare\/sps-faserdichtungen\/#primaryimage","url":"https:\/\/twoteknik.dk\/wp-content\/uploads\/2024\/03\/PhotoRoom-20240107_211315.png","contentUrl":"https:\/\/twoteknik.dk\/wp-content\/uploads\/2024\/03\/PhotoRoom-20240107_211315.png","width":1504,"height":2000},{"@type":"BreadcrumbList","@id":"https:\/\/twoteknik.dk\/de\/vare\/sps-faserdichtungen\/#breadcrumb","itemListElement":[{"@type":"ListItem","position":1,"name":"Hjem","item":"https:\/\/twoteknik.dk\/de\/"},{"@type":"ListItem","position":2,"name":"Shop","item":"https:\/\/twoteknik.dk\/de\/shop-2\/"},{"@type":"ListItem","position":3,"name":"SPS FASERDICHTUNGEN"}]},{"@type":"WebSite","@id":"https:\/\/twoteknik.dk\/de\/#website","url":"https:\/\/twoteknik.dk\/de\/","name":"PCB Forsegling, Radonsikring og Asbest Forsegling | TWO Teknik","description":"Forsegling af PCB - Radon, Asbest &amp; BTEX. Find PCB forsegling m.m. der virker, her how TWOTeknik.dk","publisher":{"@id":"https:\/\/twoteknik.dk\/de\/#organization"},"potentialAction":[{"@type":"SearchAction","target":{"@type":"EntryPoint","urlTemplate":"https:\/\/twoteknik.dk\/de\/?s={search_term_string}"},"query-input":{"@type":"PropertyValueSpecification","valueRequired":true,"valueName":"search_term_string"}}],"inLanguage":"de"},{"@type":"Organization","@id":"https:\/\/twoteknik.dk\/de\/#organization","name":"PCB Forsegling, Radonsikring og Asbest Forsegling | TWO Teknik","url":"https:\/\/twoteknik.dk\/de\/","logo":{"@type":"ImageObject","inLanguage":"de","@id":"https:\/\/twoteknik.dk\/de\/#\/schema\/logo\/image\/","url":"https:\/\/twoteknik.dk\/wp-content\/uploads\/2023\/02\/logoNEW.png","contentUrl":"https:\/\/twoteknik.dk\/wp-content\/uploads\/2023\/02\/logoNEW.png","width":1034,"height":300,"caption":"PCB Forsegling, Radonsikring og Asbest Forsegling | TWO Teknik"},"image":{"@id":"https:\/\/twoteknik.dk\/de\/#\/schema\/logo\/image\/"},"sameAs":["https:\/\/www.facebook.com\/TWOTeknikApS","https:\/\/www.linkedin.com\/company\/two-teknik-aps-din-samarbejdspartner-til-pcb-forsegling\/"]}]}},"_links":{"self":[{"href":"https:\/\/twoteknik.dk\/de\/wp-json\/wp\/v2\/product\/212316","targetHints":{"allow":["GET"]}}],"collection":[{"href":"https:\/\/twoteknik.dk\/de\/wp-json\/wp\/v2\/product"}],"about":[{"href":"https:\/\/twoteknik.dk\/de\/wp-json\/wp\/v2\/types\/product"}],"wp:featuredmedia":[{"embeddable":true,"href":"https:\/\/twoteknik.dk\/de\/wp-json\/wp\/v2\/media\/211912"}],"wp:attachment":[{"href":"https:\/\/twoteknik.dk\/de\/wp-json\/wp\/v2\/media?parent=212316"}],"wp:term":[{"taxonomy":"product_brand","embeddable":true,"href":"https:\/\/twoteknik.dk\/de\/wp-json\/wp\/v2\/product_brand?post=212316"},{"taxonomy":"product_cat","embeddable":true,"href":"https:\/\/twoteknik.dk\/de\/wp-json\/wp\/v2\/product_cat?post=212316"},{"taxonomy":"product_tag","embeddable":true,"href":"https:\/\/twoteknik.dk\/de\/wp-json\/wp\/v2\/product_tag?post=212316"}],"curies":[{"name":"wp","href":"https:\/\/api.w.org\/{rel}","templated":true}]}}