{"id":211511,"date":"2023-03-27T14:26:13","date_gmt":"2023-03-27T12:26:13","guid":{"rendered":"https:\/\/twoteknik.dk\/vare\/sps-radon-block-3kg-fuer-16m2-beton\/"},"modified":"2024-07-19T09:34:37","modified_gmt":"2024-07-19T07:34:37","slug":"sps-radon-block-3kg-til-16m2-beton","status":"publish","type":"product","link":"https:\/\/twoteknik.dk\/de\/vare\/sps-radon-block-3kg-til-16m2-beton\/","title":{"rendered":"SPS Radon Block 3kg (f\u00fcr 15m2 Beton)"},"content":{"rendered":"<p>Radonschutz mit dem SPS Radon Block 1x3kg Kit. Ausreichend f\u00fcr ca. 15m2 auf Beton (fein) und ca. 34m2 auf nicht saugf\u00e4higen Oberfl\u00e4chen. Mit Pinsel und Rolle auf saubere, trockene und staubfreie Oberfl\u00e4chen auftragen. Das Produkt muss bis mindestens 2 Runden im Abstand von 30-60 Minuten.<\/p>\n<p>Aush\u00e4rtungszeit: 24 Stunden<br \/>\nErgiebigkeit: 5-8 fertige m2 pro kg<\/p>\n<p>Das Produkt enth\u00e4lt weder Epoxid noch Isocyanate und erfordert KEINE Epoxidharzschicht.<\/p>\n<p>BITTE BEACHTEN SIE, DASS ALLE UNSERE PREISE OHNE MEHRWERTSTEUER SIND.<\/p>\n","protected":false},"excerpt":{"rendered":"<p>Fl\u00fcssige Zweikomponenten-Radonsicherung f\u00fcr mineralische Baumaterialien mit sehr guter Eindringf\u00e4higkeit.<\/p>\n","protected":false},"featured_media":210646,"template":"","meta":{"site-sidebar-layout":"default","site-content-layout":"default","ast-site-content-layout":"default","site-content-style":"default","site-sidebar-style":"default","ast-global-header-display":"","ast-banner-title-visibility":"","ast-main-header-display":"","ast-hfb-above-header-display":"","ast-hfb-below-header-display":"","ast-hfb-mobile-header-display":"","site-post-title":"","ast-breadcrumbs-content":"","ast-featured-img":"","footer-sml-layout":"","ast-disable-related-posts":"","theme-transparent-header-meta":"default","adv-header-id-meta":"","stick-header-meta":"default","header-above-stick-meta":"","header-main-stick-meta":"","header-below-stick-meta":"","astra-migrate-meta-layouts":"set","ast-page-background-enabled":"default","ast-page-background-meta":{"desktop":{"background-color":"","background-image":"","background-repeat":"repeat","background-position":"center center","background-size":"auto","background-attachment":"scroll","background-type":"","background-media":"","overlay-type":"","overlay-color":"","overlay-opacity":"","overlay-gradient":""},"tablet":{"background-color":"","background-image":"","background-repeat":"repeat","background-position":"center center","background-size":"auto","background-attachment":"scroll","background-type":"","background-media":"","overlay-type":"","overlay-color":"","overlay-opacity":"","overlay-gradient":""},"mobile":{"background-color":"","background-image":"","background-repeat":"repeat","background-position":"center center","background-size":"auto","background-attachment":"scroll","background-type":"","background-media":"","overlay-type":"","overlay-color":"","overlay-opacity":"","overlay-gradient":""}},"ast-content-background-meta":{"desktop":{"background-color":"var(--ast-global-color-5)","background-image":"","background-repeat":"repeat","background-position":"center center","background-size":"auto","background-attachment":"scroll","background-type":"","background-media":"","overlay-type":"","overlay-color":"","overlay-opacity":"","overlay-gradient":""},"tablet":{"background-color":"var(--ast-global-color-5)","background-image":"","background-repeat":"repeat","background-position":"center center","background-size":"auto","background-attachment":"scroll","background-type":"","background-media":"","overlay-type":"","overlay-color":"","overlay-opacity":"","overlay-gradient":""},"mobile":{"background-color":"var(--ast-global-color-5)","background-image":"","background-repeat":"repeat","background-position":"center center","background-size":"auto","background-attachment":"scroll","background-type":"","background-media":"","overlay-type":"","overlay-color":"","overlay-opacity":"","overlay-gradient":""}}},"product_brand":[],"product_cat":[59,69],"product_tag":[73,81,83],"class_list":{"0":"post-211511","1":"product","2":"type-product","3":"status-publish","4":"has-post-thumbnail","6":"product_cat-alle-produkte","7":"product_cat-radonschutz","8":"product_tag-feuchtigkeitsbarriere","9":"product_tag-radon-de","10":"product_tag-radonschutz","11":"desktop-align-center","12":"tablet-align-left","13":"mobile-align-left","14":"ast-product-gallery-layout-horizontal-slider","15":"ast-product-gallery-with-no-image","16":"ast-product-tabs-layout-accordion","18":"first","19":"instock","20":"taxable","21":"shipping-taxable","22":"purchasable","23":"product-type-simple"},"yoast_head":"<!-- This site is optimized with the Yoast SEO plugin v27.4 - https:\/\/yoast.com\/product\/yoast-seo-wordpress\/ -->\n<title>SPS Radon Block 3kg (f\u00fcr 15m2 Beton) - PCB Forsegling, Radonsikring og Asbest Forsegling | TWO Teknik<\/title>\n<meta name=\"description\" content=\"SPS Radonblock ist ein fl\u00fcssiger Radonschutz, der Radon aus dem Boden, dem Keller und den W\u00e4nden wirksam stoppt. Versiegelung ohne Verwendung von Epoxid oder L\u00f6sungsmitteln.\" \/>\n<meta name=\"robots\" content=\"index, follow, max-snippet:-1, max-image-preview:large, max-video-preview:-1\" \/>\n<link rel=\"canonical\" href=\"https:\/\/twoteknik.dk\/de\/vare\/sps-radon-block-3kg-til-16m2-beton\/\" \/>\n<meta property=\"og:locale\" content=\"de_DE\" \/>\n<meta property=\"og:type\" content=\"article\" \/>\n<meta property=\"og:title\" content=\"SPS Radon Block 3kg (f\u00fcr 15m2 Beton) - PCB Forsegling, Radonsikring og Asbest Forsegling | TWO Teknik\" \/>\n<meta property=\"og:description\" content=\"SPS Radonblock ist ein fl\u00fcssiger Radonschutz, der Radon aus dem Boden, dem Keller und den W\u00e4nden wirksam stoppt. Versiegelung ohne Verwendung von Epoxid oder L\u00f6sungsmitteln.\" \/>\n<meta property=\"og:url\" content=\"https:\/\/twoteknik.dk\/de\/vare\/sps-radon-block-3kg-til-16m2-beton\/\" \/>\n<meta property=\"og:site_name\" content=\"PCB Forsegling, Radonsikring og Asbest Forsegling | TWO Teknik\" \/>\n<meta property=\"article:publisher\" content=\"https:\/\/www.facebook.com\/TWOTeknikApS\" \/>\n<meta property=\"article:modified_time\" content=\"2024-07-19T07:34:37+00:00\" \/>\n<meta property=\"og:image\" content=\"https:\/\/twoteknik.dk\/wp-content\/uploads\/2023\/03\/SPS-Radon-block-orange-001.png\" \/>\n\t<meta property=\"og:image:width\" content=\"3508\" \/>\n\t<meta property=\"og:image:height\" content=\"2480\" \/>\n\t<meta property=\"og:image:type\" content=\"image\/png\" \/>\n<meta name=\"twitter:card\" content=\"summary_large_image\" \/>\n<meta name=\"twitter:label1\" content=\"Gesch\u00e4tzte Lesezeit\" \/>\n\t<meta name=\"twitter:data1\" content=\"1\u00a0Minute\" \/>\n<script type=\"application\/ld+json\" class=\"yoast-schema-graph\">{\"@context\":\"https:\\\/\\\/schema.org\",\"@graph\":[{\"@type\":\"WebPage\",\"@id\":\"https:\\\/\\\/twoteknik.dk\\\/de\\\/vare\\\/sps-radon-block-3kg-til-16m2-beton\\\/\",\"url\":\"https:\\\/\\\/twoteknik.dk\\\/de\\\/vare\\\/sps-radon-block-3kg-til-16m2-beton\\\/\",\"name\":\"SPS Radon Block 3kg (f\u00fcr 15m2 Beton) - PCB Forsegling, Radonsikring og Asbest Forsegling | TWO Teknik\",\"isPartOf\":{\"@id\":\"https:\\\/\\\/twoteknik.dk\\\/de\\\/#website\"},\"primaryImageOfPage\":{\"@id\":\"https:\\\/\\\/twoteknik.dk\\\/de\\\/vare\\\/sps-radon-block-3kg-til-16m2-beton\\\/#primaryimage\"},\"image\":{\"@id\":\"https:\\\/\\\/twoteknik.dk\\\/de\\\/vare\\\/sps-radon-block-3kg-til-16m2-beton\\\/#primaryimage\"},\"thumbnailUrl\":\"https:\\\/\\\/twoteknik.dk\\\/wp-content\\\/uploads\\\/2023\\\/03\\\/SPS-Radon-block-orange-001.png\",\"datePublished\":\"2023-03-27T12:26:13+00:00\",\"dateModified\":\"2024-07-19T07:34:37+00:00\",\"description\":\"SPS Radonblock ist ein fl\u00fcssiger Radonschutz, der Radon aus dem Boden, dem Keller und den W\u00e4nden wirksam stoppt. Versiegelung ohne Verwendung von Epoxid oder L\u00f6sungsmitteln.\",\"breadcrumb\":{\"@id\":\"https:\\\/\\\/twoteknik.dk\\\/de\\\/vare\\\/sps-radon-block-3kg-til-16m2-beton\\\/#breadcrumb\"},\"inLanguage\":\"de\",\"potentialAction\":[{\"@type\":\"ReadAction\",\"target\":[\"https:\\\/\\\/twoteknik.dk\\\/de\\\/vare\\\/sps-radon-block-3kg-til-16m2-beton\\\/\"]}]},{\"@type\":\"ImageObject\",\"inLanguage\":\"de\",\"@id\":\"https:\\\/\\\/twoteknik.dk\\\/de\\\/vare\\\/sps-radon-block-3kg-til-16m2-beton\\\/#primaryimage\",\"url\":\"https:\\\/\\\/twoteknik.dk\\\/wp-content\\\/uploads\\\/2023\\\/03\\\/SPS-Radon-block-orange-001.png\",\"contentUrl\":\"https:\\\/\\\/twoteknik.dk\\\/wp-content\\\/uploads\\\/2023\\\/03\\\/SPS-Radon-block-orange-001.png\",\"width\":3508,\"height\":2480},{\"@type\":\"BreadcrumbList\",\"@id\":\"https:\\\/\\\/twoteknik.dk\\\/de\\\/vare\\\/sps-radon-block-3kg-til-16m2-beton\\\/#breadcrumb\",\"itemListElement\":[{\"@type\":\"ListItem\",\"position\":1,\"name\":\"Hjem\",\"item\":\"https:\\\/\\\/twoteknik.dk\\\/de\\\/\"},{\"@type\":\"ListItem\",\"position\":2,\"name\":\"Shop\",\"item\":\"https:\\\/\\\/twoteknik.dk\\\/de\\\/shop-2\\\/\"},{\"@type\":\"ListItem\",\"position\":3,\"name\":\"SPS Radon Block 3kg (f\u00fcr 15m2 Beton)\"}]},{\"@type\":\"WebSite\",\"@id\":\"https:\\\/\\\/twoteknik.dk\\\/de\\\/#website\",\"url\":\"https:\\\/\\\/twoteknik.dk\\\/de\\\/\",\"name\":\"PCB Forsegling, Radonsikring og Asbest Forsegling | TWO Teknik\",\"description\":\"Forsegling af PCB - Radon, Asbest &amp; BTEX. Find PCB forsegling m.m. der virker, her how TWOTeknik.dk\",\"publisher\":{\"@id\":\"https:\\\/\\\/twoteknik.dk\\\/de\\\/#organization\"},\"potentialAction\":[{\"@type\":\"SearchAction\",\"target\":{\"@type\":\"EntryPoint\",\"urlTemplate\":\"https:\\\/\\\/twoteknik.dk\\\/de\\\/?s={search_term_string}\"},\"query-input\":{\"@type\":\"PropertyValueSpecification\",\"valueRequired\":true,\"valueName\":\"search_term_string\"}}],\"inLanguage\":\"de\"},{\"@type\":\"Organization\",\"@id\":\"https:\\\/\\\/twoteknik.dk\\\/de\\\/#organization\",\"name\":\"PCB Forsegling, Radonsikring og Asbest Forsegling | TWO Teknik\",\"url\":\"https:\\\/\\\/twoteknik.dk\\\/de\\\/\",\"logo\":{\"@type\":\"ImageObject\",\"inLanguage\":\"de\",\"@id\":\"https:\\\/\\\/twoteknik.dk\\\/de\\\/#\\\/schema\\\/logo\\\/image\\\/\",\"url\":\"https:\\\/\\\/twoteknik.dk\\\/wp-content\\\/uploads\\\/2023\\\/02\\\/logoNEW.png\",\"contentUrl\":\"https:\\\/\\\/twoteknik.dk\\\/wp-content\\\/uploads\\\/2023\\\/02\\\/logoNEW.png\",\"width\":1034,\"height\":300,\"caption\":\"PCB Forsegling, Radonsikring og Asbest Forsegling | TWO Teknik\"},\"image\":{\"@id\":\"https:\\\/\\\/twoteknik.dk\\\/de\\\/#\\\/schema\\\/logo\\\/image\\\/\"},\"sameAs\":[\"https:\\\/\\\/www.facebook.com\\\/TWOTeknikApS\",\"https:\\\/\\\/www.linkedin.com\\\/company\\\/two-teknik-aps-din-samarbejdspartner-til-pcb-forsegling\\\/\"]}]}<\/script>\n<!-- \/ Yoast SEO plugin. -->","yoast_head_json":{"title":"SPS Radon Block 3kg (f\u00fcr 15m2 Beton) - PCB Forsegling, Radonsikring og Asbest Forsegling | TWO Teknik","description":"SPS Radonblock ist ein fl\u00fcssiger Radonschutz, der Radon aus dem Boden, dem Keller und den W\u00e4nden wirksam stoppt. Versiegelung ohne Verwendung von Epoxid oder L\u00f6sungsmitteln.","robots":{"index":"index","follow":"follow","max-snippet":"max-snippet:-1","max-image-preview":"max-image-preview:large","max-video-preview":"max-video-preview:-1"},"canonical":"https:\/\/twoteknik.dk\/de\/vare\/sps-radon-block-3kg-til-16m2-beton\/","og_locale":"de_DE","og_type":"article","og_title":"SPS Radon Block 3kg (f\u00fcr 15m2 Beton) - PCB Forsegling, Radonsikring og Asbest Forsegling | TWO Teknik","og_description":"SPS Radonblock ist ein fl\u00fcssiger Radonschutz, der Radon aus dem Boden, dem Keller und den W\u00e4nden wirksam stoppt. Versiegelung ohne Verwendung von Epoxid oder L\u00f6sungsmitteln.","og_url":"https:\/\/twoteknik.dk\/de\/vare\/sps-radon-block-3kg-til-16m2-beton\/","og_site_name":"PCB Forsegling, Radonsikring og Asbest Forsegling | TWO Teknik","article_publisher":"https:\/\/www.facebook.com\/TWOTeknikApS","article_modified_time":"2024-07-19T07:34:37+00:00","og_image":[{"width":3508,"height":2480,"url":"https:\/\/twoteknik.dk\/wp-content\/uploads\/2023\/03\/SPS-Radon-block-orange-001.png","type":"image\/png"}],"twitter_card":"summary_large_image","twitter_misc":{"Gesch\u00e4tzte Lesezeit":"1\u00a0Minute"},"schema":{"@context":"https:\/\/schema.org","@graph":[{"@type":"WebPage","@id":"https:\/\/twoteknik.dk\/de\/vare\/sps-radon-block-3kg-til-16m2-beton\/","url":"https:\/\/twoteknik.dk\/de\/vare\/sps-radon-block-3kg-til-16m2-beton\/","name":"SPS Radon Block 3kg (f\u00fcr 15m2 Beton) - PCB Forsegling, Radonsikring og Asbest Forsegling | TWO Teknik","isPartOf":{"@id":"https:\/\/twoteknik.dk\/de\/#website"},"primaryImageOfPage":{"@id":"https:\/\/twoteknik.dk\/de\/vare\/sps-radon-block-3kg-til-16m2-beton\/#primaryimage"},"image":{"@id":"https:\/\/twoteknik.dk\/de\/vare\/sps-radon-block-3kg-til-16m2-beton\/#primaryimage"},"thumbnailUrl":"https:\/\/twoteknik.dk\/wp-content\/uploads\/2023\/03\/SPS-Radon-block-orange-001.png","datePublished":"2023-03-27T12:26:13+00:00","dateModified":"2024-07-19T07:34:37+00:00","description":"SPS Radonblock ist ein fl\u00fcssiger Radonschutz, der Radon aus dem Boden, dem Keller und den W\u00e4nden wirksam stoppt. Versiegelung ohne Verwendung von Epoxid oder L\u00f6sungsmitteln.","breadcrumb":{"@id":"https:\/\/twoteknik.dk\/de\/vare\/sps-radon-block-3kg-til-16m2-beton\/#breadcrumb"},"inLanguage":"de","potentialAction":[{"@type":"ReadAction","target":["https:\/\/twoteknik.dk\/de\/vare\/sps-radon-block-3kg-til-16m2-beton\/"]}]},{"@type":"ImageObject","inLanguage":"de","@id":"https:\/\/twoteknik.dk\/de\/vare\/sps-radon-block-3kg-til-16m2-beton\/#primaryimage","url":"https:\/\/twoteknik.dk\/wp-content\/uploads\/2023\/03\/SPS-Radon-block-orange-001.png","contentUrl":"https:\/\/twoteknik.dk\/wp-content\/uploads\/2023\/03\/SPS-Radon-block-orange-001.png","width":3508,"height":2480},{"@type":"BreadcrumbList","@id":"https:\/\/twoteknik.dk\/de\/vare\/sps-radon-block-3kg-til-16m2-beton\/#breadcrumb","itemListElement":[{"@type":"ListItem","position":1,"name":"Hjem","item":"https:\/\/twoteknik.dk\/de\/"},{"@type":"ListItem","position":2,"name":"Shop","item":"https:\/\/twoteknik.dk\/de\/shop-2\/"},{"@type":"ListItem","position":3,"name":"SPS Radon Block 3kg (f\u00fcr 15m2 Beton)"}]},{"@type":"WebSite","@id":"https:\/\/twoteknik.dk\/de\/#website","url":"https:\/\/twoteknik.dk\/de\/","name":"PCB Forsegling, Radonsikring og Asbest Forsegling | TWO Teknik","description":"Forsegling af PCB - Radon, Asbest &amp; BTEX. Find PCB forsegling m.m. der virker, her how TWOTeknik.dk","publisher":{"@id":"https:\/\/twoteknik.dk\/de\/#organization"},"potentialAction":[{"@type":"SearchAction","target":{"@type":"EntryPoint","urlTemplate":"https:\/\/twoteknik.dk\/de\/?s={search_term_string}"},"query-input":{"@type":"PropertyValueSpecification","valueRequired":true,"valueName":"search_term_string"}}],"inLanguage":"de"},{"@type":"Organization","@id":"https:\/\/twoteknik.dk\/de\/#organization","name":"PCB Forsegling, Radonsikring og Asbest Forsegling | TWO Teknik","url":"https:\/\/twoteknik.dk\/de\/","logo":{"@type":"ImageObject","inLanguage":"de","@id":"https:\/\/twoteknik.dk\/de\/#\/schema\/logo\/image\/","url":"https:\/\/twoteknik.dk\/wp-content\/uploads\/2023\/02\/logoNEW.png","contentUrl":"https:\/\/twoteknik.dk\/wp-content\/uploads\/2023\/02\/logoNEW.png","width":1034,"height":300,"caption":"PCB Forsegling, Radonsikring og Asbest Forsegling | TWO Teknik"},"image":{"@id":"https:\/\/twoteknik.dk\/de\/#\/schema\/logo\/image\/"},"sameAs":["https:\/\/www.facebook.com\/TWOTeknikApS","https:\/\/www.linkedin.com\/company\/two-teknik-aps-din-samarbejdspartner-til-pcb-forsegling\/"]}]}},"_links":{"self":[{"href":"https:\/\/twoteknik.dk\/de\/wp-json\/wp\/v2\/product\/211511","targetHints":{"allow":["GET"]}}],"collection":[{"href":"https:\/\/twoteknik.dk\/de\/wp-json\/wp\/v2\/product"}],"about":[{"href":"https:\/\/twoteknik.dk\/de\/wp-json\/wp\/v2\/types\/product"}],"wp:featuredmedia":[{"embeddable":true,"href":"https:\/\/twoteknik.dk\/de\/wp-json\/wp\/v2\/media\/210646"}],"wp:attachment":[{"href":"https:\/\/twoteknik.dk\/de\/wp-json\/wp\/v2\/media?parent=211511"}],"wp:term":[{"taxonomy":"product_brand","embeddable":true,"href":"https:\/\/twoteknik.dk\/de\/wp-json\/wp\/v2\/product_brand?post=211511"},{"taxonomy":"product_cat","embeddable":true,"href":"https:\/\/twoteknik.dk\/de\/wp-json\/wp\/v2\/product_cat?post=211511"},{"taxonomy":"product_tag","embeddable":true,"href":"https:\/\/twoteknik.dk\/de\/wp-json\/wp\/v2\/product_tag?post=211511"}],"curies":[{"name":"wp","href":"https:\/\/api.w.org\/{rel}","templated":true}]}}