{"id":211508,"date":"2023-03-27T14:26:12","date_gmt":"2023-03-27T12:26:12","guid":{"rendered":"https:\/\/twoteknik.dk\/vare\/10-stueck-refil-farbwalzen-23cm\/"},"modified":"2023-04-27T08:28:24","modified_gmt":"2023-04-27T06:28:24","slug":"10-pc-filed-painting-rolls-23cm","status":"publish","type":"product","link":"https:\/\/twoteknik.dk\/de\/vare\/10-pc-filed-painting-rolls-23cm\/","title":{"rendered":"10 St\u00fcck. Refil Farbwalzen 23cm"},"content":{"rendered":"<p>Farbroller\/Rollen f\u00fcr mittlere und grobe Oberfl\u00e4chen. Verkauft in ganzen Packungen zu 10 St\u00fcck.<\/p>\n","protected":false},"excerpt":{"rendered":"<p>Farbroller\/Rollen f\u00fcr mittlere und grobe Oberfl\u00e4chen. Verkauft in ganzen Packungen zu 10 St\u00fcck.<\/p>\n","protected":false},"featured_media":210642,"template":"","meta":{"site-sidebar-layout":"default","site-content-layout":"","ast-site-content-layout":"default","site-content-style":"default","site-sidebar-style":"default","ast-global-header-display":"","ast-banner-title-visibility":"","ast-main-header-display":"","ast-hfb-above-header-display":"","ast-hfb-below-header-display":"","ast-hfb-mobile-header-display":"","site-post-title":"","ast-breadcrumbs-content":"","ast-featured-img":"","footer-sml-layout":"","ast-disable-related-posts":"","theme-transparent-header-meta":"","adv-header-id-meta":"","stick-header-meta":"","header-above-stick-meta":"","header-main-stick-meta":"","header-below-stick-meta":"","astra-migrate-meta-layouts":"default","ast-page-background-enabled":"default","ast-page-background-meta":{"desktop":{"background-color":"","background-image":"","background-repeat":"repeat","background-position":"center center","background-size":"auto","background-attachment":"scroll","background-type":"","background-media":"","overlay-type":"","overlay-color":"","overlay-opacity":"","overlay-gradient":""},"tablet":{"background-color":"","background-image":"","background-repeat":"repeat","background-position":"center center","background-size":"auto","background-attachment":"scroll","background-type":"","background-media":"","overlay-type":"","overlay-color":"","overlay-opacity":"","overlay-gradient":""},"mobile":{"background-color":"","background-image":"","background-repeat":"repeat","background-position":"center center","background-size":"auto","background-attachment":"scroll","background-type":"","background-media":"","overlay-type":"","overlay-color":"","overlay-opacity":"","overlay-gradient":""}},"ast-content-background-meta":{"desktop":{"background-color":"var(--ast-global-color-5)","background-image":"","background-repeat":"repeat","background-position":"center center","background-size":"auto","background-attachment":"scroll","background-type":"","background-media":"","overlay-type":"","overlay-color":"","overlay-opacity":"","overlay-gradient":""},"tablet":{"background-color":"var(--ast-global-color-5)","background-image":"","background-repeat":"repeat","background-position":"center center","background-size":"auto","background-attachment":"scroll","background-type":"","background-media":"","overlay-type":"","overlay-color":"","overlay-opacity":"","overlay-gradient":""},"mobile":{"background-color":"var(--ast-global-color-5)","background-image":"","background-repeat":"repeat","background-position":"center center","background-size":"auto","background-attachment":"scroll","background-type":"","background-media":"","overlay-type":"","overlay-color":"","overlay-opacity":"","overlay-gradient":""}}},"product_brand":[],"product_cat":[59],"product_tag":[],"class_list":{"0":"post-211508","1":"product","2":"type-product","3":"status-publish","4":"has-post-thumbnail","6":"product_cat-alle-produkte","7":"desktop-align-center","8":"tablet-align-left","9":"mobile-align-left","10":"ast-product-gallery-layout-horizontal-slider","11":"ast-product-gallery-with-no-image","12":"ast-product-tabs-layout-accordion","14":"first","15":"instock","16":"taxable","17":"shipping-taxable","18":"purchasable","19":"product-type-simple"},"yoast_head":"<!-- This site is optimized with the Yoast SEO plugin v27.4 - https:\/\/yoast.com\/product\/yoast-seo-wordpress\/ -->\n<title>10 St\u00fcck. Refil Farbwalzen 23cm - PCB Forsegling, Radonsikring og Asbest Forsegling | TWO Teknik<\/title>\n<meta name=\"robots\" content=\"index, follow, max-snippet:-1, max-image-preview:large, max-video-preview:-1\" \/>\n<link rel=\"canonical\" href=\"https:\/\/twoteknik.dk\/de\/vare\/10-pc-filed-painting-rolls-23cm\/\" \/>\n<meta property=\"og:locale\" content=\"de_DE\" \/>\n<meta property=\"og:type\" content=\"article\" \/>\n<meta property=\"og:title\" content=\"10 St\u00fcck. Refil Farbwalzen 23cm - PCB Forsegling, Radonsikring og Asbest Forsegling | TWO Teknik\" \/>\n<meta property=\"og:description\" content=\"Farbroller\/Rollen f\u00fcr mittlere und grobe Oberfl\u00e4chen. Verkauft in ganzen Packungen zu 10 St\u00fcck.\" \/>\n<meta property=\"og:url\" content=\"https:\/\/twoteknik.dk\/de\/vare\/10-pc-filed-painting-rolls-23cm\/\" \/>\n<meta property=\"og:site_name\" content=\"PCB Forsegling, Radonsikring og Asbest Forsegling | TWO Teknik\" \/>\n<meta property=\"article:publisher\" content=\"https:\/\/www.facebook.com\/TWOTeknikApS\" \/>\n<meta property=\"article:modified_time\" content=\"2023-04-27T06:28:24+00:00\" \/>\n<meta property=\"og:image\" content=\"https:\/\/twoteknik.dk\/wp-content\/uploads\/2023\/03\/malerrulle-pcbforsegling.jpg\" \/>\n\t<meta property=\"og:image:width\" content=\"600\" \/>\n\t<meta property=\"og:image:height\" content=\"338\" \/>\n\t<meta property=\"og:image:type\" content=\"image\/jpeg\" \/>\n<meta name=\"twitter:card\" content=\"summary_large_image\" \/>\n<script type=\"application\/ld+json\" class=\"yoast-schema-graph\">{\"@context\":\"https:\\\/\\\/schema.org\",\"@graph\":[{\"@type\":\"WebPage\",\"@id\":\"https:\\\/\\\/twoteknik.dk\\\/de\\\/vare\\\/10-pc-filed-painting-rolls-23cm\\\/\",\"url\":\"https:\\\/\\\/twoteknik.dk\\\/de\\\/vare\\\/10-pc-filed-painting-rolls-23cm\\\/\",\"name\":\"10 St\u00fcck. Refil Farbwalzen 23cm - PCB Forsegling, Radonsikring og Asbest Forsegling | TWO Teknik\",\"isPartOf\":{\"@id\":\"https:\\\/\\\/twoteknik.dk\\\/de\\\/#website\"},\"primaryImageOfPage\":{\"@id\":\"https:\\\/\\\/twoteknik.dk\\\/de\\\/vare\\\/10-pc-filed-painting-rolls-23cm\\\/#primaryimage\"},\"image\":{\"@id\":\"https:\\\/\\\/twoteknik.dk\\\/de\\\/vare\\\/10-pc-filed-painting-rolls-23cm\\\/#primaryimage\"},\"thumbnailUrl\":\"https:\\\/\\\/twoteknik.dk\\\/wp-content\\\/uploads\\\/2023\\\/03\\\/malerrulle-pcbforsegling.jpg\",\"datePublished\":\"2023-03-27T12:26:12+00:00\",\"dateModified\":\"2023-04-27T06:28:24+00:00\",\"breadcrumb\":{\"@id\":\"https:\\\/\\\/twoteknik.dk\\\/de\\\/vare\\\/10-pc-filed-painting-rolls-23cm\\\/#breadcrumb\"},\"inLanguage\":\"de\",\"potentialAction\":[{\"@type\":\"ReadAction\",\"target\":[\"https:\\\/\\\/twoteknik.dk\\\/de\\\/vare\\\/10-pc-filed-painting-rolls-23cm\\\/\"]}]},{\"@type\":\"ImageObject\",\"inLanguage\":\"de\",\"@id\":\"https:\\\/\\\/twoteknik.dk\\\/de\\\/vare\\\/10-pc-filed-painting-rolls-23cm\\\/#primaryimage\",\"url\":\"https:\\\/\\\/twoteknik.dk\\\/wp-content\\\/uploads\\\/2023\\\/03\\\/malerrulle-pcbforsegling.jpg\",\"contentUrl\":\"https:\\\/\\\/twoteknik.dk\\\/wp-content\\\/uploads\\\/2023\\\/03\\\/malerrulle-pcbforsegling.jpg\",\"width\":600,\"height\":338},{\"@type\":\"BreadcrumbList\",\"@id\":\"https:\\\/\\\/twoteknik.dk\\\/de\\\/vare\\\/10-pc-filed-painting-rolls-23cm\\\/#breadcrumb\",\"itemListElement\":[{\"@type\":\"ListItem\",\"position\":1,\"name\":\"Hjem\",\"item\":\"https:\\\/\\\/twoteknik.dk\\\/de\\\/\"},{\"@type\":\"ListItem\",\"position\":2,\"name\":\"Shop\",\"item\":\"https:\\\/\\\/twoteknik.dk\\\/de\\\/shop-2\\\/\"},{\"@type\":\"ListItem\",\"position\":3,\"name\":\"10 St\u00fcck. Refil Farbwalzen 23cm\"}]},{\"@type\":\"WebSite\",\"@id\":\"https:\\\/\\\/twoteknik.dk\\\/de\\\/#website\",\"url\":\"https:\\\/\\\/twoteknik.dk\\\/de\\\/\",\"name\":\"PCB Forsegling, Radonsikring og Asbest Forsegling | TWO Teknik\",\"description\":\"Forsegling af PCB - Radon, Asbest &amp; BTEX. Find PCB forsegling m.m. der virker, her how TWOTeknik.dk\",\"publisher\":{\"@id\":\"https:\\\/\\\/twoteknik.dk\\\/de\\\/#organization\"},\"potentialAction\":[{\"@type\":\"SearchAction\",\"target\":{\"@type\":\"EntryPoint\",\"urlTemplate\":\"https:\\\/\\\/twoteknik.dk\\\/de\\\/?s={search_term_string}\"},\"query-input\":{\"@type\":\"PropertyValueSpecification\",\"valueRequired\":true,\"valueName\":\"search_term_string\"}}],\"inLanguage\":\"de\"},{\"@type\":\"Organization\",\"@id\":\"https:\\\/\\\/twoteknik.dk\\\/de\\\/#organization\",\"name\":\"PCB Forsegling, Radonsikring og Asbest Forsegling | TWO Teknik\",\"url\":\"https:\\\/\\\/twoteknik.dk\\\/de\\\/\",\"logo\":{\"@type\":\"ImageObject\",\"inLanguage\":\"de\",\"@id\":\"https:\\\/\\\/twoteknik.dk\\\/de\\\/#\\\/schema\\\/logo\\\/image\\\/\",\"url\":\"https:\\\/\\\/twoteknik.dk\\\/wp-content\\\/uploads\\\/2023\\\/02\\\/logoNEW.png\",\"contentUrl\":\"https:\\\/\\\/twoteknik.dk\\\/wp-content\\\/uploads\\\/2023\\\/02\\\/logoNEW.png\",\"width\":1034,\"height\":300,\"caption\":\"PCB Forsegling, Radonsikring og Asbest Forsegling | TWO Teknik\"},\"image\":{\"@id\":\"https:\\\/\\\/twoteknik.dk\\\/de\\\/#\\\/schema\\\/logo\\\/image\\\/\"},\"sameAs\":[\"https:\\\/\\\/www.facebook.com\\\/TWOTeknikApS\",\"https:\\\/\\\/www.linkedin.com\\\/company\\\/two-teknik-aps-din-samarbejdspartner-til-pcb-forsegling\\\/\"]}]}<\/script>\n<!-- \/ Yoast SEO plugin. -->","yoast_head_json":{"title":"10 St\u00fcck. Refil Farbwalzen 23cm - PCB Forsegling, Radonsikring og Asbest Forsegling | TWO Teknik","robots":{"index":"index","follow":"follow","max-snippet":"max-snippet:-1","max-image-preview":"max-image-preview:large","max-video-preview":"max-video-preview:-1"},"canonical":"https:\/\/twoteknik.dk\/de\/vare\/10-pc-filed-painting-rolls-23cm\/","og_locale":"de_DE","og_type":"article","og_title":"10 St\u00fcck. Refil Farbwalzen 23cm - PCB Forsegling, Radonsikring og Asbest Forsegling | TWO Teknik","og_description":"Farbroller\/Rollen f\u00fcr mittlere und grobe Oberfl\u00e4chen. Verkauft in ganzen Packungen zu 10 St\u00fcck.","og_url":"https:\/\/twoteknik.dk\/de\/vare\/10-pc-filed-painting-rolls-23cm\/","og_site_name":"PCB Forsegling, Radonsikring og Asbest Forsegling | TWO Teknik","article_publisher":"https:\/\/www.facebook.com\/TWOTeknikApS","article_modified_time":"2023-04-27T06:28:24+00:00","og_image":[{"width":600,"height":338,"url":"https:\/\/twoteknik.dk\/wp-content\/uploads\/2023\/03\/malerrulle-pcbforsegling.jpg","type":"image\/jpeg"}],"twitter_card":"summary_large_image","schema":{"@context":"https:\/\/schema.org","@graph":[{"@type":"WebPage","@id":"https:\/\/twoteknik.dk\/de\/vare\/10-pc-filed-painting-rolls-23cm\/","url":"https:\/\/twoteknik.dk\/de\/vare\/10-pc-filed-painting-rolls-23cm\/","name":"10 St\u00fcck. Refil Farbwalzen 23cm - PCB Forsegling, Radonsikring og Asbest Forsegling | TWO Teknik","isPartOf":{"@id":"https:\/\/twoteknik.dk\/de\/#website"},"primaryImageOfPage":{"@id":"https:\/\/twoteknik.dk\/de\/vare\/10-pc-filed-painting-rolls-23cm\/#primaryimage"},"image":{"@id":"https:\/\/twoteknik.dk\/de\/vare\/10-pc-filed-painting-rolls-23cm\/#primaryimage"},"thumbnailUrl":"https:\/\/twoteknik.dk\/wp-content\/uploads\/2023\/03\/malerrulle-pcbforsegling.jpg","datePublished":"2023-03-27T12:26:12+00:00","dateModified":"2023-04-27T06:28:24+00:00","breadcrumb":{"@id":"https:\/\/twoteknik.dk\/de\/vare\/10-pc-filed-painting-rolls-23cm\/#breadcrumb"},"inLanguage":"de","potentialAction":[{"@type":"ReadAction","target":["https:\/\/twoteknik.dk\/de\/vare\/10-pc-filed-painting-rolls-23cm\/"]}]},{"@type":"ImageObject","inLanguage":"de","@id":"https:\/\/twoteknik.dk\/de\/vare\/10-pc-filed-painting-rolls-23cm\/#primaryimage","url":"https:\/\/twoteknik.dk\/wp-content\/uploads\/2023\/03\/malerrulle-pcbforsegling.jpg","contentUrl":"https:\/\/twoteknik.dk\/wp-content\/uploads\/2023\/03\/malerrulle-pcbforsegling.jpg","width":600,"height":338},{"@type":"BreadcrumbList","@id":"https:\/\/twoteknik.dk\/de\/vare\/10-pc-filed-painting-rolls-23cm\/#breadcrumb","itemListElement":[{"@type":"ListItem","position":1,"name":"Hjem","item":"https:\/\/twoteknik.dk\/de\/"},{"@type":"ListItem","position":2,"name":"Shop","item":"https:\/\/twoteknik.dk\/de\/shop-2\/"},{"@type":"ListItem","position":3,"name":"10 St\u00fcck. Refil Farbwalzen 23cm"}]},{"@type":"WebSite","@id":"https:\/\/twoteknik.dk\/de\/#website","url":"https:\/\/twoteknik.dk\/de\/","name":"PCB Forsegling, Radonsikring og Asbest Forsegling | TWO Teknik","description":"Forsegling af PCB - Radon, Asbest &amp; BTEX. Find PCB forsegling m.m. der virker, her how TWOTeknik.dk","publisher":{"@id":"https:\/\/twoteknik.dk\/de\/#organization"},"potentialAction":[{"@type":"SearchAction","target":{"@type":"EntryPoint","urlTemplate":"https:\/\/twoteknik.dk\/de\/?s={search_term_string}"},"query-input":{"@type":"PropertyValueSpecification","valueRequired":true,"valueName":"search_term_string"}}],"inLanguage":"de"},{"@type":"Organization","@id":"https:\/\/twoteknik.dk\/de\/#organization","name":"PCB Forsegling, Radonsikring og Asbest Forsegling | TWO Teknik","url":"https:\/\/twoteknik.dk\/de\/","logo":{"@type":"ImageObject","inLanguage":"de","@id":"https:\/\/twoteknik.dk\/de\/#\/schema\/logo\/image\/","url":"https:\/\/twoteknik.dk\/wp-content\/uploads\/2023\/02\/logoNEW.png","contentUrl":"https:\/\/twoteknik.dk\/wp-content\/uploads\/2023\/02\/logoNEW.png","width":1034,"height":300,"caption":"PCB Forsegling, Radonsikring og Asbest Forsegling | TWO Teknik"},"image":{"@id":"https:\/\/twoteknik.dk\/de\/#\/schema\/logo\/image\/"},"sameAs":["https:\/\/www.facebook.com\/TWOTeknikApS","https:\/\/www.linkedin.com\/company\/two-teknik-aps-din-samarbejdspartner-til-pcb-forsegling\/"]}]}},"_links":{"self":[{"href":"https:\/\/twoteknik.dk\/de\/wp-json\/wp\/v2\/product\/211508","targetHints":{"allow":["GET"]}}],"collection":[{"href":"https:\/\/twoteknik.dk\/de\/wp-json\/wp\/v2\/product"}],"about":[{"href":"https:\/\/twoteknik.dk\/de\/wp-json\/wp\/v2\/types\/product"}],"wp:featuredmedia":[{"embeddable":true,"href":"https:\/\/twoteknik.dk\/de\/wp-json\/wp\/v2\/media\/210642"}],"wp:attachment":[{"href":"https:\/\/twoteknik.dk\/de\/wp-json\/wp\/v2\/media?parent=211508"}],"wp:term":[{"taxonomy":"product_brand","embeddable":true,"href":"https:\/\/twoteknik.dk\/de\/wp-json\/wp\/v2\/product_brand?post=211508"},{"taxonomy":"product_cat","embeddable":true,"href":"https:\/\/twoteknik.dk\/de\/wp-json\/wp\/v2\/product_cat?post=211508"},{"taxonomy":"product_tag","embeddable":true,"href":"https:\/\/twoteknik.dk\/de\/wp-json\/wp\/v2\/product_tag?post=211508"}],"curies":[{"name":"wp","href":"https:\/\/api.w.org\/{rel}","templated":true}]}}