{"id":211504,"date":"2023-03-27T14:26:12","date_gmt":"2023-03-27T12:26:12","guid":{"rendered":"https:\/\/twoteknik.dk\/vare\/sps-primary-winter-4-kg-ca-18m2-erfordert-keine-epoxidschicht\/"},"modified":"2024-07-19T09:39:38","modified_gmt":"2024-07-19T07:39:38","slug":"sps-primaer-winter-4-kg-ca-18m2-kraver-nicht-epoxy-kurs","status":"publish","type":"product","link":"https:\/\/twoteknik.dk\/de\/vare\/sps-primaer-winter-4-kg-ca-18m2-kraver-nicht-epoxy-kurs\/","title":{"rendered":"SPS PRIMARY WINTER 4 KG (ca. 18m2) Erfordert keine Epoxidschicht"},"content":{"rendered":"<p>SPS Prim\u00e4r Vinter bietet dieselben sehr hohen Barrieren-Eigenschaften wie SPS Prim\u00e4r, h\u00e4rtet jedoch bereits bei +1 Grad Celsius aus. Daher bietet SPS Prim\u00e6r Vinter eine viel l\u00e4ngere und flexiblere Periode f\u00fcr Versiegelungs- und Sanierungsarbeiten und tr\u00e4gt damit zu einer verbesserten Projekt\u00f6konomie bei.<\/p>\n<p>Bisher war die PCB-Versiegelungsarbeit nur bei Temperaturen \u00fcber 12 Grad Celsius m\u00f6glich. Einfach deshalb, weil alle bisher verf\u00fcgbaren Versiegelungsprodukte mindestens 12 Grad Celsius erforderten und Arbeiten bei niedrigeren Temperaturen erh\u00f6hte Projekt- und Winterkosten sowie m\u00f6glicherweise Verz\u00f6gerungen mit sich brachten.<\/p>\n<p>SPS Prim\u00e4r Vinter ist weltweit der einzige PCB-Dichtstoff, der im Winterhalbjahr verwendet werden kann, da er bereits bei 1 Grad Celsius aush\u00e4rtet. SPS Prim\u00e4r Vinter ist genauso effektiv wie SPS Prim\u00e4r bei der Versiegelung und Einkapselung von PCB. Beide Produkte erlauben weitere Arbeiten bereits nach 24 Stunden Aush\u00e4rtungszeit. SPS Prim\u00e6r Vinter wurde von Dansk Milj\u00f8 Analyse auf Diffusion getestet und die Ergebnisse zeigen Barrier-Eigenschaften von mehr als 95%. SPS Prim\u00e6r Vinter erfordert wie die anderen Produkte der SPS-Serie keinen Epoxy-Kurs oder besondere Zertifikate.<\/p>\n<p><strong>Ungef\u00e4hre Deckkraft bei 2 Anstrichen:<\/strong><br \/>\nAuf Beton 4 &#8211; 6 m2 pro kg.<br \/>\nAuf Ziegeln: 2 &#8211; 3 m2 pro kg<br \/>\nNicht saugf\u00e4hige Oberfl\u00e4chen: 8 &#8211; 12 m2 pro kg.<\/p>\n","protected":false},"excerpt":{"rendered":"<p><em>4 kg \/ 1.800,- pro kg ex. MWST. <\/em><\/p>\n<p><strong>FAKTEN:<\/strong><br \/>\n&#8211; Der weltweit einzige PCB-Versiegler, der bei 1 Grad Celsius aush\u00e4rtet.<br \/>\n&#8211; Reduziert die Ausgasung um mehr als 95 %.<br \/>\n&#8211; V\u00f6llig frei von Epoxid und L\u00f6sungsmitteln und gibt keine sch\u00e4dlichen Emissionen ab.<br \/>\n&#8211; Erspart den Abriss und die Wiederherstellung von PCB-haltigen Geb\u00e4udeteilen.<br \/>\n&#8211; Erm\u00f6glicht eine Nachbearbeitung nach nur 24 Stunden.<br \/>\n&#8211; Spart zus\u00e4tzliche Kosten f\u00fcr Winterma\u00dfnahmen.<br \/>\n&#8211; Es kann von allen Fachleuten verwendet werden und erfordert keine spezielle Ausbildung oder Zertifizierung.<br \/>\n&#8211; Hinterl\u00e4sst eine klare und glatte Oberfl\u00e4che, die nachbearbeitet werden kann.<br \/>\n&#8211; Kann in mehreren Farben eingef\u00e4rbt werden, auch delta-gef\u00e4rbt f\u00fcr erh\u00f6hte Qualit\u00e4tssicherung.<br \/>\n&#8211; Empfohlen von den f\u00fchrenden Ingenieurb\u00fcros des Landes.<\/p>\n","protected":false},"featured_media":210630,"template":"","meta":{"site-sidebar-layout":"default","site-content-layout":"default","ast-site-content-layout":"default","site-content-style":"default","site-sidebar-style":"default","ast-global-header-display":"","ast-banner-title-visibility":"","ast-main-header-display":"","ast-hfb-above-header-display":"","ast-hfb-below-header-display":"","ast-hfb-mobile-header-display":"","site-post-title":"","ast-breadcrumbs-content":"","ast-featured-img":"","footer-sml-layout":"","ast-disable-related-posts":"","theme-transparent-header-meta":"default","adv-header-id-meta":"","stick-header-meta":"default","header-above-stick-meta":"","header-main-stick-meta":"","header-below-stick-meta":"","astra-migrate-meta-layouts":"set","ast-page-background-enabled":"default","ast-page-background-meta":{"desktop":{"background-color":"","background-image":"","background-repeat":"repeat","background-position":"center center","background-size":"auto","background-attachment":"scroll","background-type":"","background-media":"","overlay-type":"","overlay-color":"","overlay-opacity":"","overlay-gradient":""},"tablet":{"background-color":"","background-image":"","background-repeat":"repeat","background-position":"center center","background-size":"auto","background-attachment":"scroll","background-type":"","background-media":"","overlay-type":"","overlay-color":"","overlay-opacity":"","overlay-gradient":""},"mobile":{"background-color":"","background-image":"","background-repeat":"repeat","background-position":"center center","background-size":"auto","background-attachment":"scroll","background-type":"","background-media":"","overlay-type":"","overlay-color":"","overlay-opacity":"","overlay-gradient":""}},"ast-content-background-meta":{"desktop":{"background-color":"var(--ast-global-color-5)","background-image":"","background-repeat":"repeat","background-position":"center center","background-size":"auto","background-attachment":"scroll","background-type":"","background-media":"","overlay-type":"","overlay-color":"","overlay-opacity":"","overlay-gradient":""},"tablet":{"background-color":"var(--ast-global-color-5)","background-image":"","background-repeat":"repeat","background-position":"center center","background-size":"auto","background-attachment":"scroll","background-type":"","background-media":"","overlay-type":"","overlay-color":"","overlay-opacity":"","overlay-gradient":""},"mobile":{"background-color":"var(--ast-global-color-5)","background-image":"","background-repeat":"repeat","background-position":"center center","background-size":"auto","background-attachment":"scroll","background-type":"","background-media":"","overlay-type":"","overlay-color":"","overlay-opacity":"","overlay-gradient":""}}},"product_brand":[],"product_cat":[59,65],"product_tag":[79,75,87],"class_list":{"0":"post-211504","1":"product","2":"type-product","3":"status-publish","4":"has-post-thumbnail","6":"product_cat-alle-produkte","7":"product_cat-pcb-versiegelung-des-winters","8":"product_tag-pcb-versiegelung","9":"product_tag-verkapselung-von-pcb","10":"product_tag-winterversiegelung","11":"desktop-align-center","12":"tablet-align-left","13":"mobile-align-left","14":"ast-product-gallery-layout-horizontal-slider","15":"ast-product-gallery-with-no-image","16":"ast-product-tabs-layout-accordion","18":"first","19":"instock","20":"taxable","21":"shipping-taxable","22":"purchasable","23":"product-type-simple"},"yoast_head":"<!-- This site is optimized with the Yoast SEO plugin v27.4 - https:\/\/yoast.com\/product\/yoast-seo-wordpress\/ -->\n<title>SPS PRIMARY WINTER 4 KG (ca. 18m2) Erfordert keine Epoxidschicht - PCB Forsegling, Radonsikring og Asbest Forsegling | TWO Teknik<\/title>\n<meta name=\"robots\" content=\"index, follow, max-snippet:-1, max-image-preview:large, max-video-preview:-1\" \/>\n<link rel=\"canonical\" href=\"https:\/\/twoteknik.dk\/de\/vare\/sps-primaer-winter-4-kg-ca-18m2-kraver-nicht-epoxy-kurs\/\" \/>\n<meta property=\"og:locale\" content=\"de_DE\" \/>\n<meta property=\"og:type\" content=\"article\" \/>\n<meta property=\"og:title\" content=\"SPS PRIMARY WINTER 4 KG (ca. 18m2) Erfordert keine Epoxidschicht - PCB Forsegling, Radonsikring og Asbest Forsegling | TWO Teknik\" \/>\n<meta property=\"og:description\" content=\"4 kg \/ 1.800,- pro kg ex. MWST.   FAKTEN: - Der weltweit einzige PCB-Versiegler, der bei 1 Grad Celsius aush\u00e4rtet. - Reduziert die Ausgasung um mehr als 95 %. - V\u00f6llig frei von Epoxid und L\u00f6sungsmitteln und gibt keine sch\u00e4dlichen Emissionen ab. - Erspart den Abriss und die Wiederherstellung von PCB-haltigen Geb\u00e4udeteilen. - Erm\u00f6glicht eine Nachbearbeitung nach nur 24 Stunden. - Spart zus\u00e4tzliche Kosten f\u00fcr Winterma\u00dfnahmen. - Es kann von allen Fachleuten verwendet werden und erfordert keine spezielle Ausbildung oder Zertifizierung. - Hinterl\u00e4sst eine klare und glatte Oberfl\u00e4che, die nachbearbeitet werden kann. - Kann in mehreren Farben eingef\u00e4rbt werden, auch delta-gef\u00e4rbt f\u00fcr erh\u00f6hte Qualit\u00e4tssicherung. - Empfohlen von den f\u00fchrenden Ingenieurb\u00fcros des Landes.\" \/>\n<meta property=\"og:url\" content=\"https:\/\/twoteknik.dk\/de\/vare\/sps-primaer-winter-4-kg-ca-18m2-kraver-nicht-epoxy-kurs\/\" \/>\n<meta property=\"og:site_name\" content=\"PCB Forsegling, Radonsikring og Asbest Forsegling | TWO Teknik\" \/>\n<meta property=\"article:publisher\" content=\"https:\/\/www.facebook.com\/TWOTeknikApS\" \/>\n<meta property=\"article:modified_time\" content=\"2024-07-19T07:39:38+00:00\" \/>\n<meta property=\"og:image\" content=\"https:\/\/twoteknik.dk\/wp-content\/uploads\/2023\/03\/PCB-Forsegling-Primaer-Forsegler-Vinter.jpg\" \/>\n\t<meta property=\"og:image:width\" content=\"421\" \/>\n\t<meta property=\"og:image:height\" content=\"364\" \/>\n\t<meta property=\"og:image:type\" content=\"image\/jpeg\" \/>\n<meta name=\"twitter:card\" content=\"summary_large_image\" \/>\n<meta name=\"twitter:label1\" content=\"Gesch\u00e4tzte Lesezeit\" \/>\n\t<meta name=\"twitter:data1\" content=\"2\u00a0Minuten\" \/>\n<script type=\"application\/ld+json\" class=\"yoast-schema-graph\">{\"@context\":\"https:\\\/\\\/schema.org\",\"@graph\":[{\"@type\":\"WebPage\",\"@id\":\"https:\\\/\\\/twoteknik.dk\\\/de\\\/vare\\\/sps-primaer-winter-4-kg-ca-18m2-kraver-nicht-epoxy-kurs\\\/\",\"url\":\"https:\\\/\\\/twoteknik.dk\\\/de\\\/vare\\\/sps-primaer-winter-4-kg-ca-18m2-kraver-nicht-epoxy-kurs\\\/\",\"name\":\"SPS PRIMARY WINTER 4 KG (ca. 18m2) Erfordert keine Epoxidschicht - PCB Forsegling, Radonsikring og Asbest Forsegling | TWO Teknik\",\"isPartOf\":{\"@id\":\"https:\\\/\\\/twoteknik.dk\\\/de\\\/#website\"},\"primaryImageOfPage\":{\"@id\":\"https:\\\/\\\/twoteknik.dk\\\/de\\\/vare\\\/sps-primaer-winter-4-kg-ca-18m2-kraver-nicht-epoxy-kurs\\\/#primaryimage\"},\"image\":{\"@id\":\"https:\\\/\\\/twoteknik.dk\\\/de\\\/vare\\\/sps-primaer-winter-4-kg-ca-18m2-kraver-nicht-epoxy-kurs\\\/#primaryimage\"},\"thumbnailUrl\":\"https:\\\/\\\/twoteknik.dk\\\/wp-content\\\/uploads\\\/2023\\\/03\\\/PCB-Forsegling-Primaer-Forsegler-Vinter.jpg\",\"datePublished\":\"2023-03-27T12:26:12+00:00\",\"dateModified\":\"2024-07-19T07:39:38+00:00\",\"breadcrumb\":{\"@id\":\"https:\\\/\\\/twoteknik.dk\\\/de\\\/vare\\\/sps-primaer-winter-4-kg-ca-18m2-kraver-nicht-epoxy-kurs\\\/#breadcrumb\"},\"inLanguage\":\"de\",\"potentialAction\":[{\"@type\":\"ReadAction\",\"target\":[\"https:\\\/\\\/twoteknik.dk\\\/de\\\/vare\\\/sps-primaer-winter-4-kg-ca-18m2-kraver-nicht-epoxy-kurs\\\/\"]}]},{\"@type\":\"ImageObject\",\"inLanguage\":\"de\",\"@id\":\"https:\\\/\\\/twoteknik.dk\\\/de\\\/vare\\\/sps-primaer-winter-4-kg-ca-18m2-kraver-nicht-epoxy-kurs\\\/#primaryimage\",\"url\":\"https:\\\/\\\/twoteknik.dk\\\/wp-content\\\/uploads\\\/2023\\\/03\\\/PCB-Forsegling-Primaer-Forsegler-Vinter.jpg\",\"contentUrl\":\"https:\\\/\\\/twoteknik.dk\\\/wp-content\\\/uploads\\\/2023\\\/03\\\/PCB-Forsegling-Primaer-Forsegler-Vinter.jpg\",\"width\":421,\"height\":364},{\"@type\":\"BreadcrumbList\",\"@id\":\"https:\\\/\\\/twoteknik.dk\\\/de\\\/vare\\\/sps-primaer-winter-4-kg-ca-18m2-kraver-nicht-epoxy-kurs\\\/#breadcrumb\",\"itemListElement\":[{\"@type\":\"ListItem\",\"position\":1,\"name\":\"Hjem\",\"item\":\"https:\\\/\\\/twoteknik.dk\\\/de\\\/\"},{\"@type\":\"ListItem\",\"position\":2,\"name\":\"Shop\",\"item\":\"https:\\\/\\\/twoteknik.dk\\\/de\\\/shop-2\\\/\"},{\"@type\":\"ListItem\",\"position\":3,\"name\":\"SPS PRIMARY WINTER 4 KG (ca. 18m2) Erfordert keine Epoxidschicht\"}]},{\"@type\":\"WebSite\",\"@id\":\"https:\\\/\\\/twoteknik.dk\\\/de\\\/#website\",\"url\":\"https:\\\/\\\/twoteknik.dk\\\/de\\\/\",\"name\":\"PCB Forsegling, Radonsikring og Asbest Forsegling | TWO Teknik\",\"description\":\"Forsegling af PCB - Radon, Asbest &amp; BTEX. Find PCB forsegling m.m. der virker, her how TWOTeknik.dk\",\"publisher\":{\"@id\":\"https:\\\/\\\/twoteknik.dk\\\/de\\\/#organization\"},\"potentialAction\":[{\"@type\":\"SearchAction\",\"target\":{\"@type\":\"EntryPoint\",\"urlTemplate\":\"https:\\\/\\\/twoteknik.dk\\\/de\\\/?s={search_term_string}\"},\"query-input\":{\"@type\":\"PropertyValueSpecification\",\"valueRequired\":true,\"valueName\":\"search_term_string\"}}],\"inLanguage\":\"de\"},{\"@type\":\"Organization\",\"@id\":\"https:\\\/\\\/twoteknik.dk\\\/de\\\/#organization\",\"name\":\"PCB Forsegling, Radonsikring og Asbest Forsegling | TWO Teknik\",\"url\":\"https:\\\/\\\/twoteknik.dk\\\/de\\\/\",\"logo\":{\"@type\":\"ImageObject\",\"inLanguage\":\"de\",\"@id\":\"https:\\\/\\\/twoteknik.dk\\\/de\\\/#\\\/schema\\\/logo\\\/image\\\/\",\"url\":\"https:\\\/\\\/twoteknik.dk\\\/wp-content\\\/uploads\\\/2023\\\/02\\\/logoNEW.png\",\"contentUrl\":\"https:\\\/\\\/twoteknik.dk\\\/wp-content\\\/uploads\\\/2023\\\/02\\\/logoNEW.png\",\"width\":1034,\"height\":300,\"caption\":\"PCB Forsegling, Radonsikring og Asbest Forsegling | TWO Teknik\"},\"image\":{\"@id\":\"https:\\\/\\\/twoteknik.dk\\\/de\\\/#\\\/schema\\\/logo\\\/image\\\/\"},\"sameAs\":[\"https:\\\/\\\/www.facebook.com\\\/TWOTeknikApS\",\"https:\\\/\\\/www.linkedin.com\\\/company\\\/two-teknik-aps-din-samarbejdspartner-til-pcb-forsegling\\\/\"]}]}<\/script>\n<!-- \/ Yoast SEO plugin. -->","yoast_head_json":{"title":"SPS PRIMARY WINTER 4 KG (ca. 18m2) Erfordert keine Epoxidschicht - PCB Forsegling, Radonsikring og Asbest Forsegling | TWO Teknik","robots":{"index":"index","follow":"follow","max-snippet":"max-snippet:-1","max-image-preview":"max-image-preview:large","max-video-preview":"max-video-preview:-1"},"canonical":"https:\/\/twoteknik.dk\/de\/vare\/sps-primaer-winter-4-kg-ca-18m2-kraver-nicht-epoxy-kurs\/","og_locale":"de_DE","og_type":"article","og_title":"SPS PRIMARY WINTER 4 KG (ca. 18m2) Erfordert keine Epoxidschicht - PCB Forsegling, Radonsikring og Asbest Forsegling | TWO Teknik","og_description":"4 kg \/ 1.800,- pro kg ex. MWST.   FAKTEN: - Der weltweit einzige PCB-Versiegler, der bei 1 Grad Celsius aush\u00e4rtet. - Reduziert die Ausgasung um mehr als 95 %. - V\u00f6llig frei von Epoxid und L\u00f6sungsmitteln und gibt keine sch\u00e4dlichen Emissionen ab. - Erspart den Abriss und die Wiederherstellung von PCB-haltigen Geb\u00e4udeteilen. - Erm\u00f6glicht eine Nachbearbeitung nach nur 24 Stunden. - Spart zus\u00e4tzliche Kosten f\u00fcr Winterma\u00dfnahmen. - Es kann von allen Fachleuten verwendet werden und erfordert keine spezielle Ausbildung oder Zertifizierung. - Hinterl\u00e4sst eine klare und glatte Oberfl\u00e4che, die nachbearbeitet werden kann. - Kann in mehreren Farben eingef\u00e4rbt werden, auch delta-gef\u00e4rbt f\u00fcr erh\u00f6hte Qualit\u00e4tssicherung. - Empfohlen von den f\u00fchrenden Ingenieurb\u00fcros des Landes.","og_url":"https:\/\/twoteknik.dk\/de\/vare\/sps-primaer-winter-4-kg-ca-18m2-kraver-nicht-epoxy-kurs\/","og_site_name":"PCB Forsegling, Radonsikring og Asbest Forsegling | TWO Teknik","article_publisher":"https:\/\/www.facebook.com\/TWOTeknikApS","article_modified_time":"2024-07-19T07:39:38+00:00","og_image":[{"width":421,"height":364,"url":"https:\/\/twoteknik.dk\/wp-content\/uploads\/2023\/03\/PCB-Forsegling-Primaer-Forsegler-Vinter.jpg","type":"image\/jpeg"}],"twitter_card":"summary_large_image","twitter_misc":{"Gesch\u00e4tzte Lesezeit":"2\u00a0Minuten"},"schema":{"@context":"https:\/\/schema.org","@graph":[{"@type":"WebPage","@id":"https:\/\/twoteknik.dk\/de\/vare\/sps-primaer-winter-4-kg-ca-18m2-kraver-nicht-epoxy-kurs\/","url":"https:\/\/twoteknik.dk\/de\/vare\/sps-primaer-winter-4-kg-ca-18m2-kraver-nicht-epoxy-kurs\/","name":"SPS PRIMARY WINTER 4 KG (ca. 18m2) Erfordert keine Epoxidschicht - PCB Forsegling, Radonsikring og Asbest Forsegling | TWO Teknik","isPartOf":{"@id":"https:\/\/twoteknik.dk\/de\/#website"},"primaryImageOfPage":{"@id":"https:\/\/twoteknik.dk\/de\/vare\/sps-primaer-winter-4-kg-ca-18m2-kraver-nicht-epoxy-kurs\/#primaryimage"},"image":{"@id":"https:\/\/twoteknik.dk\/de\/vare\/sps-primaer-winter-4-kg-ca-18m2-kraver-nicht-epoxy-kurs\/#primaryimage"},"thumbnailUrl":"https:\/\/twoteknik.dk\/wp-content\/uploads\/2023\/03\/PCB-Forsegling-Primaer-Forsegler-Vinter.jpg","datePublished":"2023-03-27T12:26:12+00:00","dateModified":"2024-07-19T07:39:38+00:00","breadcrumb":{"@id":"https:\/\/twoteknik.dk\/de\/vare\/sps-primaer-winter-4-kg-ca-18m2-kraver-nicht-epoxy-kurs\/#breadcrumb"},"inLanguage":"de","potentialAction":[{"@type":"ReadAction","target":["https:\/\/twoteknik.dk\/de\/vare\/sps-primaer-winter-4-kg-ca-18m2-kraver-nicht-epoxy-kurs\/"]}]},{"@type":"ImageObject","inLanguage":"de","@id":"https:\/\/twoteknik.dk\/de\/vare\/sps-primaer-winter-4-kg-ca-18m2-kraver-nicht-epoxy-kurs\/#primaryimage","url":"https:\/\/twoteknik.dk\/wp-content\/uploads\/2023\/03\/PCB-Forsegling-Primaer-Forsegler-Vinter.jpg","contentUrl":"https:\/\/twoteknik.dk\/wp-content\/uploads\/2023\/03\/PCB-Forsegling-Primaer-Forsegler-Vinter.jpg","width":421,"height":364},{"@type":"BreadcrumbList","@id":"https:\/\/twoteknik.dk\/de\/vare\/sps-primaer-winter-4-kg-ca-18m2-kraver-nicht-epoxy-kurs\/#breadcrumb","itemListElement":[{"@type":"ListItem","position":1,"name":"Hjem","item":"https:\/\/twoteknik.dk\/de\/"},{"@type":"ListItem","position":2,"name":"Shop","item":"https:\/\/twoteknik.dk\/de\/shop-2\/"},{"@type":"ListItem","position":3,"name":"SPS PRIMARY WINTER 4 KG (ca. 18m2) Erfordert keine Epoxidschicht"}]},{"@type":"WebSite","@id":"https:\/\/twoteknik.dk\/de\/#website","url":"https:\/\/twoteknik.dk\/de\/","name":"PCB Forsegling, Radonsikring og Asbest Forsegling | TWO Teknik","description":"Forsegling af PCB - Radon, Asbest &amp; BTEX. Find PCB forsegling m.m. der virker, her how TWOTeknik.dk","publisher":{"@id":"https:\/\/twoteknik.dk\/de\/#organization"},"potentialAction":[{"@type":"SearchAction","target":{"@type":"EntryPoint","urlTemplate":"https:\/\/twoteknik.dk\/de\/?s={search_term_string}"},"query-input":{"@type":"PropertyValueSpecification","valueRequired":true,"valueName":"search_term_string"}}],"inLanguage":"de"},{"@type":"Organization","@id":"https:\/\/twoteknik.dk\/de\/#organization","name":"PCB Forsegling, Radonsikring og Asbest Forsegling | TWO Teknik","url":"https:\/\/twoteknik.dk\/de\/","logo":{"@type":"ImageObject","inLanguage":"de","@id":"https:\/\/twoteknik.dk\/de\/#\/schema\/logo\/image\/","url":"https:\/\/twoteknik.dk\/wp-content\/uploads\/2023\/02\/logoNEW.png","contentUrl":"https:\/\/twoteknik.dk\/wp-content\/uploads\/2023\/02\/logoNEW.png","width":1034,"height":300,"caption":"PCB Forsegling, Radonsikring og Asbest Forsegling | TWO Teknik"},"image":{"@id":"https:\/\/twoteknik.dk\/de\/#\/schema\/logo\/image\/"},"sameAs":["https:\/\/www.facebook.com\/TWOTeknikApS","https:\/\/www.linkedin.com\/company\/two-teknik-aps-din-samarbejdspartner-til-pcb-forsegling\/"]}]}},"_links":{"self":[{"href":"https:\/\/twoteknik.dk\/de\/wp-json\/wp\/v2\/product\/211504","targetHints":{"allow":["GET"]}}],"collection":[{"href":"https:\/\/twoteknik.dk\/de\/wp-json\/wp\/v2\/product"}],"about":[{"href":"https:\/\/twoteknik.dk\/de\/wp-json\/wp\/v2\/types\/product"}],"wp:featuredmedia":[{"embeddable":true,"href":"https:\/\/twoteknik.dk\/de\/wp-json\/wp\/v2\/media\/210630"}],"wp:attachment":[{"href":"https:\/\/twoteknik.dk\/de\/wp-json\/wp\/v2\/media?parent=211504"}],"wp:term":[{"taxonomy":"product_brand","embeddable":true,"href":"https:\/\/twoteknik.dk\/de\/wp-json\/wp\/v2\/product_brand?post=211504"},{"taxonomy":"product_cat","embeddable":true,"href":"https:\/\/twoteknik.dk\/de\/wp-json\/wp\/v2\/product_cat?post=211504"},{"taxonomy":"product_tag","embeddable":true,"href":"https:\/\/twoteknik.dk\/de\/wp-json\/wp\/v2\/product_tag?post=211504"}],"curies":[{"name":"wp","href":"https:\/\/api.w.org\/{rel}","templated":true}]}}