{"id":211502,"date":"2023-03-27T14:26:12","date_gmt":"2023-03-27T12:26:12","guid":{"rendered":"https:\/\/twoteknik.dk\/vare\/sps-seal-trace-sporstof\/"},"modified":"2024-07-19T09:42:50","modified_gmt":"2024-07-19T07:42:50","slug":"sps-seal-trace-trace-tracer","status":"publish","type":"product","link":"https:\/\/twoteknik.dk\/de\/vare\/sps-seal-trace-trace-tracer\/","title":{"rendered":"SPS SEAL TRACE SPORSTOF"},"content":{"rendered":"<p><strong>FAKTEN:<\/strong><br \/>\n&#8211; Bietet Gewissheit \u00fcber die Versiegelungswirkung.<br \/>\n&#8211; Erm\u00f6glicht Messungen zu jeder Zeit.<br \/>\n&#8211; Kann auf allen Arten von Oberfl\u00e4chen verwendet werden.<br \/>\n&#8211; Der einzige Tracer auf dem Markt f\u00fcr Leiterplattenversiegelung.<br \/>\n&#8211; SPS SEAL TRACE\u00a9 ist zum Patent angemeldet.<br \/>\n&#8211; Bietet eine deutlich verbesserte Qualit\u00e4tssicherung.<br \/>\n&#8211; Die SPS-Serie ist f\u00fcr PCB-Probleme konzipiert.<br \/>\n&#8211; Die SPS-Serie wird in D\u00e4nemark entwickelt und produziert.<\/p>\n","protected":false},"excerpt":{"rendered":"<p>SPS Seal Trace wird beim Kauf von SPS Prim\u00e4r und SPS Prim\u00e4r Vinter als U\/B geliefert. SPS SEAL TRACE ist ein einzigartiges Spurstoff zur Arbeit mit der Versiegelung von PCB. Der Spurstoff ist speziell hergestellt worden, um die Dichtheit und Effektivit\u00e4t einer PCB-Versiegelung jederzeit testen zu k\u00f6nnen. Der Spurstoff wird vor der Versiegelung aufgetragen und hat aufgrund seiner Diffusionseigenschaften und seines Siedepunkts, der dem von leichten PCB-Kongeneren\/PCB-Typen \u00e4hnelt, dieselben Voraussetzungen, um durch eine versiegelte Oberfl\u00e4che zu dringen wie das versiegelte PCB. Der Spurstoff kommt in der Natur nicht in \u00e4hnlicher Form vor, und daher kann mit Sicherheit geschlossen werden, dass ein Nachweis des Spurstoffs in der Luft von einer Undichtigkeit in der Versiegelung stammt, wodurch die Versiegelung auch die Diffusion von PCB zul\u00e4sst. Der Spurstoff kann ausschlie\u00dflich verwendet werden, um die Versiegelungsf\u00e4higkeit auf der Oberfl\u00e4che nachzuweisen, auf der der Spurstoff und die Versiegelung verwendet wurden. F\u00fcgen Sie 1 St\u00fcck dem Warenkorb hinzu, und wir liefern die richtige Menge SPS Seal Trace f\u00fcr die Bestellung.<\/p>\n","protected":false},"featured_media":210632,"template":"","meta":{"site-sidebar-layout":"default","site-content-layout":"default","ast-site-content-layout":"default","site-content-style":"default","site-sidebar-style":"default","ast-global-header-display":"","ast-banner-title-visibility":"","ast-main-header-display":"","ast-hfb-above-header-display":"","ast-hfb-below-header-display":"","ast-hfb-mobile-header-display":"","site-post-title":"","ast-breadcrumbs-content":"","ast-featured-img":"","footer-sml-layout":"","ast-disable-related-posts":"","theme-transparent-header-meta":"default","adv-header-id-meta":"","stick-header-meta":"default","header-above-stick-meta":"","header-main-stick-meta":"","header-below-stick-meta":"","astra-migrate-meta-layouts":"set","ast-page-background-enabled":"default","ast-page-background-meta":{"desktop":{"background-color":"","background-image":"","background-repeat":"repeat","background-position":"center center","background-size":"auto","background-attachment":"scroll","background-type":"","background-media":"","overlay-type":"","overlay-color":"","overlay-opacity":"","overlay-gradient":""},"tablet":{"background-color":"","background-image":"","background-repeat":"repeat","background-position":"center center","background-size":"auto","background-attachment":"scroll","background-type":"","background-media":"","overlay-type":"","overlay-color":"","overlay-opacity":"","overlay-gradient":""},"mobile":{"background-color":"","background-image":"","background-repeat":"repeat","background-position":"center center","background-size":"auto","background-attachment":"scroll","background-type":"","background-media":"","overlay-type":"","overlay-color":"","overlay-opacity":"","overlay-gradient":""}},"ast-content-background-meta":{"desktop":{"background-color":"var(--ast-global-color-5)","background-image":"","background-repeat":"repeat","background-position":"center center","background-size":"auto","background-attachment":"scroll","background-type":"","background-media":"","overlay-type":"","overlay-color":"","overlay-opacity":"","overlay-gradient":""},"tablet":{"background-color":"var(--ast-global-color-5)","background-image":"","background-repeat":"repeat","background-position":"center center","background-size":"auto","background-attachment":"scroll","background-type":"","background-media":"","overlay-type":"","overlay-color":"","overlay-opacity":"","overlay-gradient":""},"mobile":{"background-color":"var(--ast-global-color-5)","background-image":"","background-repeat":"repeat","background-position":"center center","background-size":"auto","background-attachment":"scroll","background-type":"","background-media":"","overlay-type":"","overlay-color":"","overlay-opacity":"","overlay-gradient":""}}},"product_brand":[],"product_cat":[59,67],"product_tag":[],"class_list":{"0":"post-211502","1":"product","2":"type-product","3":"status-publish","4":"has-post-thumbnail","6":"product_cat-alle-produkte","7":"product_cat-pcb-spurensubstanz","8":"desktop-align-center","9":"tablet-align-left","10":"mobile-align-left","11":"ast-product-gallery-layout-horizontal-slider","12":"ast-product-gallery-with-no-image","13":"ast-product-tabs-layout-accordion","15":"first","16":"instock","17":"taxable","18":"shipping-taxable","19":"purchasable","20":"product-type-simple"},"yoast_head":"<!-- This site is optimized with the Yoast SEO plugin v27.4 - https:\/\/yoast.com\/product\/yoast-seo-wordpress\/ -->\n<title>SPS SEAL TRACE SPORSTOF - PCB Forsegling, Radonsikring og Asbest Forsegling | TWO Teknik<\/title>\n<meta name=\"robots\" content=\"index, follow, max-snippet:-1, max-image-preview:large, max-video-preview:-1\" \/>\n<link rel=\"canonical\" href=\"https:\/\/twoteknik.dk\/de\/vare\/sps-seal-trace-trace-tracer\/\" \/>\n<meta property=\"og:locale\" content=\"de_DE\" \/>\n<meta property=\"og:type\" content=\"article\" \/>\n<meta property=\"og:title\" content=\"SPS SEAL TRACE SPORSTOF - PCB Forsegling, Radonsikring og Asbest Forsegling | TWO Teknik\" \/>\n<meta property=\"og:description\" content=\"SPS Seal Trace wird beim Kauf von SPS Prim\u00e4r und SPS Prim\u00e4r Vinter als U\/B geliefert. SPS SEAL TRACE ist ein einzigartiges Spurstoff zur Arbeit mit der Versiegelung von PCB. Der Spurstoff ist speziell hergestellt worden, um die Dichtheit und Effektivit\u00e4t einer PCB-Versiegelung jederzeit testen zu k\u00f6nnen. Der Spurstoff wird vor der Versiegelung aufgetragen und hat aufgrund seiner Diffusionseigenschaften und seines Siedepunkts, der dem von leichten PCB-Kongeneren\/PCB-Typen \u00e4hnelt, dieselben Voraussetzungen, um durch eine versiegelte Oberfl\u00e4che zu dringen wie das versiegelte PCB. Der Spurstoff kommt in der Natur nicht in \u00e4hnlicher Form vor, und daher kann mit Sicherheit geschlossen werden, dass ein Nachweis des Spurstoffs in der Luft von einer Undichtigkeit in der Versiegelung stammt, wodurch die Versiegelung auch die Diffusion von PCB zul\u00e4sst. Der Spurstoff kann ausschlie\u00dflich verwendet werden, um die Versiegelungsf\u00e4higkeit auf der Oberfl\u00e4che nachzuweisen, auf der der Spurstoff und die Versiegelung verwendet wurden. F\u00fcgen Sie 1 St\u00fcck dem Warenkorb hinzu, und wir liefern die richtige Menge SPS Seal Trace f\u00fcr die Bestellung.\" \/>\n<meta property=\"og:url\" content=\"https:\/\/twoteknik.dk\/de\/vare\/sps-seal-trace-trace-tracer\/\" \/>\n<meta property=\"og:site_name\" content=\"PCB Forsegling, Radonsikring og Asbest Forsegling | TWO Teknik\" \/>\n<meta property=\"article:publisher\" content=\"https:\/\/www.facebook.com\/TWOTeknikApS\" \/>\n<meta property=\"article:modified_time\" content=\"2024-07-19T07:42:50+00:00\" \/>\n<meta property=\"og:image\" content=\"https:\/\/twoteknik.dk\/wp-content\/uploads\/2023\/03\/Kvalitetssikring-af-PCB-Forsegling-SPS.jpg\" \/>\n\t<meta property=\"og:image:width\" content=\"372\" \/>\n\t<meta property=\"og:image:height\" content=\"326\" \/>\n\t<meta property=\"og:image:type\" content=\"image\/jpeg\" \/>\n<meta name=\"twitter:card\" content=\"summary_large_image\" \/>\n<meta name=\"twitter:label1\" content=\"Gesch\u00e4tzte Lesezeit\" \/>\n\t<meta name=\"twitter:data1\" content=\"1\u00a0Minute\" \/>\n<script type=\"application\/ld+json\" class=\"yoast-schema-graph\">{\"@context\":\"https:\\\/\\\/schema.org\",\"@graph\":[{\"@type\":\"WebPage\",\"@id\":\"https:\\\/\\\/twoteknik.dk\\\/de\\\/vare\\\/sps-seal-trace-trace-tracer\\\/\",\"url\":\"https:\\\/\\\/twoteknik.dk\\\/de\\\/vare\\\/sps-seal-trace-trace-tracer\\\/\",\"name\":\"SPS SEAL TRACE SPORSTOF - PCB Forsegling, Radonsikring og Asbest Forsegling | TWO Teknik\",\"isPartOf\":{\"@id\":\"https:\\\/\\\/twoteknik.dk\\\/de\\\/#website\"},\"primaryImageOfPage\":{\"@id\":\"https:\\\/\\\/twoteknik.dk\\\/de\\\/vare\\\/sps-seal-trace-trace-tracer\\\/#primaryimage\"},\"image\":{\"@id\":\"https:\\\/\\\/twoteknik.dk\\\/de\\\/vare\\\/sps-seal-trace-trace-tracer\\\/#primaryimage\"},\"thumbnailUrl\":\"https:\\\/\\\/twoteknik.dk\\\/wp-content\\\/uploads\\\/2023\\\/03\\\/Kvalitetssikring-af-PCB-Forsegling-SPS.jpg\",\"datePublished\":\"2023-03-27T12:26:12+00:00\",\"dateModified\":\"2024-07-19T07:42:50+00:00\",\"breadcrumb\":{\"@id\":\"https:\\\/\\\/twoteknik.dk\\\/de\\\/vare\\\/sps-seal-trace-trace-tracer\\\/#breadcrumb\"},\"inLanguage\":\"de\",\"potentialAction\":[{\"@type\":\"ReadAction\",\"target\":[\"https:\\\/\\\/twoteknik.dk\\\/de\\\/vare\\\/sps-seal-trace-trace-tracer\\\/\"]}]},{\"@type\":\"ImageObject\",\"inLanguage\":\"de\",\"@id\":\"https:\\\/\\\/twoteknik.dk\\\/de\\\/vare\\\/sps-seal-trace-trace-tracer\\\/#primaryimage\",\"url\":\"https:\\\/\\\/twoteknik.dk\\\/wp-content\\\/uploads\\\/2023\\\/03\\\/Kvalitetssikring-af-PCB-Forsegling-SPS.jpg\",\"contentUrl\":\"https:\\\/\\\/twoteknik.dk\\\/wp-content\\\/uploads\\\/2023\\\/03\\\/Kvalitetssikring-af-PCB-Forsegling-SPS.jpg\",\"width\":372,\"height\":326},{\"@type\":\"BreadcrumbList\",\"@id\":\"https:\\\/\\\/twoteknik.dk\\\/de\\\/vare\\\/sps-seal-trace-trace-tracer\\\/#breadcrumb\",\"itemListElement\":[{\"@type\":\"ListItem\",\"position\":1,\"name\":\"Hjem\",\"item\":\"https:\\\/\\\/twoteknik.dk\\\/de\\\/\"},{\"@type\":\"ListItem\",\"position\":2,\"name\":\"Shop\",\"item\":\"https:\\\/\\\/twoteknik.dk\\\/de\\\/shop-2\\\/\"},{\"@type\":\"ListItem\",\"position\":3,\"name\":\"SPS SEAL TRACE SPORSTOF\"}]},{\"@type\":\"WebSite\",\"@id\":\"https:\\\/\\\/twoteknik.dk\\\/de\\\/#website\",\"url\":\"https:\\\/\\\/twoteknik.dk\\\/de\\\/\",\"name\":\"PCB Forsegling, Radonsikring og Asbest Forsegling | TWO Teknik\",\"description\":\"Forsegling af PCB - Radon, Asbest &amp; BTEX. Find PCB forsegling m.m. der virker, her how TWOTeknik.dk\",\"publisher\":{\"@id\":\"https:\\\/\\\/twoteknik.dk\\\/de\\\/#organization\"},\"potentialAction\":[{\"@type\":\"SearchAction\",\"target\":{\"@type\":\"EntryPoint\",\"urlTemplate\":\"https:\\\/\\\/twoteknik.dk\\\/de\\\/?s={search_term_string}\"},\"query-input\":{\"@type\":\"PropertyValueSpecification\",\"valueRequired\":true,\"valueName\":\"search_term_string\"}}],\"inLanguage\":\"de\"},{\"@type\":\"Organization\",\"@id\":\"https:\\\/\\\/twoteknik.dk\\\/de\\\/#organization\",\"name\":\"PCB Forsegling, Radonsikring og Asbest Forsegling | TWO Teknik\",\"url\":\"https:\\\/\\\/twoteknik.dk\\\/de\\\/\",\"logo\":{\"@type\":\"ImageObject\",\"inLanguage\":\"de\",\"@id\":\"https:\\\/\\\/twoteknik.dk\\\/de\\\/#\\\/schema\\\/logo\\\/image\\\/\",\"url\":\"https:\\\/\\\/twoteknik.dk\\\/wp-content\\\/uploads\\\/2023\\\/02\\\/logoNEW.png\",\"contentUrl\":\"https:\\\/\\\/twoteknik.dk\\\/wp-content\\\/uploads\\\/2023\\\/02\\\/logoNEW.png\",\"width\":1034,\"height\":300,\"caption\":\"PCB Forsegling, Radonsikring og Asbest Forsegling | TWO Teknik\"},\"image\":{\"@id\":\"https:\\\/\\\/twoteknik.dk\\\/de\\\/#\\\/schema\\\/logo\\\/image\\\/\"},\"sameAs\":[\"https:\\\/\\\/www.facebook.com\\\/TWOTeknikApS\",\"https:\\\/\\\/www.linkedin.com\\\/company\\\/two-teknik-aps-din-samarbejdspartner-til-pcb-forsegling\\\/\"]}]}<\/script>\n<!-- \/ Yoast SEO plugin. -->","yoast_head_json":{"title":"SPS SEAL TRACE SPORSTOF - PCB Forsegling, Radonsikring og Asbest Forsegling | TWO Teknik","robots":{"index":"index","follow":"follow","max-snippet":"max-snippet:-1","max-image-preview":"max-image-preview:large","max-video-preview":"max-video-preview:-1"},"canonical":"https:\/\/twoteknik.dk\/de\/vare\/sps-seal-trace-trace-tracer\/","og_locale":"de_DE","og_type":"article","og_title":"SPS SEAL TRACE SPORSTOF - PCB Forsegling, Radonsikring og Asbest Forsegling | TWO Teknik","og_description":"SPS Seal Trace wird beim Kauf von SPS Prim\u00e4r und SPS Prim\u00e4r Vinter als U\/B geliefert. SPS SEAL TRACE ist ein einzigartiges Spurstoff zur Arbeit mit der Versiegelung von PCB. Der Spurstoff ist speziell hergestellt worden, um die Dichtheit und Effektivit\u00e4t einer PCB-Versiegelung jederzeit testen zu k\u00f6nnen. Der Spurstoff wird vor der Versiegelung aufgetragen und hat aufgrund seiner Diffusionseigenschaften und seines Siedepunkts, der dem von leichten PCB-Kongeneren\/PCB-Typen \u00e4hnelt, dieselben Voraussetzungen, um durch eine versiegelte Oberfl\u00e4che zu dringen wie das versiegelte PCB. Der Spurstoff kommt in der Natur nicht in \u00e4hnlicher Form vor, und daher kann mit Sicherheit geschlossen werden, dass ein Nachweis des Spurstoffs in der Luft von einer Undichtigkeit in der Versiegelung stammt, wodurch die Versiegelung auch die Diffusion von PCB zul\u00e4sst. Der Spurstoff kann ausschlie\u00dflich verwendet werden, um die Versiegelungsf\u00e4higkeit auf der Oberfl\u00e4che nachzuweisen, auf der der Spurstoff und die Versiegelung verwendet wurden. F\u00fcgen Sie 1 St\u00fcck dem Warenkorb hinzu, und wir liefern die richtige Menge SPS Seal Trace f\u00fcr die Bestellung.","og_url":"https:\/\/twoteknik.dk\/de\/vare\/sps-seal-trace-trace-tracer\/","og_site_name":"PCB Forsegling, Radonsikring og Asbest Forsegling | TWO Teknik","article_publisher":"https:\/\/www.facebook.com\/TWOTeknikApS","article_modified_time":"2024-07-19T07:42:50+00:00","og_image":[{"width":372,"height":326,"url":"https:\/\/twoteknik.dk\/wp-content\/uploads\/2023\/03\/Kvalitetssikring-af-PCB-Forsegling-SPS.jpg","type":"image\/jpeg"}],"twitter_card":"summary_large_image","twitter_misc":{"Gesch\u00e4tzte Lesezeit":"1\u00a0Minute"},"schema":{"@context":"https:\/\/schema.org","@graph":[{"@type":"WebPage","@id":"https:\/\/twoteknik.dk\/de\/vare\/sps-seal-trace-trace-tracer\/","url":"https:\/\/twoteknik.dk\/de\/vare\/sps-seal-trace-trace-tracer\/","name":"SPS SEAL TRACE SPORSTOF - PCB Forsegling, Radonsikring og Asbest Forsegling | TWO Teknik","isPartOf":{"@id":"https:\/\/twoteknik.dk\/de\/#website"},"primaryImageOfPage":{"@id":"https:\/\/twoteknik.dk\/de\/vare\/sps-seal-trace-trace-tracer\/#primaryimage"},"image":{"@id":"https:\/\/twoteknik.dk\/de\/vare\/sps-seal-trace-trace-tracer\/#primaryimage"},"thumbnailUrl":"https:\/\/twoteknik.dk\/wp-content\/uploads\/2023\/03\/Kvalitetssikring-af-PCB-Forsegling-SPS.jpg","datePublished":"2023-03-27T12:26:12+00:00","dateModified":"2024-07-19T07:42:50+00:00","breadcrumb":{"@id":"https:\/\/twoteknik.dk\/de\/vare\/sps-seal-trace-trace-tracer\/#breadcrumb"},"inLanguage":"de","potentialAction":[{"@type":"ReadAction","target":["https:\/\/twoteknik.dk\/de\/vare\/sps-seal-trace-trace-tracer\/"]}]},{"@type":"ImageObject","inLanguage":"de","@id":"https:\/\/twoteknik.dk\/de\/vare\/sps-seal-trace-trace-tracer\/#primaryimage","url":"https:\/\/twoteknik.dk\/wp-content\/uploads\/2023\/03\/Kvalitetssikring-af-PCB-Forsegling-SPS.jpg","contentUrl":"https:\/\/twoteknik.dk\/wp-content\/uploads\/2023\/03\/Kvalitetssikring-af-PCB-Forsegling-SPS.jpg","width":372,"height":326},{"@type":"BreadcrumbList","@id":"https:\/\/twoteknik.dk\/de\/vare\/sps-seal-trace-trace-tracer\/#breadcrumb","itemListElement":[{"@type":"ListItem","position":1,"name":"Hjem","item":"https:\/\/twoteknik.dk\/de\/"},{"@type":"ListItem","position":2,"name":"Shop","item":"https:\/\/twoteknik.dk\/de\/shop-2\/"},{"@type":"ListItem","position":3,"name":"SPS SEAL TRACE SPORSTOF"}]},{"@type":"WebSite","@id":"https:\/\/twoteknik.dk\/de\/#website","url":"https:\/\/twoteknik.dk\/de\/","name":"PCB Forsegling, Radonsikring og Asbest Forsegling | TWO Teknik","description":"Forsegling af PCB - Radon, Asbest &amp; BTEX. Find PCB forsegling m.m. der virker, her how TWOTeknik.dk","publisher":{"@id":"https:\/\/twoteknik.dk\/de\/#organization"},"potentialAction":[{"@type":"SearchAction","target":{"@type":"EntryPoint","urlTemplate":"https:\/\/twoteknik.dk\/de\/?s={search_term_string}"},"query-input":{"@type":"PropertyValueSpecification","valueRequired":true,"valueName":"search_term_string"}}],"inLanguage":"de"},{"@type":"Organization","@id":"https:\/\/twoteknik.dk\/de\/#organization","name":"PCB Forsegling, Radonsikring og Asbest Forsegling | TWO Teknik","url":"https:\/\/twoteknik.dk\/de\/","logo":{"@type":"ImageObject","inLanguage":"de","@id":"https:\/\/twoteknik.dk\/de\/#\/schema\/logo\/image\/","url":"https:\/\/twoteknik.dk\/wp-content\/uploads\/2023\/02\/logoNEW.png","contentUrl":"https:\/\/twoteknik.dk\/wp-content\/uploads\/2023\/02\/logoNEW.png","width":1034,"height":300,"caption":"PCB Forsegling, Radonsikring og Asbest Forsegling | TWO Teknik"},"image":{"@id":"https:\/\/twoteknik.dk\/de\/#\/schema\/logo\/image\/"},"sameAs":["https:\/\/www.facebook.com\/TWOTeknikApS","https:\/\/www.linkedin.com\/company\/two-teknik-aps-din-samarbejdspartner-til-pcb-forsegling\/"]}]}},"_links":{"self":[{"href":"https:\/\/twoteknik.dk\/de\/wp-json\/wp\/v2\/product\/211502","targetHints":{"allow":["GET"]}}],"collection":[{"href":"https:\/\/twoteknik.dk\/de\/wp-json\/wp\/v2\/product"}],"about":[{"href":"https:\/\/twoteknik.dk\/de\/wp-json\/wp\/v2\/types\/product"}],"wp:featuredmedia":[{"embeddable":true,"href":"https:\/\/twoteknik.dk\/de\/wp-json\/wp\/v2\/media\/210632"}],"wp:attachment":[{"href":"https:\/\/twoteknik.dk\/de\/wp-json\/wp\/v2\/media?parent=211502"}],"wp:term":[{"taxonomy":"product_brand","embeddable":true,"href":"https:\/\/twoteknik.dk\/de\/wp-json\/wp\/v2\/product_brand?post=211502"},{"taxonomy":"product_cat","embeddable":true,"href":"https:\/\/twoteknik.dk\/de\/wp-json\/wp\/v2\/product_cat?post=211502"},{"taxonomy":"product_tag","embeddable":true,"href":"https:\/\/twoteknik.dk\/de\/wp-json\/wp\/v2\/product_tag?post=211502"}],"curies":[{"name":"wp","href":"https:\/\/api.w.org\/{rel}","templated":true}]}}