{"id":211500,"date":"2023-03-27T14:26:12","date_gmt":"2023-03-27T12:26:12","guid":{"rendered":"https:\/\/twoteknik.dk\/vare\/sps-primary-47-kg-ca-20m2-erfordert-keine-epoxidschicht\/"},"modified":"2024-07-19T09:41:19","modified_gmt":"2024-07-19T07:41:19","slug":"sps-primaer-47-kg-ca-20m2-knacker-nicht-epoxy-kurs","status":"publish","type":"product","link":"https:\/\/twoteknik.dk\/de\/vare\/sps-primaer-47-kg-ca-20m2-knacker-nicht-epoxy-kurs\/","title":{"rendered":"SPS PRIMARY 4,7 KG (ca. 20m2) Erfordert keine Epoxidschicht"},"content":{"rendered":"<p>SPS Prim\u00e4r ist eine hochtechnologische Diffusionssperre, die speziell entwickelt wurde, um die Freisetzung von PCB-haltigen Oberfl\u00e4chen zu stoppen. SPS Prim\u00e4r wurde umfassend getestet und die Wirkung ist gut dokumentiert. Tests, die an der Universit\u00e4t Roskilde und in einer d\u00e4nischen Umweltanalyse durchgef\u00fchrt wurden, zeigen, dass TWO SPS die Freisetzung von PCB-haltigen Oberfl\u00e4chen \u00fcber einen Zeitraum von mehr als 10 Jahren um mehr als 95 % reduzieren kann. SPS Prim\u00e4r ist der umweltfreundlichste PCB-Versiegler auf dem Markt und enth\u00e4lt kein Epoxid, Isocyanate oder L\u00f6sungsmittel. Daher kann SPS Prim\u00e4r von allen Fachleuten verwendet werden und erfordert keine speziellen Schulungen oder Zertifikate. SPS Prim\u00e4r ist ber\u00fchrungstrocken innerhalb weniger Stunden und ist nach 24 Stunden ausgeh\u00e4rtet. Die Versiegelung erlaubt Arbeiten bereits nach 24 Stunden. Das bedeutet, dass am Tag nach der Versiegelung weitergearbeitet werden kann, zum Beispiel mit dem Einbau von Fenstern, \u00dcbermalung, Fugen usw. Wir unterst\u00fctzen immer mit gr\u00fcndlicher Anleitung und Beratung bei der Verwendung aller unserer Produkte. SPS Prim\u00e4r wird in mindestens 2 Schichten aufgetragen, mit 30-60 Minuten zwischen den Schichten. Wenn die fertige Schichtdicke von mindestens 150 \u00b5m erreicht ist, muss die Versiegelung 24 Stunden aush\u00e4rten. NB: Schichtdickenmessger\u00e4te sind immer im Produkt enthalten.<\/p>\n<p><strong>Ungef\u00e4hre Deckkraft bei 2 Anstrichen:<\/strong><\/p>\n<ul>\n<li>Auf Beton 4 &#8211; 6 m2 pro kg.<\/li>\n<li>Auf Ziegeln: 2 &#8211; 3 m2 pro kg<\/li>\n<li>Nicht saugf\u00e4hige Oberfl\u00e4chen: 8 &#8211; 12 m2 pro kg.<\/li>\n<\/ul>\n","protected":false},"excerpt":{"rendered":"<p><em>4 kg \/ 1.800,- pro kg ex. MWST. <\/em><\/p>\n<p><strong>FAKTEN:<\/strong><br \/>\n&#8211; Reduziert effektiv die Ausgasung um mehr als 95 %.<br \/>\n&#8211; Empfohlen von den f\u00fchrenden Ingenieurb\u00fcros des Landes.<br \/>\n&#8211; SPS stoppt die Entgasung mit fast sofortiger Wirkung.<br \/>\n&#8211; Erspart den Abriss und die Wiederherstellung von sekund\u00e4ren PCB-haltigen Bauteilen.<br \/>\n&#8211; Frei von L\u00f6sungsmitteln und ohne sch\u00e4dliche Eigenemissionen.<br \/>\n&#8211; Hinterl\u00e4sst eine klare und glatte Oberfl\u00e4che, die nachbearbeitet werden kann.<br \/>\n&#8211; Kann auf Anfrage teilweise oder vollst\u00e4ndig eingef\u00e4rbt geliefert werden.<br \/>\n&#8211; Kann von allen Fachleuten verwendet werden und h\u00e4rtet innerhalb von 24 Stunden aus.<\/p>\n","protected":false},"featured_media":210628,"template":"","meta":{"site-sidebar-layout":"default","site-content-layout":"default","ast-site-content-layout":"default","site-content-style":"default","site-sidebar-style":"default","ast-global-header-display":"","ast-banner-title-visibility":"","ast-main-header-display":"","ast-hfb-above-header-display":"","ast-hfb-below-header-display":"","ast-hfb-mobile-header-display":"","site-post-title":"","ast-breadcrumbs-content":"","ast-featured-img":"","footer-sml-layout":"","ast-disable-related-posts":"","theme-transparent-header-meta":"default","adv-header-id-meta":"","stick-header-meta":"default","header-above-stick-meta":"","header-main-stick-meta":"","header-below-stick-meta":"","astra-migrate-meta-layouts":"set","ast-page-background-enabled":"default","ast-page-background-meta":{"desktop":{"background-color":"","background-image":"","background-repeat":"repeat","background-position":"center center","background-size":"auto","background-attachment":"scroll","background-type":"","background-media":"","overlay-type":"","overlay-color":"","overlay-opacity":"","overlay-gradient":""},"tablet":{"background-color":"","background-image":"","background-repeat":"repeat","background-position":"center center","background-size":"auto","background-attachment":"scroll","background-type":"","background-media":"","overlay-type":"","overlay-color":"","overlay-opacity":"","overlay-gradient":""},"mobile":{"background-color":"","background-image":"","background-repeat":"repeat","background-position":"center center","background-size":"auto","background-attachment":"scroll","background-type":"","background-media":"","overlay-type":"","overlay-color":"","overlay-opacity":"","overlay-gradient":""}},"ast-content-background-meta":{"desktop":{"background-color":"var(--ast-global-color-5)","background-image":"","background-repeat":"repeat","background-position":"center center","background-size":"auto","background-attachment":"scroll","background-type":"","background-media":"","overlay-type":"","overlay-color":"","overlay-opacity":"","overlay-gradient":""},"tablet":{"background-color":"var(--ast-global-color-5)","background-image":"","background-repeat":"repeat","background-position":"center center","background-size":"auto","background-attachment":"scroll","background-type":"","background-media":"","overlay-type":"","overlay-color":"","overlay-opacity":"","overlay-gradient":""},"mobile":{"background-color":"var(--ast-global-color-5)","background-image":"","background-repeat":"repeat","background-position":"center center","background-size":"auto","background-attachment":"scroll","background-type":"","background-media":"","overlay-type":"","overlay-color":"","overlay-opacity":"","overlay-gradient":""}}},"product_brand":[],"product_cat":[59,63],"product_tag":[79,77,85,75],"class_list":{"0":"post-211500","1":"product","2":"type-product","3":"status-publish","4":"has-post-thumbnail","6":"product_cat-alle-produkte","7":"product_cat-pcb-versiegelung","8":"product_tag-pcb-versiegelung","9":"product_tag-qualitaetssicherung","10":"product_tag-sps-primaer-de","11":"product_tag-verkapselung-von-pcb","12":"desktop-align-center","13":"tablet-align-left","14":"mobile-align-left","15":"ast-product-gallery-layout-horizontal-slider","16":"ast-product-gallery-with-no-image","17":"ast-product-tabs-layout-accordion","19":"first","20":"instock","21":"taxable","22":"shipping-taxable","23":"purchasable","24":"product-type-simple"},"yoast_head":"<!-- This site is optimized with the Yoast SEO plugin v27.4 - https:\/\/yoast.com\/product\/yoast-seo-wordpress\/ -->\n<title>SPS PRIMARY 4,7 KG (ca. 20m2) Erfordert keine Epoxidschicht - PCB Forsegling, Radonsikring og Asbest Forsegling | TWO Teknik<\/title>\n<meta name=\"robots\" content=\"index, follow, max-snippet:-1, max-image-preview:large, max-video-preview:-1\" \/>\n<link rel=\"canonical\" href=\"https:\/\/twoteknik.dk\/de\/vare\/sps-primaer-47-kg-ca-20m2-knacker-nicht-epoxy-kurs\/\" \/>\n<meta property=\"og:locale\" content=\"de_DE\" \/>\n<meta property=\"og:type\" content=\"article\" \/>\n<meta property=\"og:title\" content=\"SPS PRIMARY 4,7 KG (ca. 20m2) Erfordert keine Epoxidschicht - PCB Forsegling, Radonsikring og Asbest Forsegling | TWO Teknik\" \/>\n<meta property=\"og:description\" content=\"4 kg \/ 1.800,- pro kg ex. MWST.   FAKTEN: - Reduziert effektiv die Ausgasung um mehr als 95 %. - Empfohlen von den f\u00fchrenden Ingenieurb\u00fcros des Landes. - SPS stoppt die Entgasung mit fast sofortiger Wirkung. - Erspart den Abriss und die Wiederherstellung von sekund\u00e4ren PCB-haltigen Bauteilen. - Frei von L\u00f6sungsmitteln und ohne sch\u00e4dliche Eigenemissionen. - Hinterl\u00e4sst eine klare und glatte Oberfl\u00e4che, die nachbearbeitet werden kann. - Kann auf Anfrage teilweise oder vollst\u00e4ndig eingef\u00e4rbt geliefert werden. - Kann von allen Fachleuten verwendet werden und h\u00e4rtet innerhalb von 24 Stunden aus.\" \/>\n<meta property=\"og:url\" content=\"https:\/\/twoteknik.dk\/de\/vare\/sps-primaer-47-kg-ca-20m2-knacker-nicht-epoxy-kurs\/\" \/>\n<meta property=\"og:site_name\" content=\"PCB Forsegling, Radonsikring og Asbest Forsegling | TWO Teknik\" \/>\n<meta property=\"article:publisher\" content=\"https:\/\/www.facebook.com\/TWOTeknikApS\" \/>\n<meta property=\"article:modified_time\" content=\"2024-07-19T07:41:19+00:00\" \/>\n<meta property=\"og:image\" content=\"https:\/\/twoteknik.dk\/wp-content\/uploads\/2023\/03\/PCB-Forsegling-Primaer-Forsegler.jpg\" \/>\n\t<meta property=\"og:image:width\" content=\"479\" \/>\n\t<meta property=\"og:image:height\" content=\"400\" \/>\n\t<meta property=\"og:image:type\" content=\"image\/jpeg\" \/>\n<meta name=\"twitter:card\" content=\"summary_large_image\" \/>\n<meta name=\"twitter:label1\" content=\"Gesch\u00e4tzte Lesezeit\" \/>\n\t<meta name=\"twitter:data1\" content=\"2\u00a0Minuten\" \/>\n<script type=\"application\/ld+json\" class=\"yoast-schema-graph\">{\"@context\":\"https:\\\/\\\/schema.org\",\"@graph\":[{\"@type\":\"WebPage\",\"@id\":\"https:\\\/\\\/twoteknik.dk\\\/de\\\/vare\\\/sps-primaer-47-kg-ca-20m2-knacker-nicht-epoxy-kurs\\\/\",\"url\":\"https:\\\/\\\/twoteknik.dk\\\/de\\\/vare\\\/sps-primaer-47-kg-ca-20m2-knacker-nicht-epoxy-kurs\\\/\",\"name\":\"SPS PRIMARY 4,7 KG (ca. 20m2) Erfordert keine Epoxidschicht - PCB Forsegling, Radonsikring og Asbest Forsegling | TWO Teknik\",\"isPartOf\":{\"@id\":\"https:\\\/\\\/twoteknik.dk\\\/de\\\/#website\"},\"primaryImageOfPage\":{\"@id\":\"https:\\\/\\\/twoteknik.dk\\\/de\\\/vare\\\/sps-primaer-47-kg-ca-20m2-knacker-nicht-epoxy-kurs\\\/#primaryimage\"},\"image\":{\"@id\":\"https:\\\/\\\/twoteknik.dk\\\/de\\\/vare\\\/sps-primaer-47-kg-ca-20m2-knacker-nicht-epoxy-kurs\\\/#primaryimage\"},\"thumbnailUrl\":\"https:\\\/\\\/twoteknik.dk\\\/wp-content\\\/uploads\\\/2023\\\/03\\\/PCB-Forsegling-Primaer-Forsegler.jpg\",\"datePublished\":\"2023-03-27T12:26:12+00:00\",\"dateModified\":\"2024-07-19T07:41:19+00:00\",\"breadcrumb\":{\"@id\":\"https:\\\/\\\/twoteknik.dk\\\/de\\\/vare\\\/sps-primaer-47-kg-ca-20m2-knacker-nicht-epoxy-kurs\\\/#breadcrumb\"},\"inLanguage\":\"de\",\"potentialAction\":[{\"@type\":\"ReadAction\",\"target\":[\"https:\\\/\\\/twoteknik.dk\\\/de\\\/vare\\\/sps-primaer-47-kg-ca-20m2-knacker-nicht-epoxy-kurs\\\/\"]}]},{\"@type\":\"ImageObject\",\"inLanguage\":\"de\",\"@id\":\"https:\\\/\\\/twoteknik.dk\\\/de\\\/vare\\\/sps-primaer-47-kg-ca-20m2-knacker-nicht-epoxy-kurs\\\/#primaryimage\",\"url\":\"https:\\\/\\\/twoteknik.dk\\\/wp-content\\\/uploads\\\/2023\\\/03\\\/PCB-Forsegling-Primaer-Forsegler.jpg\",\"contentUrl\":\"https:\\\/\\\/twoteknik.dk\\\/wp-content\\\/uploads\\\/2023\\\/03\\\/PCB-Forsegling-Primaer-Forsegler.jpg\",\"width\":479,\"height\":400},{\"@type\":\"BreadcrumbList\",\"@id\":\"https:\\\/\\\/twoteknik.dk\\\/de\\\/vare\\\/sps-primaer-47-kg-ca-20m2-knacker-nicht-epoxy-kurs\\\/#breadcrumb\",\"itemListElement\":[{\"@type\":\"ListItem\",\"position\":1,\"name\":\"Hjem\",\"item\":\"https:\\\/\\\/twoteknik.dk\\\/de\\\/\"},{\"@type\":\"ListItem\",\"position\":2,\"name\":\"Shop\",\"item\":\"https:\\\/\\\/twoteknik.dk\\\/de\\\/shop-2\\\/\"},{\"@type\":\"ListItem\",\"position\":3,\"name\":\"SPS PRIMARY 4,7 KG (ca. 20m2) Erfordert keine Epoxidschicht\"}]},{\"@type\":\"WebSite\",\"@id\":\"https:\\\/\\\/twoteknik.dk\\\/de\\\/#website\",\"url\":\"https:\\\/\\\/twoteknik.dk\\\/de\\\/\",\"name\":\"PCB Forsegling, Radonsikring og Asbest Forsegling | TWO Teknik\",\"description\":\"Forsegling af PCB - Radon, Asbest &amp; BTEX. Find PCB forsegling m.m. der virker, her how TWOTeknik.dk\",\"publisher\":{\"@id\":\"https:\\\/\\\/twoteknik.dk\\\/de\\\/#organization\"},\"potentialAction\":[{\"@type\":\"SearchAction\",\"target\":{\"@type\":\"EntryPoint\",\"urlTemplate\":\"https:\\\/\\\/twoteknik.dk\\\/de\\\/?s={search_term_string}\"},\"query-input\":{\"@type\":\"PropertyValueSpecification\",\"valueRequired\":true,\"valueName\":\"search_term_string\"}}],\"inLanguage\":\"de\"},{\"@type\":\"Organization\",\"@id\":\"https:\\\/\\\/twoteknik.dk\\\/de\\\/#organization\",\"name\":\"PCB Forsegling, Radonsikring og Asbest Forsegling | TWO Teknik\",\"url\":\"https:\\\/\\\/twoteknik.dk\\\/de\\\/\",\"logo\":{\"@type\":\"ImageObject\",\"inLanguage\":\"de\",\"@id\":\"https:\\\/\\\/twoteknik.dk\\\/de\\\/#\\\/schema\\\/logo\\\/image\\\/\",\"url\":\"https:\\\/\\\/twoteknik.dk\\\/wp-content\\\/uploads\\\/2023\\\/02\\\/logoNEW.png\",\"contentUrl\":\"https:\\\/\\\/twoteknik.dk\\\/wp-content\\\/uploads\\\/2023\\\/02\\\/logoNEW.png\",\"width\":1034,\"height\":300,\"caption\":\"PCB Forsegling, Radonsikring og Asbest Forsegling | TWO Teknik\"},\"image\":{\"@id\":\"https:\\\/\\\/twoteknik.dk\\\/de\\\/#\\\/schema\\\/logo\\\/image\\\/\"},\"sameAs\":[\"https:\\\/\\\/www.facebook.com\\\/TWOTeknikApS\",\"https:\\\/\\\/www.linkedin.com\\\/company\\\/two-teknik-aps-din-samarbejdspartner-til-pcb-forsegling\\\/\"]}]}<\/script>\n<!-- \/ Yoast SEO plugin. -->","yoast_head_json":{"title":"SPS PRIMARY 4,7 KG (ca. 20m2) Erfordert keine Epoxidschicht - PCB Forsegling, Radonsikring og Asbest Forsegling | TWO Teknik","robots":{"index":"index","follow":"follow","max-snippet":"max-snippet:-1","max-image-preview":"max-image-preview:large","max-video-preview":"max-video-preview:-1"},"canonical":"https:\/\/twoteknik.dk\/de\/vare\/sps-primaer-47-kg-ca-20m2-knacker-nicht-epoxy-kurs\/","og_locale":"de_DE","og_type":"article","og_title":"SPS PRIMARY 4,7 KG (ca. 20m2) Erfordert keine Epoxidschicht - PCB Forsegling, Radonsikring og Asbest Forsegling | TWO Teknik","og_description":"4 kg \/ 1.800,- pro kg ex. MWST.   FAKTEN: - Reduziert effektiv die Ausgasung um mehr als 95 %. - Empfohlen von den f\u00fchrenden Ingenieurb\u00fcros des Landes. - SPS stoppt die Entgasung mit fast sofortiger Wirkung. - Erspart den Abriss und die Wiederherstellung von sekund\u00e4ren PCB-haltigen Bauteilen. - Frei von L\u00f6sungsmitteln und ohne sch\u00e4dliche Eigenemissionen. - Hinterl\u00e4sst eine klare und glatte Oberfl\u00e4che, die nachbearbeitet werden kann. - Kann auf Anfrage teilweise oder vollst\u00e4ndig eingef\u00e4rbt geliefert werden. - Kann von allen Fachleuten verwendet werden und h\u00e4rtet innerhalb von 24 Stunden aus.","og_url":"https:\/\/twoteknik.dk\/de\/vare\/sps-primaer-47-kg-ca-20m2-knacker-nicht-epoxy-kurs\/","og_site_name":"PCB Forsegling, Radonsikring og Asbest Forsegling | TWO Teknik","article_publisher":"https:\/\/www.facebook.com\/TWOTeknikApS","article_modified_time":"2024-07-19T07:41:19+00:00","og_image":[{"width":479,"height":400,"url":"https:\/\/twoteknik.dk\/wp-content\/uploads\/2023\/03\/PCB-Forsegling-Primaer-Forsegler.jpg","type":"image\/jpeg"}],"twitter_card":"summary_large_image","twitter_misc":{"Gesch\u00e4tzte Lesezeit":"2\u00a0Minuten"},"schema":{"@context":"https:\/\/schema.org","@graph":[{"@type":"WebPage","@id":"https:\/\/twoteknik.dk\/de\/vare\/sps-primaer-47-kg-ca-20m2-knacker-nicht-epoxy-kurs\/","url":"https:\/\/twoteknik.dk\/de\/vare\/sps-primaer-47-kg-ca-20m2-knacker-nicht-epoxy-kurs\/","name":"SPS PRIMARY 4,7 KG (ca. 20m2) Erfordert keine Epoxidschicht - PCB Forsegling, Radonsikring og Asbest Forsegling | TWO Teknik","isPartOf":{"@id":"https:\/\/twoteknik.dk\/de\/#website"},"primaryImageOfPage":{"@id":"https:\/\/twoteknik.dk\/de\/vare\/sps-primaer-47-kg-ca-20m2-knacker-nicht-epoxy-kurs\/#primaryimage"},"image":{"@id":"https:\/\/twoteknik.dk\/de\/vare\/sps-primaer-47-kg-ca-20m2-knacker-nicht-epoxy-kurs\/#primaryimage"},"thumbnailUrl":"https:\/\/twoteknik.dk\/wp-content\/uploads\/2023\/03\/PCB-Forsegling-Primaer-Forsegler.jpg","datePublished":"2023-03-27T12:26:12+00:00","dateModified":"2024-07-19T07:41:19+00:00","breadcrumb":{"@id":"https:\/\/twoteknik.dk\/de\/vare\/sps-primaer-47-kg-ca-20m2-knacker-nicht-epoxy-kurs\/#breadcrumb"},"inLanguage":"de","potentialAction":[{"@type":"ReadAction","target":["https:\/\/twoteknik.dk\/de\/vare\/sps-primaer-47-kg-ca-20m2-knacker-nicht-epoxy-kurs\/"]}]},{"@type":"ImageObject","inLanguage":"de","@id":"https:\/\/twoteknik.dk\/de\/vare\/sps-primaer-47-kg-ca-20m2-knacker-nicht-epoxy-kurs\/#primaryimage","url":"https:\/\/twoteknik.dk\/wp-content\/uploads\/2023\/03\/PCB-Forsegling-Primaer-Forsegler.jpg","contentUrl":"https:\/\/twoteknik.dk\/wp-content\/uploads\/2023\/03\/PCB-Forsegling-Primaer-Forsegler.jpg","width":479,"height":400},{"@type":"BreadcrumbList","@id":"https:\/\/twoteknik.dk\/de\/vare\/sps-primaer-47-kg-ca-20m2-knacker-nicht-epoxy-kurs\/#breadcrumb","itemListElement":[{"@type":"ListItem","position":1,"name":"Hjem","item":"https:\/\/twoteknik.dk\/de\/"},{"@type":"ListItem","position":2,"name":"Shop","item":"https:\/\/twoteknik.dk\/de\/shop-2\/"},{"@type":"ListItem","position":3,"name":"SPS PRIMARY 4,7 KG (ca. 20m2) Erfordert keine Epoxidschicht"}]},{"@type":"WebSite","@id":"https:\/\/twoteknik.dk\/de\/#website","url":"https:\/\/twoteknik.dk\/de\/","name":"PCB Forsegling, Radonsikring og Asbest Forsegling | TWO Teknik","description":"Forsegling af PCB - Radon, Asbest &amp; BTEX. Find PCB forsegling m.m. der virker, her how TWOTeknik.dk","publisher":{"@id":"https:\/\/twoteknik.dk\/de\/#organization"},"potentialAction":[{"@type":"SearchAction","target":{"@type":"EntryPoint","urlTemplate":"https:\/\/twoteknik.dk\/de\/?s={search_term_string}"},"query-input":{"@type":"PropertyValueSpecification","valueRequired":true,"valueName":"search_term_string"}}],"inLanguage":"de"},{"@type":"Organization","@id":"https:\/\/twoteknik.dk\/de\/#organization","name":"PCB Forsegling, Radonsikring og Asbest Forsegling | TWO Teknik","url":"https:\/\/twoteknik.dk\/de\/","logo":{"@type":"ImageObject","inLanguage":"de","@id":"https:\/\/twoteknik.dk\/de\/#\/schema\/logo\/image\/","url":"https:\/\/twoteknik.dk\/wp-content\/uploads\/2023\/02\/logoNEW.png","contentUrl":"https:\/\/twoteknik.dk\/wp-content\/uploads\/2023\/02\/logoNEW.png","width":1034,"height":300,"caption":"PCB Forsegling, Radonsikring og Asbest Forsegling | TWO Teknik"},"image":{"@id":"https:\/\/twoteknik.dk\/de\/#\/schema\/logo\/image\/"},"sameAs":["https:\/\/www.facebook.com\/TWOTeknikApS","https:\/\/www.linkedin.com\/company\/two-teknik-aps-din-samarbejdspartner-til-pcb-forsegling\/"]}]}},"_links":{"self":[{"href":"https:\/\/twoteknik.dk\/de\/wp-json\/wp\/v2\/product\/211500","targetHints":{"allow":["GET"]}}],"collection":[{"href":"https:\/\/twoteknik.dk\/de\/wp-json\/wp\/v2\/product"}],"about":[{"href":"https:\/\/twoteknik.dk\/de\/wp-json\/wp\/v2\/types\/product"}],"wp:featuredmedia":[{"embeddable":true,"href":"https:\/\/twoteknik.dk\/de\/wp-json\/wp\/v2\/media\/210628"}],"wp:attachment":[{"href":"https:\/\/twoteknik.dk\/de\/wp-json\/wp\/v2\/media?parent=211500"}],"wp:term":[{"taxonomy":"product_brand","embeddable":true,"href":"https:\/\/twoteknik.dk\/de\/wp-json\/wp\/v2\/product_brand?post=211500"},{"taxonomy":"product_cat","embeddable":true,"href":"https:\/\/twoteknik.dk\/de\/wp-json\/wp\/v2\/product_cat?post=211500"},{"taxonomy":"product_tag","embeddable":true,"href":"https:\/\/twoteknik.dk\/de\/wp-json\/wp\/v2\/product_tag?post=211500"}],"curies":[{"name":"wp","href":"https:\/\/api.w.org\/{rel}","templated":true}]}}