{"id":211272,"date":"2023-02-12T09:16:10","date_gmt":"2023-02-12T07:16:10","guid":{"rendered":"https:\/\/twoteknik.dk\/neuigkeiten\/"},"modified":"2023-04-27T07:40:11","modified_gmt":"2023-04-27T05:40:11","slug":"neuigkeiten","status":"publish","type":"page","link":"https:\/\/twoteknik.dk\/de\/neuigkeiten\/","title":{"rendered":"Neuigkeiten"},"content":{"rendered":"\t\t<div data-elementor-type=\"wp-page\" data-elementor-id=\"211272\" class=\"elementor elementor-211272 elementor-209846\" data-elementor-post-type=\"page\">\n\t\t\t\t\t\t<section data-particle_enable=\"false\" data-particle-mobile-disabled=\"false\" class=\"elementor-section elementor-top-section elementor-element elementor-element-428203cc c-box elementor-section-boxed elementor-section-height-default elementor-section-height-default\" data-id=\"428203cc\" data-element_type=\"section\" data-e-type=\"section\" data-settings=\"{&quot;background_background&quot;:&quot;classic&quot;}\">\n\t\t\t\t\t\t\t<div class=\"elementor-background-overlay\"><\/div>\n\t\t\t\t\t\t\t<div class=\"elementor-container elementor-column-gap-default\">\n\t\t\t\t\t<div class=\"elementor-column elementor-col-100 elementor-top-column elementor-element elementor-element-7096b064\" data-id=\"7096b064\" data-element_type=\"column\" data-e-type=\"column\">\n\t\t\t<div class=\"elementor-widget-wrap elementor-element-populated\">\n\t\t\t\t\t\t<div class=\"elementor-element elementor-element-9ca647d elementor-widget__width-auto animated-slow elementor-invisible elementor-widget elementor-widget-heading\" data-id=\"9ca647d\" data-element_type=\"widget\" data-e-type=\"widget\" data-settings=\"{&quot;_animation&quot;:&quot;fadeIn&quot;}\" data-widget_type=\"heading.default\">\n\t\t\t\t<div class=\"elementor-widget-container\">\n\t\t\t\t\t<h2 class=\"elementor-heading-title elementor-size-default\">Unser<\/h2>\t\t\t\t<\/div>\n\t\t\t\t<\/div>\n\t\t\t\t<div class=\"elementor-element elementor-element-88220ae elementor-widget__width-auto animated-slow elementor-invisible elementor-widget elementor-widget-heading\" data-id=\"88220ae\" data-element_type=\"widget\" data-e-type=\"widget\" data-settings=\"{&quot;_animation&quot;:&quot;fadeIn&quot;,&quot;_animation_delay&quot;:200}\" data-widget_type=\"heading.default\">\n\t\t\t\t<div class=\"elementor-widget-container\">\n\t\t\t\t\t<h2 class=\"elementor-heading-title elementor-size-default\">Neuigkeiten<\/h2>\t\t\t\t<\/div>\n\t\t\t\t<\/div>\n\t\t\t\t\t<\/div>\n\t\t<\/div>\n\t\t\t\t\t<\/div>\n\t\t<\/section>\n\t\t\t\t<section data-particle_enable=\"false\" data-particle-mobile-disabled=\"false\" class=\"elementor-section elementor-top-section elementor-element elementor-element-d0218f2 c-box elementor-section-boxed elementor-section-height-default elementor-section-height-default\" data-id=\"d0218f2\" data-element_type=\"section\" data-e-type=\"section\" data-settings=\"{&quot;background_background&quot;:&quot;classic&quot;}\">\n\t\t\t\t\t\t<div class=\"elementor-container elementor-column-gap-default\">\n\t\t\t\t\t<div class=\"elementor-column elementor-col-100 elementor-top-column elementor-element elementor-element-b29b37b\" data-id=\"b29b37b\" data-element_type=\"column\" data-e-type=\"column\">\n\t\t\t<div class=\"elementor-widget-wrap elementor-element-populated\">\n\t\t\t\t\t\t<div class=\"elementor-element elementor-element-483cb3f uael-posts-thumbnail-ratio elementor-widget elementor-widget-uael-posts\" data-id=\"483cb3f\" data-element_type=\"widget\" data-e-type=\"widget\" data-settings=\"{&quot;card_slides_to_show&quot;:4,&quot;card_slides_to_show_tablet&quot;:2,&quot;card_slides_to_show_mobile&quot;:1}\" data-widget_type=\"uael-posts.card\">\n\t\t\t\t<div class=\"elementor-widget-container\">\n\t\t\t\t\t\t\t<div class=\"uael-post__header\">\n\t\t\t\t\t<\/div>\n\t\t<div class=\"uael-post__body\">\n\t\t\t\n\t\t\n\t\t<div class=\"uael-post-grid uael-posts\" data-query-type=\"custom\" data-structure=\"normal\" data-layout=\"\" data-page=\"211272\" data-skin=\"card\" data-filter-default=\"\" data-offset-top=\"30\" >\n\n\t\t\t\t\t\t\t<div class=\"uael-post-grid__inner uael-post__columns-4 uael-post__columns-tablet-2 uael-post__columns-mobile-1\">\n\t\t\t\n<div class=\"uael-post-wrapper   referenzen \">\n\t<div class=\"uael-post__bg-wrap\">\n\n\t\t\t\t\n\t\t<div class=\"uael-post__inner-wrap \">\n\n\t\t\t\t<div class=\"uael-post__thumbnail\">\n\t\t\t\n\t\t\t<a href=\"https:\/\/twoteknik.dk\/de\/betty-2-frederiksberg\/\" target=\"_self\" title=\"BETTY 2 &#8211; Frederiksberg\"><img fetchpriority=\"high\" decoding=\"async\" width=\"667\" height=\"500\" src=\"https:\/\/twoteknik.dk\/wp-content\/uploads\/2023\/02\/Betty-2-s.jpg\" class=\"attachment-full size-full wp-image-210466\" alt=\"\" srcset=\"https:\/\/twoteknik.dk\/wp-content\/uploads\/2023\/02\/Betty-2-s.jpg 667w, https:\/\/twoteknik.dk\/wp-content\/uploads\/2023\/02\/Betty-2-s-600x450.jpg 600w, https:\/\/twoteknik.dk\/wp-content\/uploads\/2023\/02\/Betty-2-s-300x225.jpg 300w\" sizes=\"(max-width: 667px) 100vw, 667px\" \/><\/a>\n\t\t\t\t\t<\/div>\n\t\t\n\t\t\t\n\t\t\t<div class=\"uael-post__content-wrap\">\n\n\t\t\t\t\t<h4 class=\"uael-post__title\">\n\n\t\t\n\t\t\t\t\t\t<a href=\"https:\/\/twoteknik.dk\/de\/betty-2-frederiksberg\/\" target=\"_self\">\n\t\t\t\tBETTY 2 &#8211; Frederiksberg\t\t\t<\/a>\n\n\t\t\t\t<\/h4>\n\t\t\t\t\t<div class=\"uael-post__meta-data\">\n\t\t\t\t\t<span class=\"uael-post__date\">\n\t\t\t\t\t\t\t\t\t\t\t\t\t<i aria-hidden=\"true\" class=\"fa fa-calendar\"><\/i>\t\t\t\t\t\t\t\t\t\n\t\t\t2. Januar 2020\t\t<\/span>\n\t\t\t\t<\/div>\n\t\t<div class=\"uael-post__separator\"><\/div>\t\t\t<a class=\"uael-post__read-more elementor-button\" href=\"https:\/\/twoteknik.dk\/de\/betty-2-frederiksberg\/\" target=\"_self\" aria-labelledby=\"uael-post-212342\">\n\t\t\t\t\t<span class=\"elementor-button-content-wrapper\">\n\t\t\t\t\t\t\t\t\t\t\t\t\t\t<span class=\"elementor-button-icon elementor-align-icon-left\">\n\n\t\t\t\t\t\t\t\t\t\n\t\t\t\t\t\t\t\t<\/span>\n\t\t\t\t\t\t\t\t\t\t\t\t\t\n\t\t\t\t\t\t<span class=\"elementor-button-text\" id=uael-post-212342>Weiterlesen \u2192<\/span>\n\t\t\t\t\t<\/span>\n\t\t\t\t<\/a>\n\t\t\t\t\t\t<\/div>\n\t\t\t\n\t\t<\/div>\n\t\t\n\t<\/div>\n\n<\/div>\n\n<div class=\"uael-post-wrapper   referenzen \">\n\t<div class=\"uael-post__bg-wrap\">\n\n\t\t\t\t\n\t\t<div class=\"uael-post__inner-wrap \">\n\n\t\t\t\t<div class=\"uael-post__thumbnail\">\n\t\t\t\n\t\t\t<a href=\"https:\/\/twoteknik.dk\/de\/zoologisches-museum-kopenhagen\/\" target=\"_self\" title=\"Zoologisches Museum Kopenhagen\"><img decoding=\"async\" width=\"1280\" height=\"1707\" src=\"https:\/\/twoteknik.dk\/wp-content\/uploads\/2023\/02\/Zoo.jpg\" class=\"attachment-full size-full wp-image-210474\" alt=\"\" srcset=\"https:\/\/twoteknik.dk\/wp-content\/uploads\/2023\/02\/Zoo.jpg 1280w, https:\/\/twoteknik.dk\/wp-content\/uploads\/2023\/02\/Zoo-600x800.jpg 600w, https:\/\/twoteknik.dk\/wp-content\/uploads\/2023\/02\/Zoo-225x300.jpg 225w, https:\/\/twoteknik.dk\/wp-content\/uploads\/2023\/02\/Zoo-768x1024.jpg 768w, https:\/\/twoteknik.dk\/wp-content\/uploads\/2023\/02\/Zoo-1152x1536.jpg 1152w\" sizes=\"(max-width: 1280px) 100vw, 1280px\" \/><\/a>\n\t\t\t\t\t<\/div>\n\t\t\n\t\t\t\n\t\t\t<div class=\"uael-post__content-wrap\">\n\n\t\t\t\t\t<h4 class=\"uael-post__title\">\n\n\t\t\n\t\t\t\t\t\t<a href=\"https:\/\/twoteknik.dk\/de\/zoologisches-museum-kopenhagen\/\" target=\"_self\">\n\t\t\t\tZoologisches Museum Kopenhagen\t\t\t<\/a>\n\n\t\t\t\t<\/h4>\n\t\t\t\t\t<div class=\"uael-post__meta-data\">\n\t\t\t\t\t<span class=\"uael-post__date\">\n\t\t\t\t\t\t\t\t\t\t\t\t\t<i aria-hidden=\"true\" class=\"fa fa-calendar\"><\/i>\t\t\t\t\t\t\t\t\t\n\t\t\t2. Januar 2020\t\t<\/span>\n\t\t\t\t<\/div>\n\t\t<div class=\"uael-post__separator\"><\/div>\t\t\t<a class=\"uael-post__read-more elementor-button\" href=\"https:\/\/twoteknik.dk\/de\/zoologisches-museum-kopenhagen\/\" target=\"_self\" aria-labelledby=\"uael-post-212341\">\n\t\t\t\t\t<span class=\"elementor-button-content-wrapper\">\n\t\t\t\t\t\t\t\t\t\t\t\t\t\t<span class=\"elementor-button-icon elementor-align-icon-left\">\n\n\t\t\t\t\t\t\t\t\t\n\t\t\t\t\t\t\t\t<\/span>\n\t\t\t\t\t\t\t\t\t\t\t\t\t\n\t\t\t\t\t\t<span class=\"elementor-button-text\" id=uael-post-212341>Weiterlesen \u2192<\/span>\n\t\t\t\t\t<\/span>\n\t\t\t\t<\/a>\n\t\t\t\t\t\t<\/div>\n\t\t\t\n\t\t<\/div>\n\t\t\n\t<\/div>\n\n<\/div>\n\n<div class=\"uael-post-wrapper   referenzen uncategorized \">\n\t<div class=\"uael-post__bg-wrap\">\n\n\t\t\t\t\n\t\t<div class=\"uael-post__inner-wrap \">\n\n\t\t\t\t<div class=\"uael-post__thumbnail\">\n\t\t\t\n\t\t\t<a href=\"https:\/\/twoteknik.dk\/de\/naeshoejskolen-gemeinde-aarhus\/\" target=\"_self\" title=\"N\u00e6sh\u00f8jskolen, Gemeinde Aarhus\"><img decoding=\"async\" width=\"1280\" height=\"960\" src=\"https:\/\/twoteknik.dk\/wp-content\/uploads\/2023\/02\/Naeshoejskolen.jpg\" class=\"attachment-full size-full wp-image-210454\" alt=\"\" srcset=\"https:\/\/twoteknik.dk\/wp-content\/uploads\/2023\/02\/Naeshoejskolen.jpg 1280w, https:\/\/twoteknik.dk\/wp-content\/uploads\/2023\/02\/Naeshoejskolen-600x450.jpg 600w, https:\/\/twoteknik.dk\/wp-content\/uploads\/2023\/02\/Naeshoejskolen-300x225.jpg 300w, https:\/\/twoteknik.dk\/wp-content\/uploads\/2023\/02\/Naeshoejskolen-1024x768.jpg 1024w, https:\/\/twoteknik.dk\/wp-content\/uploads\/2023\/02\/Naeshoejskolen-768x576.jpg 768w\" sizes=\"(max-width: 1280px) 100vw, 1280px\" \/><\/a>\n\t\t\t\t\t<\/div>\n\t\t\n\t\t\t\n\t\t\t<div class=\"uael-post__content-wrap\">\n\n\t\t\t\t\t<h4 class=\"uael-post__title\">\n\n\t\t\n\t\t\t\t\t\t<a href=\"https:\/\/twoteknik.dk\/de\/naeshoejskolen-gemeinde-aarhus\/\" target=\"_self\">\n\t\t\t\tN\u00e6sh\u00f8jskolen, Gemeinde Aarhus\t\t\t<\/a>\n\n\t\t\t\t<\/h4>\n\t\t\t\t\t<div class=\"uael-post__meta-data\">\n\t\t\t\t\t<span class=\"uael-post__date\">\n\t\t\t\t\t\t\t\t\t\t\t\t\t<i aria-hidden=\"true\" class=\"fa fa-calendar\"><\/i>\t\t\t\t\t\t\t\t\t\n\t\t\t24. Mai 2019\t\t<\/span>\n\t\t\t\t<\/div>\n\t\t<div class=\"uael-post__separator\"><\/div>\t\t\t<a class=\"uael-post__read-more elementor-button\" href=\"https:\/\/twoteknik.dk\/de\/naeshoejskolen-gemeinde-aarhus\/\" target=\"_self\" aria-labelledby=\"uael-post-212343\">\n\t\t\t\t\t<span class=\"elementor-button-content-wrapper\">\n\t\t\t\t\t\t\t\t\t\t\t\t\t\t<span class=\"elementor-button-icon elementor-align-icon-left\">\n\n\t\t\t\t\t\t\t\t\t\n\t\t\t\t\t\t\t\t<\/span>\n\t\t\t\t\t\t\t\t\t\t\t\t\t\n\t\t\t\t\t\t<span class=\"elementor-button-text\" id=uael-post-212343>Weiterlesen \u2192<\/span>\n\t\t\t\t\t<\/span>\n\t\t\t\t<\/a>\n\t\t\t\t\t\t<\/div>\n\t\t\t\n\t\t<\/div>\n\t\t\n\t<\/div>\n\n<\/div>\n\t\t\t\t<\/div>\n\t\t\t\t\t\t\n\t\t<\/div>\n\n\t\t\t\t\t\t<\/div>\n\t\t<div class=\"uael-post__footer\">\n\t\t\t\t\t<\/div>\n\t\t\t\t\t\t<\/div>\n\t\t\t\t<\/div>\n\t\t\t\t\t<\/div>\n\t\t<\/div>\n\t\t\t\t\t<\/div>\n\t\t<\/section>\n\t\t\t\t<\/div>\n\t\t","protected":false},"excerpt":{"rendered":"<p>Unser Neuigkeiten TWO Teknik opn\u00e5r som de f\u00f8rste i Norden anerkendt klimam\u00e6rkning med PCB forseglingsprodukt 12. juni 2020 Weiterlesen \u2192 Arbejdstilsynets nye vejledning s\u00e6tter en stopper for brug af epoxy som PCB sp\u00e6rrer 21. januar 2020 Weiterlesen \u2192 Zoologisk Museum K\u00f8benhavn 2. januar 2020 Weiterlesen \u2192 M\u00e5ske verdens bedste PCB forsegler V3.0 2. januar 2020 [&hellip;]<\/p>\n","protected":false},"author":1,"featured_media":0,"parent":0,"menu_order":0,"comment_status":"closed","ping_status":"closed","template":"elementor_header_footer","meta":{"site-sidebar-layout":"no-sidebar","site-content-layout":"page-builder","ast-site-content-layout":"default","site-content-style":"default","site-sidebar-style":"default","ast-global-header-display":"","ast-banner-title-visibility":"","ast-main-header-display":"","ast-hfb-above-header-display":"","ast-hfb-below-header-display":"","ast-hfb-mobile-header-display":"","site-post-title":"disabled","ast-breadcrumbs-content":"","ast-featured-img":"disabled","footer-sml-layout":"","ast-disable-related-posts":"","theme-transparent-header-meta":"","adv-header-id-meta":"","stick-header-meta":"","header-above-stick-meta":"","header-main-stick-meta":"","header-below-stick-meta":"","astra-migrate-meta-layouts":"default","ast-page-background-enabled":"default","ast-page-background-meta":{"desktop":{"background-color":"","background-image":"","background-repeat":"repeat","background-position":"center center","background-size":"auto","background-attachment":"scroll","background-type":"","background-media":"","overlay-type":"","overlay-color":"","overlay-opacity":"","overlay-gradient":""},"tablet":{"background-color":"","background-image":"","background-repeat":"repeat","background-position":"center center","background-size":"auto","background-attachment":"scroll","background-type":"","background-media":"","overlay-type":"","overlay-color":"","overlay-opacity":"","overlay-gradient":""},"mobile":{"background-color":"","background-image":"","background-repeat":"repeat","background-position":"center center","background-size":"auto","background-attachment":"scroll","background-type":"","background-media":"","overlay-type":"","overlay-color":"","overlay-opacity":"","overlay-gradient":""}},"ast-content-background-meta":{"desktop":{"background-color":"var(--ast-global-color-5)","background-image":"","background-repeat":"repeat","background-position":"center center","background-size":"auto","background-attachment":"scroll","background-type":"","background-media":"","overlay-type":"","overlay-color":"","overlay-opacity":"","overlay-gradient":""},"tablet":{"background-color":"var(--ast-global-color-5)","background-image":"","background-repeat":"repeat","background-position":"center center","background-size":"auto","background-attachment":"scroll","background-type":"","background-media":"","overlay-type":"","overlay-color":"","overlay-opacity":"","overlay-gradient":""},"mobile":{"background-color":"var(--ast-global-color-5)","background-image":"","background-repeat":"repeat","background-position":"center center","background-size":"auto","background-attachment":"scroll","background-type":"","background-media":"","overlay-type":"","overlay-color":"","overlay-opacity":"","overlay-gradient":""}},"footnotes":""},"class_list":["post-211272","page","type-page","status-publish","hentry"],"yoast_head":"<!-- This site is optimized with the Yoast SEO plugin v27.4 - https:\/\/yoast.com\/product\/yoast-seo-wordpress\/ -->\n<title>Neuigkeiten - PCB Forsegling, Radonsikring og Asbest Forsegling | TWO Teknik<\/title>\n<meta name=\"robots\" content=\"index, follow, max-snippet:-1, max-image-preview:large, max-video-preview:-1\" \/>\n<link rel=\"canonical\" href=\"https:\/\/twoteknik.dk\/de\/neuigkeiten\/\" \/>\n<meta property=\"og:locale\" content=\"de_DE\" \/>\n<meta property=\"og:type\" content=\"article\" \/>\n<meta property=\"og:title\" content=\"Neuigkeiten - PCB Forsegling, Radonsikring og Asbest Forsegling | TWO Teknik\" \/>\n<meta property=\"og:description\" content=\"Unser Neuigkeiten TWO Teknik opn\u00e5r som de f\u00f8rste i Norden anerkendt klimam\u00e6rkning med PCB forseglingsprodukt 12. juni 2020 Weiterlesen \u2192 Arbejdstilsynets nye vejledning s\u00e6tter en stopper for brug af epoxy som PCB sp\u00e6rrer 21. januar 2020 Weiterlesen \u2192 Zoologisk Museum K\u00f8benhavn 2. januar 2020 Weiterlesen \u2192 M\u00e5ske verdens bedste PCB forsegler V3.0 2. januar 2020 [&hellip;]\" \/>\n<meta property=\"og:url\" content=\"https:\/\/twoteknik.dk\/de\/neuigkeiten\/\" \/>\n<meta property=\"og:site_name\" content=\"PCB Forsegling, Radonsikring og Asbest Forsegling | TWO Teknik\" \/>\n<meta property=\"article:publisher\" content=\"https:\/\/www.facebook.com\/TWOTeknikApS\" \/>\n<meta property=\"article:modified_time\" content=\"2023-04-27T05:40:11+00:00\" \/>\n<meta property=\"og:image\" content=\"https:\/\/twoteknik.dk\/wp-content\/uploads\/2020\/06\/indeklima_0.jpg.png\" \/>\n<meta name=\"twitter:card\" content=\"summary_large_image\" \/>\n<meta name=\"twitter:label1\" content=\"Gesch\u00e4tzte Lesezeit\" \/>\n\t<meta name=\"twitter:data1\" content=\"1\u00a0Minute\" \/>\n<script type=\"application\/ld+json\" class=\"yoast-schema-graph\">{\"@context\":\"https:\\\/\\\/schema.org\",\"@graph\":[{\"@type\":\"WebPage\",\"@id\":\"https:\\\/\\\/twoteknik.dk\\\/de\\\/neuigkeiten\\\/\",\"url\":\"https:\\\/\\\/twoteknik.dk\\\/de\\\/neuigkeiten\\\/\",\"name\":\"Neuigkeiten - PCB Forsegling, Radonsikring og Asbest Forsegling | TWO Teknik\",\"isPartOf\":{\"@id\":\"https:\\\/\\\/twoteknik.dk\\\/de\\\/#website\"},\"primaryImageOfPage\":{\"@id\":\"https:\\\/\\\/twoteknik.dk\\\/de\\\/neuigkeiten\\\/#primaryimage\"},\"image\":{\"@id\":\"https:\\\/\\\/twoteknik.dk\\\/de\\\/neuigkeiten\\\/#primaryimage\"},\"thumbnailUrl\":\"https:\\\/\\\/twoteknik.dk\\\/wp-content\\\/uploads\\\/2020\\\/06\\\/indeklima_0.jpg.png\",\"datePublished\":\"2023-02-12T07:16:10+00:00\",\"dateModified\":\"2023-04-27T05:40:11+00:00\",\"breadcrumb\":{\"@id\":\"https:\\\/\\\/twoteknik.dk\\\/de\\\/neuigkeiten\\\/#breadcrumb\"},\"inLanguage\":\"de\",\"potentialAction\":[{\"@type\":\"ReadAction\",\"target\":[\"https:\\\/\\\/twoteknik.dk\\\/de\\\/neuigkeiten\\\/\"]}]},{\"@type\":\"ImageObject\",\"inLanguage\":\"de\",\"@id\":\"https:\\\/\\\/twoteknik.dk\\\/de\\\/neuigkeiten\\\/#primaryimage\",\"url\":\"https:\\\/\\\/twoteknik.dk\\\/wp-content\\\/uploads\\\/2020\\\/06\\\/indeklima_0.jpg.png\",\"contentUrl\":\"https:\\\/\\\/twoteknik.dk\\\/wp-content\\\/uploads\\\/2020\\\/06\\\/indeklima_0.jpg.png\"},{\"@type\":\"BreadcrumbList\",\"@id\":\"https:\\\/\\\/twoteknik.dk\\\/de\\\/neuigkeiten\\\/#breadcrumb\",\"itemListElement\":[{\"@type\":\"ListItem\",\"position\":1,\"name\":\"Hjem\",\"item\":\"https:\\\/\\\/twoteknik.dk\\\/de\\\/\"},{\"@type\":\"ListItem\",\"position\":2,\"name\":\"Neuigkeiten\"}]},{\"@type\":\"WebSite\",\"@id\":\"https:\\\/\\\/twoteknik.dk\\\/de\\\/#website\",\"url\":\"https:\\\/\\\/twoteknik.dk\\\/de\\\/\",\"name\":\"PCB Forsegling, Radonsikring og Asbest Forsegling | TWO Teknik\",\"description\":\"Forsegling af PCB - Radon, Asbest &amp; BTEX. Find PCB forsegling m.m. der virker, her how TWOTeknik.dk\",\"publisher\":{\"@id\":\"https:\\\/\\\/twoteknik.dk\\\/de\\\/#organization\"},\"potentialAction\":[{\"@type\":\"SearchAction\",\"target\":{\"@type\":\"EntryPoint\",\"urlTemplate\":\"https:\\\/\\\/twoteknik.dk\\\/de\\\/?s={search_term_string}\"},\"query-input\":{\"@type\":\"PropertyValueSpecification\",\"valueRequired\":true,\"valueName\":\"search_term_string\"}}],\"inLanguage\":\"de\"},{\"@type\":\"Organization\",\"@id\":\"https:\\\/\\\/twoteknik.dk\\\/de\\\/#organization\",\"name\":\"PCB Forsegling, Radonsikring og Asbest Forsegling | TWO Teknik\",\"url\":\"https:\\\/\\\/twoteknik.dk\\\/de\\\/\",\"logo\":{\"@type\":\"ImageObject\",\"inLanguage\":\"de\",\"@id\":\"https:\\\/\\\/twoteknik.dk\\\/de\\\/#\\\/schema\\\/logo\\\/image\\\/\",\"url\":\"https:\\\/\\\/twoteknik.dk\\\/wp-content\\\/uploads\\\/2023\\\/02\\\/logoNEW.png\",\"contentUrl\":\"https:\\\/\\\/twoteknik.dk\\\/wp-content\\\/uploads\\\/2023\\\/02\\\/logoNEW.png\",\"width\":1034,\"height\":300,\"caption\":\"PCB Forsegling, Radonsikring og Asbest Forsegling | TWO Teknik\"},\"image\":{\"@id\":\"https:\\\/\\\/twoteknik.dk\\\/de\\\/#\\\/schema\\\/logo\\\/image\\\/\"},\"sameAs\":[\"https:\\\/\\\/www.facebook.com\\\/TWOTeknikApS\",\"https:\\\/\\\/www.linkedin.com\\\/company\\\/two-teknik-aps-din-samarbejdspartner-til-pcb-forsegling\\\/\"]}]}<\/script>\n<!-- \/ Yoast SEO plugin. -->","yoast_head_json":{"title":"Neuigkeiten - PCB Forsegling, Radonsikring og Asbest Forsegling | TWO Teknik","robots":{"index":"index","follow":"follow","max-snippet":"max-snippet:-1","max-image-preview":"max-image-preview:large","max-video-preview":"max-video-preview:-1"},"canonical":"https:\/\/twoteknik.dk\/de\/neuigkeiten\/","og_locale":"de_DE","og_type":"article","og_title":"Neuigkeiten - PCB Forsegling, Radonsikring og Asbest Forsegling | TWO Teknik","og_description":"Unser Neuigkeiten TWO Teknik opn\u00e5r som de f\u00f8rste i Norden anerkendt klimam\u00e6rkning med PCB forseglingsprodukt 12. juni 2020 Weiterlesen \u2192 Arbejdstilsynets nye vejledning s\u00e6tter en stopper for brug af epoxy som PCB sp\u00e6rrer 21. januar 2020 Weiterlesen \u2192 Zoologisk Museum K\u00f8benhavn 2. januar 2020 Weiterlesen \u2192 M\u00e5ske verdens bedste PCB forsegler V3.0 2. januar 2020 [&hellip;]","og_url":"https:\/\/twoteknik.dk\/de\/neuigkeiten\/","og_site_name":"PCB Forsegling, Radonsikring og Asbest Forsegling | TWO Teknik","article_publisher":"https:\/\/www.facebook.com\/TWOTeknikApS","article_modified_time":"2023-04-27T05:40:11+00:00","og_image":[{"url":"https:\/\/twoteknik.dk\/wp-content\/uploads\/2020\/06\/indeklima_0.jpg.png","type":"","width":"","height":""}],"twitter_card":"summary_large_image","twitter_misc":{"Gesch\u00e4tzte Lesezeit":"1\u00a0Minute"},"schema":{"@context":"https:\/\/schema.org","@graph":[{"@type":"WebPage","@id":"https:\/\/twoteknik.dk\/de\/neuigkeiten\/","url":"https:\/\/twoteknik.dk\/de\/neuigkeiten\/","name":"Neuigkeiten - PCB Forsegling, Radonsikring og Asbest Forsegling | TWO Teknik","isPartOf":{"@id":"https:\/\/twoteknik.dk\/de\/#website"},"primaryImageOfPage":{"@id":"https:\/\/twoteknik.dk\/de\/neuigkeiten\/#primaryimage"},"image":{"@id":"https:\/\/twoteknik.dk\/de\/neuigkeiten\/#primaryimage"},"thumbnailUrl":"https:\/\/twoteknik.dk\/wp-content\/uploads\/2020\/06\/indeklima_0.jpg.png","datePublished":"2023-02-12T07:16:10+00:00","dateModified":"2023-04-27T05:40:11+00:00","breadcrumb":{"@id":"https:\/\/twoteknik.dk\/de\/neuigkeiten\/#breadcrumb"},"inLanguage":"de","potentialAction":[{"@type":"ReadAction","target":["https:\/\/twoteknik.dk\/de\/neuigkeiten\/"]}]},{"@type":"ImageObject","inLanguage":"de","@id":"https:\/\/twoteknik.dk\/de\/neuigkeiten\/#primaryimage","url":"https:\/\/twoteknik.dk\/wp-content\/uploads\/2020\/06\/indeklima_0.jpg.png","contentUrl":"https:\/\/twoteknik.dk\/wp-content\/uploads\/2020\/06\/indeklima_0.jpg.png"},{"@type":"BreadcrumbList","@id":"https:\/\/twoteknik.dk\/de\/neuigkeiten\/#breadcrumb","itemListElement":[{"@type":"ListItem","position":1,"name":"Hjem","item":"https:\/\/twoteknik.dk\/de\/"},{"@type":"ListItem","position":2,"name":"Neuigkeiten"}]},{"@type":"WebSite","@id":"https:\/\/twoteknik.dk\/de\/#website","url":"https:\/\/twoteknik.dk\/de\/","name":"PCB Forsegling, Radonsikring og Asbest Forsegling | TWO Teknik","description":"Forsegling af PCB - Radon, Asbest &amp; BTEX. Find PCB forsegling m.m. der virker, her how TWOTeknik.dk","publisher":{"@id":"https:\/\/twoteknik.dk\/de\/#organization"},"potentialAction":[{"@type":"SearchAction","target":{"@type":"EntryPoint","urlTemplate":"https:\/\/twoteknik.dk\/de\/?s={search_term_string}"},"query-input":{"@type":"PropertyValueSpecification","valueRequired":true,"valueName":"search_term_string"}}],"inLanguage":"de"},{"@type":"Organization","@id":"https:\/\/twoteknik.dk\/de\/#organization","name":"PCB Forsegling, Radonsikring og Asbest Forsegling | TWO Teknik","url":"https:\/\/twoteknik.dk\/de\/","logo":{"@type":"ImageObject","inLanguage":"de","@id":"https:\/\/twoteknik.dk\/de\/#\/schema\/logo\/image\/","url":"https:\/\/twoteknik.dk\/wp-content\/uploads\/2023\/02\/logoNEW.png","contentUrl":"https:\/\/twoteknik.dk\/wp-content\/uploads\/2023\/02\/logoNEW.png","width":1034,"height":300,"caption":"PCB Forsegling, Radonsikring og Asbest Forsegling | TWO Teknik"},"image":{"@id":"https:\/\/twoteknik.dk\/de\/#\/schema\/logo\/image\/"},"sameAs":["https:\/\/www.facebook.com\/TWOTeknikApS","https:\/\/www.linkedin.com\/company\/two-teknik-aps-din-samarbejdspartner-til-pcb-forsegling\/"]}]}},"_links":{"self":[{"href":"https:\/\/twoteknik.dk\/de\/wp-json\/wp\/v2\/pages\/211272","targetHints":{"allow":["GET"]}}],"collection":[{"href":"https:\/\/twoteknik.dk\/de\/wp-json\/wp\/v2\/pages"}],"about":[{"href":"https:\/\/twoteknik.dk\/de\/wp-json\/wp\/v2\/types\/page"}],"author":[{"embeddable":true,"href":"https:\/\/twoteknik.dk\/de\/wp-json\/wp\/v2\/users\/1"}],"replies":[{"embeddable":true,"href":"https:\/\/twoteknik.dk\/de\/wp-json\/wp\/v2\/comments?post=211272"}],"version-history":[{"count":0,"href":"https:\/\/twoteknik.dk\/de\/wp-json\/wp\/v2\/pages\/211272\/revisions"}],"wp:attachment":[{"href":"https:\/\/twoteknik.dk\/de\/wp-json\/wp\/v2\/media?parent=211272"}],"curies":[{"name":"wp","href":"https:\/\/api.w.org\/{rel}","templated":true}]}}