{"id":211241,"date":"2023-04-07T09:28:09","date_gmt":"2023-04-07T07:28:09","guid":{"rendered":"https:\/\/twoteknik.dk\/handelsbedingungen\/"},"modified":"2025-02-22T08:12:24","modified_gmt":"2025-02-22T06:12:24","slug":"handelsbedingungen","status":"publish","type":"page","link":"https:\/\/twoteknik.dk\/de\/handelsbedingungen\/","title":{"rendered":"Handelsbedingungen"},"content":{"rendered":"\t\t<div data-elementor-type=\"wp-page\" data-elementor-id=\"211241\" class=\"elementor elementor-211241 elementor-210999\" data-elementor-post-type=\"page\">\n\t\t\t\t\t\t<section data-particle_enable=\"false\" data-particle-mobile-disabled=\"false\" class=\"elementor-section elementor-top-section elementor-element elementor-element-999e570 elementor-section-boxed elementor-section-height-default elementor-section-height-default\" data-id=\"999e570\" data-element_type=\"section\" data-e-type=\"section\">\n\t\t\t\t\t\t<div class=\"elementor-container elementor-column-gap-default\">\n\t\t\t\t\t<div class=\"elementor-column elementor-col-100 elementor-top-column elementor-element elementor-element-09daba2\" data-id=\"09daba2\" data-element_type=\"column\" data-e-type=\"column\">\n\t\t\t<div class=\"elementor-widget-wrap elementor-element-populated\">\n\t\t\t\t\t\t<div class=\"elementor-element elementor-element-0b17d2d elementor-widget elementor-widget-text-editor\" data-id=\"0b17d2d\" data-element_type=\"widget\" data-e-type=\"widget\" data-widget_type=\"text-editor.default\">\n\t\t\t\t<div class=\"elementor-widget-container\">\n\t\t\t\t\t\t\t\t\t<h3>Bedingungen und Konditionen f\u00fcr TWO Teknik Aps<\/h3>\n<p>TWO Teknik Aps<br \/>Rengegade 4<br \/>4660 Store Heddinge<br \/>TLF: +45 72 30 20 31<br \/>CVR: 34211000<\/p>\n<p><strong>Zahlung<br \/><\/strong>TWO Teknik Aps akzeptiert Online-Zahlungen mit Visa, Mastercard.<strong><br \/><\/strong><\/p>\n<p>Die Zahlung wird erst von Ihrem Konto abgebucht, wenn die physische Ware versendet oder das virtuelle Produkt erstellt wurde, es sei denn, es wurde etwas anderes vereinbart oder geht aus Ihrer Bestellung hervor.<\/p>\n<p>Alle Betr\u00e4ge auf der Website verstehen sich exklusive Mehrwertsteuer.<br \/>Die Website verwendet die folgenden W\u00e4hrungen f\u00fcr die Preisgestaltung:<br \/>D\u00e4nemark \u2013 d\u00e4nische Kronen (DKK).<\/p>\n<p>TWO Teknik Aps nutzt einen sicheren Zahlungsserver, der alle Informationen mit SSL-Protokoll verschl\u00fcsselt, was bedeutet, dass Ihre Daten sicher sind und nicht von Dritten gelesen werden k\u00f6nnen. Auch die eigene Website von TWO Teknik Aps verwendet Verschl\u00fcsselung mit SSL-Protokoll. <\/p>\n<p><strong>Lieferung<br \/><\/strong>Die Lieferzeit f\u00fcr Ihre Bestellung betr\u00e4gt 1-3 Werktage.<\/p>\n<p><strong>Recht auf Widerruf<\/strong><\/p>\n<p>Es besteht ein 14-t\u00e4giges Widerrufsrecht f\u00fcr in unserem Webshop gekaufte Waren.<\/p>\n<p>Perioden wird ab dem Tag berechnet; <br \/>&#8211; An dem Sie die Bestellung erhalten.<br \/>&#8211; Der Zeitraum beginnt ab dem Tag, an dem Sie die letzte Ware in physischem Besitz erhalten, wenn es sich um einen Vertrag \u00fcber mehrere verschiedene Waren handelt, die in einer einzigen Bestellung geordert, aber einzeln oder in mehreren Lieferungen zugestellt werden.<br \/>&#8211; Sie erhalten das letzte Part oder den letzten Teil in Ihrem physischen Besitz, wenn es sich um einen Vertrag \u00fcber die Lieferung von Waren handelt, die aus mehreren Partien oder Teilen bestehen.<br \/>&#8211; Die erste Ware in physischem Besitz, wenn es sich um eine regelm\u00e4\u00dfige Lieferung von Waren \u00fcber einen bestimmten Zeitraum handelt.<br \/>Die R\u00fccksendekosten m\u00fcssen Sie selbst tragen.<\/p>\n<p>Der Widerruf muss uns sp\u00e4testens 14 Tage nach dem Kauf mitgeteilt werden, und ab dem Widerruf m\u00fcssen Sie die Sendung innerhalb von 14 Tagen zur\u00fccksenden. Die Mitteilung muss per E-Mail an <span class=\"email\">info@twoteknik.dk<\/span> erfolgen. In der Mitteilung m\u00fcssen Sie deutlich angeben, dass Sie von Ihrem Widerrufsrecht Gebrauch machen m\u00f6chten. M\u00f6chten Sie den Artikel an uns zur\u00fccksenden, f\u00fcllen Sie bitte den beiliegenden Retourenschein aus und senden den Artikel an:   <br \/><span class=\"company\">TWO TEKNIK ApS<\/span><br \/><span class=\"vejnavn\">Rengegade 4<\/span><br \/><span class=\"postnummer\">4660 Store Heddinge D\u00e4nemark<\/span><\/p>\n<p>Sie k\u00f6nnen nicht vom Vertrag zur\u00fccktreten, indem Sie die Annahme der Ware lediglich verweigern, ohne gleichzeitig eine klare Mitteilung dar\u00fcber abzugeben.<\/p>\n<\/p>\n<h4>Waren, die vom Widerrufsrecht ausgeschlossen sind.<\/p>\n<\/h4>\n<p>Folgende Warenarten sind vom Widerrufsrecht ausgeschlossen:<br \/>&#8211; Waren, die nach den Vorgaben des Verbrauchers hergestellt wurden oder ein deutlich pers\u00f6nliches Merkmal aufweisen.<br \/>&#8211; Versiegelte Waren, die aus Gr\u00fcnden des Gesundheitsschutzes oder der Hygiene nicht zur R\u00fcckgabe geeignet sind und bei denen die Versiegelung nach der Lieferung gebrochen wurde.<br \/>&#8211; Waren, die aufgrund ihrer Art bei Lieferung untrennbar mit anderen vermischt werden.<br \/>&#8211; Waren, bei denen die Plombierung gebrochen ist.<br \/>&#8211; Erbrachte nicht-finanzielle Dienstleistungen, deren Erbringung mit der vorherigen ausdr\u00fccklichen Zustimmung des Verbrauchers begonnen wurde und bei denen der Verbraucher anerkannt hat, dass das Widerrufsrecht erlischt, sobald die Dienstleistung vollst\u00e4ndig erbracht ist.<br \/>&#8211; Lieferung von digitalen Inhalten, die nicht auf einem physischen Medium bereitgestellt werden, wenn deren Ausf\u00fchrung mit der vorherigen ausdr\u00fccklichen Zustimmung des Verbrauchers begonnen wurde und dieser anerkannt hat, dass er dadurch sein Widerrufsrecht verliert.<br \/>&#8211; Zeitungen, Zeitschriften oder Magazine, mit Ausnahme von Abonnementvertr\u00e4gen f\u00fcr solche Publikationen.<br \/>&#8211; Vertr\u00e4ge, die bei \u00f6ffentlicher Auktion abgeschlossen wurden.<\/p>\n<p>&#8211; Waren, die schnell verderben oder veralten.<\/p>\n<h4>R\u00fccksendung<\/h4>\n<p>Sie m\u00fcssen Ihre Bestellung ohne unn\u00f6tige Verz\u00f6gerung und sp\u00e4testens 14 Tage, nachdem Sie von Ihrem Widerrufsrecht Gebrauch gemacht haben, zur\u00fccksenden.<br \/>Sie tragen die direkten Kosten im Zusammenhang mit der R\u00fccksendung.<br \/>Bei der R\u00fccksendung sind Sie daf\u00fcr verantwortlich, dass der Artikel ordnungsgem\u00e4\u00df verpackt ist.<br \/>Bitte legen Sie eine Kopie der Bestellbest\u00e4tigung bei.<br \/>Die Bearbeitung erfolgt schneller, wenn Sie ebenfalls unser Widerrufsformular ausf\u00fcllen und beilegen.<br \/>Sie tragen das Risiko f\u00fcr den Artikel ab dem Zeitpunkt der Lieferung bis zu dem Zeitpunkt, an dem wir ihn zur\u00fcckerhalten.<br \/>Wir nehmen keine Nachnahmesendungen entgegen.    <\/p>\n<p><strong>Der Zustand der Ware bei der R\u00fccksendung<br \/><\/strong>Sie haften f\u00fcr den Wertverlust der Ware, der durch eine andere Handhabung als zur Feststellung der Art, Eigenschaften und Funktion der Ware verursacht wird. Dies bedeutet, dass Sie die Ware in demselben Umfang pr\u00fcfen d\u00fcrfen, wie wenn Sie in einem station\u00e4ren Gesch\u00e4ft einkaufen w\u00fcrden. <\/p>\n<p>Wenn die Ware \u00fcber das hinaus, was oben beschrieben wurde, ausprobiert wurde, wird sie als gebraucht und von vermindertem Wert angesehen. Das bedeutet, dass Sie bei einer R\u00fcckgabe des Kaufs einen Teil oder gar nichts des Kaufbetrags zur\u00fcckerhalten. Es liegt in der Verantwortung von TWO Teknik Aps, den Zustand der Ware zu bewerten.  <\/p>\n<p><strong>Beschwerderecht<\/strong>Es gilt eine 2-j\u00e4hrige Reklamationsfrist gem\u00e4\u00df dem d\u00e4nischen Kaufgesetz f\u00fcr Produkte. Die Reklamationsfrist gilt f\u00fcr alle Fehler in der Software, dem Material und der Herstellung. <\/p>\n<p>Reklamationen bez\u00fcglich Fehler und M\u00e4ngel m\u00fcssen innerhalb einer angemessenen Zeit nach Erhalt der Ware an TWO Teknik Aps gemeldet werden. Hierbei gelten maximal zwei Monate als angemessene Zeit, es sei denn, es wurde etwas anderes vereinbart. Wir erstatten angemessene Versandkosten.<\/p>\n<p>Die Reklamation erlischt bei unsachgem\u00e4\u00dfer oder ungew\u00f6hnlicher Bedienung des Produkts.<\/p>\n<p>TWO Teknik Aps \u00fcbernimmt die R\u00fccksendekosten in angemessenem Umfang.<\/p>\n<p>Bei R\u00fccksendungen kontaktieren Sie bitte das Unternehmen:<\/p>\n<p>TWO Teknik Aps<br \/>Korng\u00e5rden 6<br \/>4660 Store Heddinge<br \/>TLF: +45 72 30 20 31<\/p>\n<p>Reklamationen werden nicht akzeptiert, wenn sie per Nachnahme verschickt wurden.<\/p>\n<p><strong>Kunden- und Datenschutzrichtlinie<\/strong>Wir verkaufen keine personenbezogenen Daten weiter und geben Ihre personenbezogenen Daten nicht an Dritte weiter. Sie werden nur in unserer Kundendatenbank erfasst. Sie k\u00f6nnen Ihre Informationen jederzeit l\u00f6schen lassen. <\/p>\n<p>Um einen Vertrag mit TWO Teknik Aps abzuschlie\u00dfen, ben\u00f6tigen wir folgende Angaben:<br \/>-Name<br \/>-Adresse<br \/>-Telefonnummer    E-Mail Adresse<\/p>\n<p>Wir erfassen Ihre personenbezogenen Daten mit dem Ziel, Ihnen die Ware liefern zu k\u00f6nnen.<\/p>\n<p>Personenbezogene Daten werden bei TWO Teknik Aps registriert und f\u00fcr bis zu f\u00fcnf Jahre gespeichert, nach denen die Informationen gel\u00f6scht werden.<\/p>\n<p>Wenn personenbezogene Daten \u00fcber unsere Website gesammelt werden, stellen wir sicher, dass dies immer mit Ihrer ausdr\u00fccklichen Zustimmung geschieht, damit Sie genau dar\u00fcber informiert sind, welche Daten gesammelt werden und warum.<\/p>\n<p>Der Direktor und die Mitarbeiter von TWO Teknik Aps haben Zugriff auf die \u00fcber Sie registrierten Informationen.<\/p>\n<p>Als registrierte Person bei TWO Teknik Aps haben Sie jederzeit das Recht, gegen die Registrierung Widerspruch einzulegen. Sie haben auch das Recht, Einsicht in die Informationen zu nehmen, die \u00fcber Sie registriert wurden. Diese Rechte hast du gem\u00e4\u00df dem Datenschutzgesetz und Anfragen in diesem Zusammenhang sind an info@twoteknik.dk zu richten.  <\/p>\n<p><strong>Cookies<br \/><\/strong>Auf https:\/\/twoteknik.dk werden Cookies verwendet, um die Website und ihre Funktionalit\u00e4t zu optimieren und Ihren Besuch so einfach wie m\u00f6glich zu gestalten.<\/p>\n<p>Du kannst jederzeit Cookies von deinem Computer l\u00f6schen. Wie das funktioniert, h\u00e4ngt von deinem Browser ab.<\/p>\n<p><strong>Log-Statistik<br \/><\/strong>Wir verwenden auf https:\/\/twoteknik.dk eine Log-Statistik, was bedeutet, dass ein Statistiksystem Informationen sammelt, die ein statistisches Bild dar\u00fcber liefern, wie viele Besucher wir haben, woher sie kommen und an welchen Stellen der Website sie diese verlassen, usw.<\/p>\n<p>Die Log-Statistik wird nur zu dem Zweck verwendet, die Website von TWO Teknik Aps zu optimieren.<\/p>\n<p><strong>Beschwerdem\u00f6glichkeiten<br \/><\/strong>Produktreklamationen k\u00f6nnen gesendet werden an:<\/p>\n<p>Konkurrence- og Forbrugerstyrelsens<br \/>Carl Jacobsens Vej 35<br \/>2500 Valby<br \/>www.forbrug.dk<\/p>\n<p>F\u00fcr EU-B\u00fcrger au\u00dferhalb der EU m\u00fcssen Beschwerden \u00fcber die Online-Beschwerdeplattform der EU-Kommission eingereicht werden:<br \/>ec.europa.eu<\/p>\n<p>Bei Beschwerden m\u00fcssen Sie unsere E-Mail-Adresse angeben: info@twoteknik.dk sowie die Website, auf der Sie den Artikel gekauft haben.<\/p>\n\t\t\t\t\t\t\t\t<\/div>\n\t\t\t\t<\/div>\n\t\t\t\t\t<\/div>\n\t\t<\/div>\n\t\t\t\t\t<\/div>\n\t\t<\/section>\n\t\t\t\t<\/div>\n\t\t","protected":false},"excerpt":{"rendered":"<p>Bedingungen und Konditionen f\u00fcr TWO Teknik Aps TWO Teknik ApsRengegade 44660 Store HeddingeTLF: +45 72 30 20 31CVR: 34211000 ZahlungTWO Teknik Aps akzeptiert Online-Zahlungen mit Visa, Mastercard. Die Zahlung wird erst von Ihrem Konto abgebucht, wenn die physische Ware versendet oder das virtuelle Produkt erstellt wurde, es sei denn, es wurde etwas anderes vereinbart oder [&hellip;]<\/p>\n","protected":false},"author":1,"featured_media":0,"parent":0,"menu_order":0,"comment_status":"closed","ping_status":"closed","template":"elementor_header_footer","meta":{"site-sidebar-layout":"no-sidebar","site-content-layout":"page-builder","ast-site-content-layout":"default","site-content-style":"default","site-sidebar-style":"default","ast-global-header-display":"","ast-banner-title-visibility":"","ast-main-header-display":"","ast-hfb-above-header-display":"","ast-hfb-below-header-display":"","ast-hfb-mobile-header-display":"","site-post-title":"disabled","ast-breadcrumbs-content":"","ast-featured-img":"disabled","footer-sml-layout":"","ast-disable-related-posts":"","theme-transparent-header-meta":"","adv-header-id-meta":"","stick-header-meta":"","header-above-stick-meta":"","header-main-stick-meta":"","header-below-stick-meta":"","astra-migrate-meta-layouts":"default","ast-page-background-enabled":"default","ast-page-background-meta":{"desktop":{"background-color":"","background-image":"","background-repeat":"repeat","background-position":"center center","background-size":"auto","background-attachment":"scroll","background-type":"","background-media":"","overlay-type":"","overlay-color":"","overlay-opacity":"","overlay-gradient":""},"tablet":{"background-color":"","background-image":"","background-repeat":"repeat","background-position":"center center","background-size":"auto","background-attachment":"scroll","background-type":"","background-media":"","overlay-type":"","overlay-color":"","overlay-opacity":"","overlay-gradient":""},"mobile":{"background-color":"","background-image":"","background-repeat":"repeat","background-position":"center center","background-size":"auto","background-attachment":"scroll","background-type":"","background-media":"","overlay-type":"","overlay-color":"","overlay-opacity":"","overlay-gradient":""}},"ast-content-background-meta":{"desktop":{"background-color":"var(--ast-global-color-5)","background-image":"","background-repeat":"repeat","background-position":"center center","background-size":"auto","background-attachment":"scroll","background-type":"","background-media":"","overlay-type":"","overlay-color":"","overlay-opacity":"","overlay-gradient":""},"tablet":{"background-color":"var(--ast-global-color-5)","background-image":"","background-repeat":"repeat","background-position":"center center","background-size":"auto","background-attachment":"scroll","background-type":"","background-media":"","overlay-type":"","overlay-color":"","overlay-opacity":"","overlay-gradient":""},"mobile":{"background-color":"var(--ast-global-color-5)","background-image":"","background-repeat":"repeat","background-position":"center center","background-size":"auto","background-attachment":"scroll","background-type":"","background-media":"","overlay-type":"","overlay-color":"","overlay-opacity":"","overlay-gradient":""}},"footnotes":""},"class_list":["post-211241","page","type-page","status-publish","hentry"],"yoast_head":"<!-- This site is optimized with the Yoast SEO plugin v27.4 - https:\/\/yoast.com\/product\/yoast-seo-wordpress\/ -->\n<title>Handelsbedingungen - PCB Forsegling, Radonsikring og Asbest Forsegling | TWO Teknik<\/title>\n<meta name=\"robots\" content=\"index, follow, max-snippet:-1, max-image-preview:large, max-video-preview:-1\" \/>\n<link rel=\"canonical\" href=\"https:\/\/twoteknik.dk\/de\/handelsbedingungen\/\" \/>\n<meta property=\"og:locale\" content=\"de_DE\" \/>\n<meta property=\"og:type\" content=\"article\" \/>\n<meta property=\"og:title\" content=\"Handelsbedingungen - PCB Forsegling, Radonsikring og Asbest Forsegling | TWO Teknik\" \/>\n<meta property=\"og:description\" content=\"Bedingungen und Konditionen f\u00fcr TWO Teknik Aps TWO Teknik ApsRengegade 44660 Store HeddingeTLF: +45 72 30 20 31CVR: 34211000 ZahlungTWO Teknik Aps akzeptiert Online-Zahlungen mit Visa, Mastercard. Die Zahlung wird erst von Ihrem Konto abgebucht, wenn die physische Ware versendet oder das virtuelle Produkt erstellt wurde, es sei denn, es wurde etwas anderes vereinbart oder [&hellip;]\" \/>\n<meta property=\"og:url\" content=\"https:\/\/twoteknik.dk\/de\/handelsbedingungen\/\" \/>\n<meta property=\"og:site_name\" content=\"PCB Forsegling, Radonsikring og Asbest Forsegling | TWO Teknik\" \/>\n<meta property=\"article:publisher\" content=\"https:\/\/www.facebook.com\/TWOTeknikApS\" \/>\n<meta property=\"article:modified_time\" content=\"2025-02-22T06:12:24+00:00\" \/>\n<meta name=\"twitter:card\" content=\"summary_large_image\" \/>\n<meta name=\"twitter:label1\" content=\"Gesch\u00e4tzte Lesezeit\" \/>\n\t<meta name=\"twitter:data1\" content=\"6\u00a0Minuten\" \/>\n<script type=\"application\/ld+json\" class=\"yoast-schema-graph\">{\"@context\":\"https:\\\/\\\/schema.org\",\"@graph\":[{\"@type\":\"WebPage\",\"@id\":\"https:\\\/\\\/twoteknik.dk\\\/de\\\/handelsbedingungen\\\/\",\"url\":\"https:\\\/\\\/twoteknik.dk\\\/de\\\/handelsbedingungen\\\/\",\"name\":\"Handelsbedingungen - PCB Forsegling, Radonsikring og Asbest Forsegling | TWO Teknik\",\"isPartOf\":{\"@id\":\"https:\\\/\\\/twoteknik.dk\\\/de\\\/#website\"},\"datePublished\":\"2023-04-07T07:28:09+00:00\",\"dateModified\":\"2025-02-22T06:12:24+00:00\",\"breadcrumb\":{\"@id\":\"https:\\\/\\\/twoteknik.dk\\\/de\\\/handelsbedingungen\\\/#breadcrumb\"},\"inLanguage\":\"de\",\"potentialAction\":[{\"@type\":\"ReadAction\",\"target\":[\"https:\\\/\\\/twoteknik.dk\\\/de\\\/handelsbedingungen\\\/\"]}]},{\"@type\":\"BreadcrumbList\",\"@id\":\"https:\\\/\\\/twoteknik.dk\\\/de\\\/handelsbedingungen\\\/#breadcrumb\",\"itemListElement\":[{\"@type\":\"ListItem\",\"position\":1,\"name\":\"Hjem\",\"item\":\"https:\\\/\\\/twoteknik.dk\\\/de\\\/\"},{\"@type\":\"ListItem\",\"position\":2,\"name\":\"Handelsbedingungen\"}]},{\"@type\":\"WebSite\",\"@id\":\"https:\\\/\\\/twoteknik.dk\\\/de\\\/#website\",\"url\":\"https:\\\/\\\/twoteknik.dk\\\/de\\\/\",\"name\":\"PCB Forsegling, Radonsikring og Asbest Forsegling | TWO Teknik\",\"description\":\"Forsegling af PCB - Radon, Asbest &amp; BTEX. Find PCB forsegling m.m. der virker, her how TWOTeknik.dk\",\"publisher\":{\"@id\":\"https:\\\/\\\/twoteknik.dk\\\/de\\\/#organization\"},\"potentialAction\":[{\"@type\":\"SearchAction\",\"target\":{\"@type\":\"EntryPoint\",\"urlTemplate\":\"https:\\\/\\\/twoteknik.dk\\\/de\\\/?s={search_term_string}\"},\"query-input\":{\"@type\":\"PropertyValueSpecification\",\"valueRequired\":true,\"valueName\":\"search_term_string\"}}],\"inLanguage\":\"de\"},{\"@type\":\"Organization\",\"@id\":\"https:\\\/\\\/twoteknik.dk\\\/de\\\/#organization\",\"name\":\"PCB Forsegling, Radonsikring og Asbest Forsegling | TWO Teknik\",\"url\":\"https:\\\/\\\/twoteknik.dk\\\/de\\\/\",\"logo\":{\"@type\":\"ImageObject\",\"inLanguage\":\"de\",\"@id\":\"https:\\\/\\\/twoteknik.dk\\\/de\\\/#\\\/schema\\\/logo\\\/image\\\/\",\"url\":\"https:\\\/\\\/twoteknik.dk\\\/wp-content\\\/uploads\\\/2023\\\/02\\\/logoNEW.png\",\"contentUrl\":\"https:\\\/\\\/twoteknik.dk\\\/wp-content\\\/uploads\\\/2023\\\/02\\\/logoNEW.png\",\"width\":1034,\"height\":300,\"caption\":\"PCB Forsegling, Radonsikring og Asbest Forsegling | TWO Teknik\"},\"image\":{\"@id\":\"https:\\\/\\\/twoteknik.dk\\\/de\\\/#\\\/schema\\\/logo\\\/image\\\/\"},\"sameAs\":[\"https:\\\/\\\/www.facebook.com\\\/TWOTeknikApS\",\"https:\\\/\\\/www.linkedin.com\\\/company\\\/two-teknik-aps-din-samarbejdspartner-til-pcb-forsegling\\\/\"]}]}<\/script>\n<!-- \/ Yoast SEO plugin. -->","yoast_head_json":{"title":"Handelsbedingungen - PCB Forsegling, Radonsikring og Asbest Forsegling | TWO Teknik","robots":{"index":"index","follow":"follow","max-snippet":"max-snippet:-1","max-image-preview":"max-image-preview:large","max-video-preview":"max-video-preview:-1"},"canonical":"https:\/\/twoteknik.dk\/de\/handelsbedingungen\/","og_locale":"de_DE","og_type":"article","og_title":"Handelsbedingungen - PCB Forsegling, Radonsikring og Asbest Forsegling | TWO Teknik","og_description":"Bedingungen und Konditionen f\u00fcr TWO Teknik Aps TWO Teknik ApsRengegade 44660 Store HeddingeTLF: +45 72 30 20 31CVR: 34211000 ZahlungTWO Teknik Aps akzeptiert Online-Zahlungen mit Visa, Mastercard. Die Zahlung wird erst von Ihrem Konto abgebucht, wenn die physische Ware versendet oder das virtuelle Produkt erstellt wurde, es sei denn, es wurde etwas anderes vereinbart oder [&hellip;]","og_url":"https:\/\/twoteknik.dk\/de\/handelsbedingungen\/","og_site_name":"PCB Forsegling, Radonsikring og Asbest Forsegling | TWO Teknik","article_publisher":"https:\/\/www.facebook.com\/TWOTeknikApS","article_modified_time":"2025-02-22T06:12:24+00:00","twitter_card":"summary_large_image","twitter_misc":{"Gesch\u00e4tzte Lesezeit":"6\u00a0Minuten"},"schema":{"@context":"https:\/\/schema.org","@graph":[{"@type":"WebPage","@id":"https:\/\/twoteknik.dk\/de\/handelsbedingungen\/","url":"https:\/\/twoteknik.dk\/de\/handelsbedingungen\/","name":"Handelsbedingungen - PCB Forsegling, Radonsikring og Asbest Forsegling | TWO Teknik","isPartOf":{"@id":"https:\/\/twoteknik.dk\/de\/#website"},"datePublished":"2023-04-07T07:28:09+00:00","dateModified":"2025-02-22T06:12:24+00:00","breadcrumb":{"@id":"https:\/\/twoteknik.dk\/de\/handelsbedingungen\/#breadcrumb"},"inLanguage":"de","potentialAction":[{"@type":"ReadAction","target":["https:\/\/twoteknik.dk\/de\/handelsbedingungen\/"]}]},{"@type":"BreadcrumbList","@id":"https:\/\/twoteknik.dk\/de\/handelsbedingungen\/#breadcrumb","itemListElement":[{"@type":"ListItem","position":1,"name":"Hjem","item":"https:\/\/twoteknik.dk\/de\/"},{"@type":"ListItem","position":2,"name":"Handelsbedingungen"}]},{"@type":"WebSite","@id":"https:\/\/twoteknik.dk\/de\/#website","url":"https:\/\/twoteknik.dk\/de\/","name":"PCB Forsegling, Radonsikring og Asbest Forsegling | TWO Teknik","description":"Forsegling af PCB - Radon, Asbest &amp; BTEX. Find PCB forsegling m.m. der virker, her how TWOTeknik.dk","publisher":{"@id":"https:\/\/twoteknik.dk\/de\/#organization"},"potentialAction":[{"@type":"SearchAction","target":{"@type":"EntryPoint","urlTemplate":"https:\/\/twoteknik.dk\/de\/?s={search_term_string}"},"query-input":{"@type":"PropertyValueSpecification","valueRequired":true,"valueName":"search_term_string"}}],"inLanguage":"de"},{"@type":"Organization","@id":"https:\/\/twoteknik.dk\/de\/#organization","name":"PCB Forsegling, Radonsikring og Asbest Forsegling | TWO Teknik","url":"https:\/\/twoteknik.dk\/de\/","logo":{"@type":"ImageObject","inLanguage":"de","@id":"https:\/\/twoteknik.dk\/de\/#\/schema\/logo\/image\/","url":"https:\/\/twoteknik.dk\/wp-content\/uploads\/2023\/02\/logoNEW.png","contentUrl":"https:\/\/twoteknik.dk\/wp-content\/uploads\/2023\/02\/logoNEW.png","width":1034,"height":300,"caption":"PCB Forsegling, Radonsikring og Asbest Forsegling | TWO Teknik"},"image":{"@id":"https:\/\/twoteknik.dk\/de\/#\/schema\/logo\/image\/"},"sameAs":["https:\/\/www.facebook.com\/TWOTeknikApS","https:\/\/www.linkedin.com\/company\/two-teknik-aps-din-samarbejdspartner-til-pcb-forsegling\/"]}]}},"_links":{"self":[{"href":"https:\/\/twoteknik.dk\/de\/wp-json\/wp\/v2\/pages\/211241","targetHints":{"allow":["GET"]}}],"collection":[{"href":"https:\/\/twoteknik.dk\/de\/wp-json\/wp\/v2\/pages"}],"about":[{"href":"https:\/\/twoteknik.dk\/de\/wp-json\/wp\/v2\/types\/page"}],"author":[{"embeddable":true,"href":"https:\/\/twoteknik.dk\/de\/wp-json\/wp\/v2\/users\/1"}],"replies":[{"embeddable":true,"href":"https:\/\/twoteknik.dk\/de\/wp-json\/wp\/v2\/comments?post=211241"}],"version-history":[{"count":2,"href":"https:\/\/twoteknik.dk\/de\/wp-json\/wp\/v2\/pages\/211241\/revisions"}],"predecessor-version":[{"id":212702,"href":"https:\/\/twoteknik.dk\/de\/wp-json\/wp\/v2\/pages\/211241\/revisions\/212702"}],"wp:attachment":[{"href":"https:\/\/twoteknik.dk\/de\/wp-json\/wp\/v2\/media?parent=211241"}],"curies":[{"name":"wp","href":"https:\/\/api.w.org\/{rel}","templated":true}]}}