{"id":211230,"date":"2023-04-07T11:15:36","date_gmt":"2023-04-07T09:15:36","guid":{"rendered":"https:\/\/twoteknik.dk\/vielen-dank-fuer-die-nachricht\/"},"modified":"2023-04-14T12:32:39","modified_gmt":"2023-04-14T10:32:39","slug":"vielen-dank-fuer-die-nachricht","status":"publish","type":"page","link":"https:\/\/twoteknik.dk\/de\/vielen-dank-fuer-die-nachricht\/","title":{"rendered":"Vielen Dank f\u00fcr die Nachricht"},"content":{"rendered":"\t\t<div data-elementor-type=\"wp-page\" data-elementor-id=\"211230\" class=\"elementor elementor-211230 elementor-211083\" data-elementor-post-type=\"page\">\n\t\t\t\t\t\t<section data-particle_enable=\"false\" data-particle-mobile-disabled=\"false\" class=\"elementor-section elementor-top-section elementor-element elementor-element-cbe62d4 elementor-section-boxed elementor-section-height-default elementor-section-height-default\" data-id=\"cbe62d4\" data-element_type=\"section\" data-e-type=\"section\" data-settings=\"{&quot;background_background&quot;:&quot;classic&quot;}\">\n\t\t\t\t\t\t\t<div class=\"elementor-background-overlay\"><\/div>\n\t\t\t\t\t\t\t<div class=\"elementor-container elementor-column-gap-default\">\n\t\t\t\t\t<div class=\"elementor-column elementor-col-50 elementor-top-column elementor-element elementor-element-5909c73\" data-id=\"5909c73\" data-element_type=\"column\" data-e-type=\"column\">\n\t\t\t<div class=\"elementor-widget-wrap elementor-element-populated\">\n\t\t\t\t\t\t<div class=\"elementor-element elementor-element-2b42d217 elementor-widget elementor-widget-heading\" data-id=\"2b42d217\" data-element_type=\"widget\" data-e-type=\"widget\" data-settings=\"{&quot;_animation&quot;:&quot;none&quot;}\" data-widget_type=\"heading.default\">\n\t\t\t\t<div class=\"elementor-widget-container\">\n\t\t\t\t\t<h1 class=\"elementor-heading-title elementor-size-default\">Vielen Dank f\u00fcr die Nachricht<\/h1>\t\t\t\t<\/div>\n\t\t\t\t<\/div>\n\t\t\t\t<div class=\"elementor-element elementor-element-c7f0b1e elementor-widget elementor-widget-heading\" data-id=\"c7f0b1e\" data-element_type=\"widget\" data-e-type=\"widget\" data-widget_type=\"heading.default\">\n\t\t\t\t<div class=\"elementor-widget-container\">\n\t\t\t\t\t<h4 class=\"elementor-heading-title elementor-size-default\">Unsere Spezialisten werden sich so schnell wie m\u00f6glich mit Ihnen in Verbindung setzen.<\/h4>\t\t\t\t<\/div>\n\t\t\t\t<\/div>\n\t\t\t\t\t<\/div>\n\t\t<\/div>\n\t\t\t\t<div class=\"elementor-column elementor-col-50 elementor-top-column elementor-element elementor-element-17be4d4 elementor-hidden-mobile\" data-id=\"17be4d4\" data-element_type=\"column\" data-e-type=\"column\">\n\t\t\t<div class=\"elementor-widget-wrap elementor-element-populated\">\n\t\t\t\t\t\t<div class=\"elementor-element elementor-element-8d5620b elementor-widget elementor-widget-image\" data-id=\"8d5620b\" data-element_type=\"widget\" data-e-type=\"widget\" data-widget_type=\"image.default\">\n\t\t\t\t<div class=\"elementor-widget-container\">\n\t\t\t\t\t\t\t\t\t\t\t\t\t\t\t<img fetchpriority=\"high\" decoding=\"async\" width=\"400\" height=\"621\" src=\"https:\/\/twoteknik.dk\/wp-content\/uploads\/2023\/04\/handymanskygge400.png\" class=\"attachment-full size-full wp-image-211016\" alt=\"\" srcset=\"https:\/\/twoteknik.dk\/wp-content\/uploads\/2023\/04\/handymanskygge400.png 400w, https:\/\/twoteknik.dk\/wp-content\/uploads\/2023\/04\/handymanskygge400-193x300.png 193w\" sizes=\"(max-width: 400px) 100vw, 400px\" \/>\t\t\t\t\t\t\t\t\t\t\t\t\t\t\t<\/div>\n\t\t\t\t<\/div>\n\t\t\t\t\t<\/div>\n\t\t<\/div>\n\t\t\t\t\t<\/div>\n\t\t<\/section>\n\t\t\t\t<section data-particle_enable=\"false\" data-particle-mobile-disabled=\"false\" class=\"elementor-section elementor-top-section elementor-element elementor-element-7f340fa7 elementor-section-boxed elementor-section-height-default elementor-section-height-default\" data-id=\"7f340fa7\" data-element_type=\"section\" data-e-type=\"section\">\n\t\t\t\t\t\t<div class=\"elementor-container elementor-column-gap-default\">\n\t\t\t\t\t<div class=\"elementor-column elementor-col-100 elementor-top-column elementor-element elementor-element-5e4bfa21\" data-id=\"5e4bfa21\" data-element_type=\"column\" data-e-type=\"column\">\n\t\t\t<div class=\"elementor-widget-wrap elementor-element-populated\">\n\t\t\t\t\t\t<section data-particle_enable=\"false\" data-particle-mobile-disabled=\"false\" class=\"elementor-section elementor-inner-section elementor-element elementor-element-23d92bc elementor-section-boxed elementor-section-height-default elementor-section-height-default\" data-id=\"23d92bc\" data-element_type=\"section\" data-e-type=\"section\">\n\t\t\t\t\t\t<div class=\"elementor-container elementor-column-gap-default\">\n\t\t\t\t\t<div class=\"elementor-column elementor-col-33 elementor-inner-column elementor-element elementor-element-47883c1\" data-id=\"47883c1\" data-element_type=\"column\" data-e-type=\"column\" data-settings=\"{&quot;background_background&quot;:&quot;classic&quot;}\">\n\t\t\t<div class=\"elementor-widget-wrap elementor-element-populated\">\n\t\t\t\t\t\t<div class=\"elementor-element elementor-element-2e48c13 elementor-widget elementor-widget-image\" data-id=\"2e48c13\" data-element_type=\"widget\" data-e-type=\"widget\" data-widget_type=\"image.default\">\n\t\t\t\t<div class=\"elementor-widget-container\">\n\t\t\t\t\t\t\t\t\t\t\t\t\t\t\t\t<a href=\"https:\/\/twoteknik.dk\/vare\/sps-primaer-47-kg-ca-20m2-kraever-ikke-epoxy-kursus\/\">\n\t\t\t\t\t\t\t<img decoding=\"async\" width=\"479\" height=\"400\" src=\"https:\/\/twoteknik.dk\/wp-content\/uploads\/2023\/03\/PCB-Forsegling-Primaer-Forsegler.jpg\" class=\"attachment-large size-large wp-image-210628\" alt=\"\" srcset=\"https:\/\/twoteknik.dk\/wp-content\/uploads\/2023\/03\/PCB-Forsegling-Primaer-Forsegler.jpg 479w, https:\/\/twoteknik.dk\/wp-content\/uploads\/2023\/03\/PCB-Forsegling-Primaer-Forsegler-300x251.jpg 300w\" sizes=\"(max-width: 479px) 100vw, 479px\" \/>\t\t\t\t\t\t\t\t<\/a>\n\t\t\t\t\t\t\t\t\t\t\t\t\t\t\t<\/div>\n\t\t\t\t<\/div>\n\t\t\t\t<div class=\"elementor-element elementor-element-3f33089 elementor-widget elementor-widget-heading\" data-id=\"3f33089\" data-element_type=\"widget\" data-e-type=\"widget\" data-widget_type=\"heading.default\">\n\t\t\t\t<div class=\"elementor-widget-container\">\n\t\t\t\t\t<h4 class=\"elementor-heading-title elementor-size-default\"><a href=\"https:\/\/twoteknik.dk\/vare\/sps-primaer-47-kg-ca-20m2-kraever-ikke-epoxy-kursus\/\">SPS PRIM\u00c4R \/ VERSIEGELUNG<\/a><\/h4>\t\t\t\t<\/div>\n\t\t\t\t<\/div>\n\t\t\t\t\t<\/div>\n\t\t<\/div>\n\t\t\t\t<div class=\"elementor-column elementor-col-33 elementor-inner-column elementor-element elementor-element-773a636\" data-id=\"773a636\" data-element_type=\"column\" data-e-type=\"column\" data-settings=\"{&quot;background_background&quot;:&quot;classic&quot;}\">\n\t\t\t<div class=\"elementor-widget-wrap elementor-element-populated\">\n\t\t\t\t\t\t<div class=\"elementor-element elementor-element-a003b0d elementor-widget elementor-widget-image\" data-id=\"a003b0d\" data-element_type=\"widget\" data-e-type=\"widget\" data-widget_type=\"image.default\">\n\t\t\t\t<div class=\"elementor-widget-container\">\n\t\t\t\t\t\t\t\t\t\t\t\t\t\t\t\t<a href=\"https:\/\/twoteknik.dk\/vare\/sps-primaer-vinter-4-kg-ca-18m2-kraever-ikke-epoxy-kursus\/\">\n\t\t\t\t\t\t\t<img decoding=\"async\" width=\"421\" height=\"364\" src=\"https:\/\/twoteknik.dk\/wp-content\/uploads\/2023\/03\/PCB-Forsegling-Primaer-Forsegler-Vinter.jpg\" class=\"attachment-large size-large wp-image-210630\" alt=\"\" srcset=\"https:\/\/twoteknik.dk\/wp-content\/uploads\/2023\/03\/PCB-Forsegling-Primaer-Forsegler-Vinter.jpg 421w, https:\/\/twoteknik.dk\/wp-content\/uploads\/2023\/03\/PCB-Forsegling-Primaer-Forsegler-Vinter-300x259.jpg 300w\" sizes=\"(max-width: 421px) 100vw, 421px\" \/>\t\t\t\t\t\t\t\t<\/a>\n\t\t\t\t\t\t\t\t\t\t\t\t\t\t\t<\/div>\n\t\t\t\t<\/div>\n\t\t\t\t<div class=\"elementor-element elementor-element-21dfcfe elementor-widget elementor-widget-heading\" data-id=\"21dfcfe\" data-element_type=\"widget\" data-e-type=\"widget\" data-widget_type=\"heading.default\">\n\t\t\t\t<div class=\"elementor-widget-container\">\n\t\t\t\t\t<h4 class=\"elementor-heading-title elementor-size-default\"><a href=\"https:\/\/twoteknik.dk\/vare\/sps-primaer-vinter-4-kg-ca-18m2-kraever-ikke-epoxy-kursus\/\">SPS PRIM\u00c4RER WINTER \/ VERSIEGELUNG<\/a><\/h4>\t\t\t\t<\/div>\n\t\t\t\t<\/div>\n\t\t\t\t\t<\/div>\n\t\t<\/div>\n\t\t\t\t<div class=\"elementor-column elementor-col-33 elementor-inner-column elementor-element elementor-element-c934455\" data-id=\"c934455\" data-element_type=\"column\" data-e-type=\"column\" data-settings=\"{&quot;background_background&quot;:&quot;classic&quot;}\">\n\t\t\t<div class=\"elementor-widget-wrap elementor-element-populated\">\n\t\t\t\t\t\t<div class=\"elementor-element elementor-element-5b4783f elementor-widget elementor-widget-image\" data-id=\"5b4783f\" data-element_type=\"widget\" data-e-type=\"widget\" data-widget_type=\"image.default\">\n\t\t\t\t<div class=\"elementor-widget-container\">\n\t\t\t\t\t\t\t\t\t\t\t\t\t\t\t<img loading=\"lazy\" decoding=\"async\" width=\"282\" height=\"276\" src=\"https:\/\/twoteknik.dk\/wp-content\/uploads\/2023\/04\/Dinefordele-1.jpg\" class=\"attachment-large size-large wp-image-211029\" alt=\"\" \/>\t\t\t\t\t\t\t\t\t\t\t\t\t\t\t<\/div>\n\t\t\t\t<\/div>\n\t\t\t\t\t<\/div>\n\t\t<\/div>\n\t\t\t\t\t<\/div>\n\t\t<\/section>\n\t\t\t\t<div class=\"elementor-element elementor-element-c0427da elementor-widget__width-initial elementor-widget elementor-widget-image\" data-id=\"c0427da\" data-element_type=\"widget\" data-e-type=\"widget\" data-widget_type=\"image.default\">\n\t\t\t\t<div class=\"elementor-widget-container\">\n\t\t\t\t\t\t\t\t\t\t\t\t\t\t\t<img loading=\"lazy\" decoding=\"async\" width=\"570\" height=\"228\" src=\"https:\/\/twoteknik.dk\/wp-content\/uploads\/2023\/04\/spoergvoreseksperter.png\" class=\"attachment-large size-large wp-image-211035\" alt=\"\" srcset=\"https:\/\/twoteknik.dk\/wp-content\/uploads\/2023\/04\/spoergvoreseksperter.png 570w, https:\/\/twoteknik.dk\/wp-content\/uploads\/2023\/04\/spoergvoreseksperter-300x120.png 300w\" sizes=\"(max-width: 570px) 100vw, 570px\" \/>\t\t\t\t\t\t\t\t\t\t\t\t\t\t\t<\/div>\n\t\t\t\t<\/div>\n\t\t\t\t<div class=\"elementor-element elementor-element-afc85d5 elementor-align-right elementor-widget__width-initial elementor-widget elementor-widget-button\" data-id=\"afc85d5\" data-element_type=\"widget\" data-e-type=\"widget\" data-widget_type=\"button.default\">\n\t\t\t\t<div class=\"elementor-widget-container\">\n\t\t\t\t\t\t\t\t\t<div class=\"elementor-button-wrapper\">\n\t\t\t\t\t<a class=\"elementor-button elementor-button-link elementor-size-sm\" href=\"tel:+4572302031\">\n\t\t\t\t\t\t<span class=\"elementor-button-content-wrapper\">\n\t\t\t\t\t\t<span class=\"elementor-button-icon\">\n\t\t\t\t<i aria-hidden=\"true\" class=\"fas fa-phone-volume\"><\/i>\t\t\t<\/span>\n\t\t\t\t\t\t\t\t\t<span class=\"elementor-button-text\">Rufen Sie uns an<\/span>\n\t\t\t\t\t<\/span>\n\t\t\t\t\t<\/a>\n\t\t\t\t<\/div>\n\t\t\t\t\t\t\t\t<\/div>\n\t\t\t\t<\/div>\n\t\t\t\t\t<\/div>\n\t\t<\/div>\n\t\t\t\t\t<\/div>\n\t\t<\/section>\n\t\t\t\t<\/div>\n\t\t","protected":false},"excerpt":{"rendered":"<p>Vielen Dank f\u00fcr die Nachricht Unsere Spezialisten werden sich so schnell wie m\u00f6glich mit Ihnen in Verbindung setzen. SPS PRIM\u00c4R \/ VERSIEGELUNG SPS PRIM\u00c4RER WINTER \/ VERSIEGELUNG Rufen Sie uns an<\/p>\n","protected":false},"author":1,"featured_media":0,"parent":0,"menu_order":0,"comment_status":"closed","ping_status":"closed","template":"elementor_header_footer","meta":{"site-sidebar-layout":"no-sidebar","site-content-layout":"page-builder","ast-site-content-layout":"default","site-content-style":"default","site-sidebar-style":"default","ast-global-header-display":"","ast-banner-title-visibility":"","ast-main-header-display":"","ast-hfb-above-header-display":"","ast-hfb-below-header-display":"","ast-hfb-mobile-header-display":"","site-post-title":"disabled","ast-breadcrumbs-content":"","ast-featured-img":"disabled","footer-sml-layout":"","ast-disable-related-posts":"","theme-transparent-header-meta":"","adv-header-id-meta":"","stick-header-meta":"","header-above-stick-meta":"","header-main-stick-meta":"","header-below-stick-meta":"","astra-migrate-meta-layouts":"default","ast-page-background-enabled":"default","ast-page-background-meta":{"desktop":{"background-color":"","background-image":"","background-repeat":"repeat","background-position":"center center","background-size":"auto","background-attachment":"scroll","background-type":"","background-media":"","overlay-type":"","overlay-color":"","overlay-opacity":"","overlay-gradient":""},"tablet":{"background-color":"","background-image":"","background-repeat":"repeat","background-position":"center center","background-size":"auto","background-attachment":"scroll","background-type":"","background-media":"","overlay-type":"","overlay-color":"","overlay-opacity":"","overlay-gradient":""},"mobile":{"background-color":"","background-image":"","background-repeat":"repeat","background-position":"center center","background-size":"auto","background-attachment":"scroll","background-type":"","background-media":"","overlay-type":"","overlay-color":"","overlay-opacity":"","overlay-gradient":""}},"ast-content-background-meta":{"desktop":{"background-color":"var(--ast-global-color-5)","background-image":"","background-repeat":"repeat","background-position":"center center","background-size":"auto","background-attachment":"scroll","background-type":"","background-media":"","overlay-type":"","overlay-color":"","overlay-opacity":"","overlay-gradient":""},"tablet":{"background-color":"var(--ast-global-color-5)","background-image":"","background-repeat":"repeat","background-position":"center center","background-size":"auto","background-attachment":"scroll","background-type":"","background-media":"","overlay-type":"","overlay-color":"","overlay-opacity":"","overlay-gradient":""},"mobile":{"background-color":"var(--ast-global-color-5)","background-image":"","background-repeat":"repeat","background-position":"center center","background-size":"auto","background-attachment":"scroll","background-type":"","background-media":"","overlay-type":"","overlay-color":"","overlay-opacity":"","overlay-gradient":""}},"footnotes":""},"class_list":["post-211230","page","type-page","status-publish","hentry"],"yoast_head":"<!-- This site is optimized with the Yoast SEO plugin v27.5 - https:\/\/yoast.com\/product\/yoast-seo-wordpress\/ -->\n<title>Vielen Dank f\u00fcr die Nachricht - PCB Forsegling, Radonsikring og Asbest Forsegling | TWO Teknik<\/title>\n<meta name=\"robots\" content=\"index, follow, max-snippet:-1, max-image-preview:large, max-video-preview:-1\" \/>\n<link rel=\"canonical\" href=\"https:\/\/twoteknik.dk\/de\/vielen-dank-fuer-die-nachricht\/\" \/>\n<meta property=\"og:locale\" content=\"de_DE\" \/>\n<meta property=\"og:type\" content=\"article\" \/>\n<meta property=\"og:title\" content=\"Vielen Dank f\u00fcr die Nachricht - PCB Forsegling, Radonsikring og Asbest Forsegling | TWO Teknik\" \/>\n<meta property=\"og:description\" content=\"Vielen Dank f\u00fcr die Nachricht Unsere Spezialisten werden sich so schnell wie m\u00f6glich mit Ihnen in Verbindung setzen. SPS PRIM\u00c4R \/ VERSIEGELUNG SPS PRIM\u00c4RER WINTER \/ VERSIEGELUNG Rufen Sie uns an\" \/>\n<meta property=\"og:url\" content=\"https:\/\/twoteknik.dk\/de\/vielen-dank-fuer-die-nachricht\/\" \/>\n<meta property=\"og:site_name\" content=\"PCB Forsegling, Radonsikring og Asbest Forsegling | TWO Teknik\" \/>\n<meta property=\"article:publisher\" content=\"https:\/\/www.facebook.com\/TWOTeknikApS\" \/>\n<meta property=\"article:modified_time\" content=\"2023-04-14T10:32:39+00:00\" \/>\n<meta property=\"og:image\" content=\"https:\/\/twoteknik.dk\/wp-content\/uploads\/2023\/04\/handymanskygge400.png\" \/>\n<meta name=\"twitter:card\" content=\"summary_large_image\" \/>\n<script type=\"application\/ld+json\" class=\"yoast-schema-graph\">{\"@context\":\"https:\\\/\\\/schema.org\",\"@graph\":[{\"@type\":\"WebPage\",\"@id\":\"https:\\\/\\\/twoteknik.dk\\\/de\\\/vielen-dank-fuer-die-nachricht\\\/\",\"url\":\"https:\\\/\\\/twoteknik.dk\\\/de\\\/vielen-dank-fuer-die-nachricht\\\/\",\"name\":\"Vielen Dank f\u00fcr die Nachricht - PCB Forsegling, Radonsikring og Asbest Forsegling | TWO Teknik\",\"isPartOf\":{\"@id\":\"https:\\\/\\\/twoteknik.dk\\\/de\\\/#website\"},\"primaryImageOfPage\":{\"@id\":\"https:\\\/\\\/twoteknik.dk\\\/de\\\/vielen-dank-fuer-die-nachricht\\\/#primaryimage\"},\"image\":{\"@id\":\"https:\\\/\\\/twoteknik.dk\\\/de\\\/vielen-dank-fuer-die-nachricht\\\/#primaryimage\"},\"thumbnailUrl\":\"https:\\\/\\\/twoteknik.dk\\\/wp-content\\\/uploads\\\/2023\\\/04\\\/handymanskygge400.png\",\"datePublished\":\"2023-04-07T09:15:36+00:00\",\"dateModified\":\"2023-04-14T10:32:39+00:00\",\"breadcrumb\":{\"@id\":\"https:\\\/\\\/twoteknik.dk\\\/de\\\/vielen-dank-fuer-die-nachricht\\\/#breadcrumb\"},\"inLanguage\":\"de\",\"potentialAction\":[{\"@type\":\"ReadAction\",\"target\":[\"https:\\\/\\\/twoteknik.dk\\\/de\\\/vielen-dank-fuer-die-nachricht\\\/\"]}]},{\"@type\":\"ImageObject\",\"inLanguage\":\"de\",\"@id\":\"https:\\\/\\\/twoteknik.dk\\\/de\\\/vielen-dank-fuer-die-nachricht\\\/#primaryimage\",\"url\":\"https:\\\/\\\/twoteknik.dk\\\/wp-content\\\/uploads\\\/2023\\\/04\\\/handymanskygge400.png\",\"contentUrl\":\"https:\\\/\\\/twoteknik.dk\\\/wp-content\\\/uploads\\\/2023\\\/04\\\/handymanskygge400.png\"},{\"@type\":\"BreadcrumbList\",\"@id\":\"https:\\\/\\\/twoteknik.dk\\\/de\\\/vielen-dank-fuer-die-nachricht\\\/#breadcrumb\",\"itemListElement\":[{\"@type\":\"ListItem\",\"position\":1,\"name\":\"Hjem\",\"item\":\"https:\\\/\\\/twoteknik.dk\\\/de\\\/\"},{\"@type\":\"ListItem\",\"position\":2,\"name\":\"Vielen Dank f\u00fcr die Nachricht\"}]},{\"@type\":\"WebSite\",\"@id\":\"https:\\\/\\\/twoteknik.dk\\\/de\\\/#website\",\"url\":\"https:\\\/\\\/twoteknik.dk\\\/de\\\/\",\"name\":\"PCB Forsegling, Radonsikring og Asbest Forsegling | TWO Teknik\",\"description\":\"Forsegling af PCB - Radon, Asbest &amp; BTEX. Find PCB forsegling m.m. der virker, her how TWOTeknik.dk\",\"publisher\":{\"@id\":\"https:\\\/\\\/twoteknik.dk\\\/de\\\/#organization\"},\"potentialAction\":[{\"@type\":\"SearchAction\",\"target\":{\"@type\":\"EntryPoint\",\"urlTemplate\":\"https:\\\/\\\/twoteknik.dk\\\/de\\\/?s={search_term_string}\"},\"query-input\":{\"@type\":\"PropertyValueSpecification\",\"valueRequired\":true,\"valueName\":\"search_term_string\"}}],\"inLanguage\":\"de\"},{\"@type\":\"Organization\",\"@id\":\"https:\\\/\\\/twoteknik.dk\\\/de\\\/#organization\",\"name\":\"PCB Forsegling, Radonsikring og Asbest Forsegling | TWO Teknik\",\"url\":\"https:\\\/\\\/twoteknik.dk\\\/de\\\/\",\"logo\":{\"@type\":\"ImageObject\",\"inLanguage\":\"de\",\"@id\":\"https:\\\/\\\/twoteknik.dk\\\/de\\\/#\\\/schema\\\/logo\\\/image\\\/\",\"url\":\"https:\\\/\\\/twoteknik.dk\\\/wp-content\\\/uploads\\\/2023\\\/02\\\/logoNEW.png\",\"contentUrl\":\"https:\\\/\\\/twoteknik.dk\\\/wp-content\\\/uploads\\\/2023\\\/02\\\/logoNEW.png\",\"width\":1034,\"height\":300,\"caption\":\"PCB Forsegling, Radonsikring og Asbest Forsegling | TWO Teknik\"},\"image\":{\"@id\":\"https:\\\/\\\/twoteknik.dk\\\/de\\\/#\\\/schema\\\/logo\\\/image\\\/\"},\"sameAs\":[\"https:\\\/\\\/www.facebook.com\\\/TWOTeknikApS\",\"https:\\\/\\\/www.linkedin.com\\\/company\\\/two-teknik-aps-din-samarbejdspartner-til-pcb-forsegling\\\/\"]}]}<\/script>\n<!-- \/ Yoast SEO plugin. -->","yoast_head_json":{"title":"Vielen Dank f\u00fcr die Nachricht - PCB Forsegling, Radonsikring og Asbest Forsegling | TWO Teknik","robots":{"index":"index","follow":"follow","max-snippet":"max-snippet:-1","max-image-preview":"max-image-preview:large","max-video-preview":"max-video-preview:-1"},"canonical":"https:\/\/twoteknik.dk\/de\/vielen-dank-fuer-die-nachricht\/","og_locale":"de_DE","og_type":"article","og_title":"Vielen Dank f\u00fcr die Nachricht - PCB Forsegling, Radonsikring og Asbest Forsegling | TWO Teknik","og_description":"Vielen Dank f\u00fcr die Nachricht Unsere Spezialisten werden sich so schnell wie m\u00f6glich mit Ihnen in Verbindung setzen. SPS PRIM\u00c4R \/ VERSIEGELUNG SPS PRIM\u00c4RER WINTER \/ VERSIEGELUNG Rufen Sie uns an","og_url":"https:\/\/twoteknik.dk\/de\/vielen-dank-fuer-die-nachricht\/","og_site_name":"PCB Forsegling, Radonsikring og Asbest Forsegling | TWO Teknik","article_publisher":"https:\/\/www.facebook.com\/TWOTeknikApS","article_modified_time":"2023-04-14T10:32:39+00:00","og_image":[{"url":"https:\/\/twoteknik.dk\/wp-content\/uploads\/2023\/04\/handymanskygge400.png","type":"","width":"","height":""}],"twitter_card":"summary_large_image","schema":{"@context":"https:\/\/schema.org","@graph":[{"@type":"WebPage","@id":"https:\/\/twoteknik.dk\/de\/vielen-dank-fuer-die-nachricht\/","url":"https:\/\/twoteknik.dk\/de\/vielen-dank-fuer-die-nachricht\/","name":"Vielen Dank f\u00fcr die Nachricht - PCB Forsegling, Radonsikring og Asbest Forsegling | TWO Teknik","isPartOf":{"@id":"https:\/\/twoteknik.dk\/de\/#website"},"primaryImageOfPage":{"@id":"https:\/\/twoteknik.dk\/de\/vielen-dank-fuer-die-nachricht\/#primaryimage"},"image":{"@id":"https:\/\/twoteknik.dk\/de\/vielen-dank-fuer-die-nachricht\/#primaryimage"},"thumbnailUrl":"https:\/\/twoteknik.dk\/wp-content\/uploads\/2023\/04\/handymanskygge400.png","datePublished":"2023-04-07T09:15:36+00:00","dateModified":"2023-04-14T10:32:39+00:00","breadcrumb":{"@id":"https:\/\/twoteknik.dk\/de\/vielen-dank-fuer-die-nachricht\/#breadcrumb"},"inLanguage":"de","potentialAction":[{"@type":"ReadAction","target":["https:\/\/twoteknik.dk\/de\/vielen-dank-fuer-die-nachricht\/"]}]},{"@type":"ImageObject","inLanguage":"de","@id":"https:\/\/twoteknik.dk\/de\/vielen-dank-fuer-die-nachricht\/#primaryimage","url":"https:\/\/twoteknik.dk\/wp-content\/uploads\/2023\/04\/handymanskygge400.png","contentUrl":"https:\/\/twoteknik.dk\/wp-content\/uploads\/2023\/04\/handymanskygge400.png"},{"@type":"BreadcrumbList","@id":"https:\/\/twoteknik.dk\/de\/vielen-dank-fuer-die-nachricht\/#breadcrumb","itemListElement":[{"@type":"ListItem","position":1,"name":"Hjem","item":"https:\/\/twoteknik.dk\/de\/"},{"@type":"ListItem","position":2,"name":"Vielen Dank f\u00fcr die Nachricht"}]},{"@type":"WebSite","@id":"https:\/\/twoteknik.dk\/de\/#website","url":"https:\/\/twoteknik.dk\/de\/","name":"PCB Forsegling, Radonsikring og Asbest Forsegling | TWO Teknik","description":"Forsegling af PCB - Radon, Asbest &amp; BTEX. Find PCB forsegling m.m. der virker, her how TWOTeknik.dk","publisher":{"@id":"https:\/\/twoteknik.dk\/de\/#organization"},"potentialAction":[{"@type":"SearchAction","target":{"@type":"EntryPoint","urlTemplate":"https:\/\/twoteknik.dk\/de\/?s={search_term_string}"},"query-input":{"@type":"PropertyValueSpecification","valueRequired":true,"valueName":"search_term_string"}}],"inLanguage":"de"},{"@type":"Organization","@id":"https:\/\/twoteknik.dk\/de\/#organization","name":"PCB Forsegling, Radonsikring og Asbest Forsegling | TWO Teknik","url":"https:\/\/twoteknik.dk\/de\/","logo":{"@type":"ImageObject","inLanguage":"de","@id":"https:\/\/twoteknik.dk\/de\/#\/schema\/logo\/image\/","url":"https:\/\/twoteknik.dk\/wp-content\/uploads\/2023\/02\/logoNEW.png","contentUrl":"https:\/\/twoteknik.dk\/wp-content\/uploads\/2023\/02\/logoNEW.png","width":1034,"height":300,"caption":"PCB Forsegling, Radonsikring og Asbest Forsegling | TWO Teknik"},"image":{"@id":"https:\/\/twoteknik.dk\/de\/#\/schema\/logo\/image\/"},"sameAs":["https:\/\/www.facebook.com\/TWOTeknikApS","https:\/\/www.linkedin.com\/company\/two-teknik-aps-din-samarbejdspartner-til-pcb-forsegling\/"]}]}},"_links":{"self":[{"href":"https:\/\/twoteknik.dk\/de\/wp-json\/wp\/v2\/pages\/211230","targetHints":{"allow":["GET"]}}],"collection":[{"href":"https:\/\/twoteknik.dk\/de\/wp-json\/wp\/v2\/pages"}],"about":[{"href":"https:\/\/twoteknik.dk\/de\/wp-json\/wp\/v2\/types\/page"}],"author":[{"embeddable":true,"href":"https:\/\/twoteknik.dk\/de\/wp-json\/wp\/v2\/users\/1"}],"replies":[{"embeddable":true,"href":"https:\/\/twoteknik.dk\/de\/wp-json\/wp\/v2\/comments?post=211230"}],"version-history":[{"count":0,"href":"https:\/\/twoteknik.dk\/de\/wp-json\/wp\/v2\/pages\/211230\/revisions"}],"wp:attachment":[{"href":"https:\/\/twoteknik.dk\/de\/wp-json\/wp\/v2\/media?parent=211230"}],"curies":[{"name":"wp","href":"https:\/\/api.w.org\/{rel}","templated":true}]}}