{"id":211201,"date":"2023-04-07T09:30:57","date_gmt":"2023-04-07T07:30:57","guid":{"rendered":"https:\/\/twoteknik.dk\/cookie-und-datenschutzrichtlinie\/"},"modified":"2023-04-15T12:27:48","modified_gmt":"2023-04-15T10:27:48","slug":"cookie-und-datenschutzrichtlinie","status":"publish","type":"page","link":"https:\/\/twoteknik.dk\/de\/cookie-und-datenschutzrichtlinie\/","title":{"rendered":"Cookie- und Datenschutzrichtlinie"},"content":{"rendered":"\t\t<div data-elementor-type=\"wp-page\" data-elementor-id=\"211201\" class=\"elementor elementor-211201 elementor-211004\" data-elementor-post-type=\"page\">\n\t\t\t\t\t\t<section data-particle_enable=\"false\" data-particle-mobile-disabled=\"false\" class=\"elementor-section elementor-top-section elementor-element elementor-element-38d3cd3 elementor-section-boxed elementor-section-height-default elementor-section-height-default\" data-id=\"38d3cd3\" data-element_type=\"section\" data-e-type=\"section\">\n\t\t\t\t\t\t<div class=\"elementor-container elementor-column-gap-default\">\n\t\t\t\t\t<div class=\"elementor-column elementor-col-100 elementor-top-column elementor-element elementor-element-7d0fabb\" data-id=\"7d0fabb\" data-element_type=\"column\" data-e-type=\"column\">\n\t\t\t<div class=\"elementor-widget-wrap elementor-element-populated\">\n\t\t\t\t\t\t<div class=\"elementor-element elementor-element-8f9e0ba elementor-widget elementor-widget-text-editor\" data-id=\"8f9e0ba\" data-element_type=\"widget\" data-e-type=\"widget\" data-widget_type=\"text-editor.default\">\n\t\t\t\t<div class=\"elementor-widget-container\">\n\t\t\t\t\t\t\t\t\t<h3>Cookie- und Datenschutzrichtlinien f\u00fcr TWO Teknik<\/h3>\n<p>Durch die Nutzung der Website www.twoteknik.dk stimmen Sie zu, dass wir Cookies verwenden. Diese Website verwendet Cookies zu folgenden Zwecken: Erfassung von Nutzerverhalten, um zu verstehen, was interessant zu lesen ist. <br \/>Wir speichern Ihre Einstellungen und Pr\u00e4ferenzen, damit Sie beispielsweise nicht jedes Mal bei Ihrem Besuch von uns f\u00fcr unseren Newsletter angemeldet werden m\u00fcssen.<\/p>\n<p>Twoteknik.dk verwendet Cookies von Google Analytics, um den Website-Traffic zu messen. Sie k\u00f6nnen Google Analytics-Cookies unter folgendem Link deaktivieren: http:\/\/tools.google.com\/dlpage\/gaoptout <\/p>\n<p><strong>Was ist ein cookie?<br \/><\/strong>Ein Cookie ist eine kleine Textdatei, die vom Browser auf Ihrem Computer, Tablet oder Smartphone gespeichert wird.<br \/>Das Cookie \u00fcberwacht Ihre Auswahl, w\u00e4hrend Sie auf der Website sind, und stellt sicher, dass Sie bei Ihrem n\u00e4chsten Besuch erkannt werden.<\/p>\n<p>Ein Cookie ist kein Programm und kann nichts auf Ihrem Computer \u00e4ndern.<br \/>Es werden keine pers\u00f6nlichen Informationen in unseren Cookies gespeichert, der Inhalt wird nicht an Dritte weitergegeben und sie k\u00f6nnen keine Viren enthalten. Das Cookie hat eine begrenzte Laufzeit und wird nach einem Monat gel\u00f6scht. <\/p>\n<p>Die meisten Browser (z.B. Firefox, Internet Explorer und Safari) akzeptieren Cookies automatisch, aber Sie k\u00f6nnen selbst entscheiden, ob Sie es zulassen m\u00f6chten. Sie k\u00f6nnen Cookies vollst\u00e4ndig deaktivieren, aber das kann Probleme beim Online-Shopping verursachen, da alle Online-Shops Cookies verwenden, um sich an die Artikel in Ihrem Warenkorb zu erinnern. <\/p>\n<p><strong> <\/strong><strong>Wie Sie Ihre Cookies ablehnen oder l\u00f6schen k\u00f6nnen<\/strong><br \/>Siehe Leitfaden hier: http:\/\/minecookies.org\/cookiehandtering<br \/>Wenn Sie keine Cookies erhalten m\u00f6chten, k\u00f6nnen Sie diese blockieren. Siehe Anweisungen hier: http:\/\/minecookies.org\/fravalg <\/p>\n<p><strong>Datenschutz-Bestimmungen<br \/><\/strong>Wir bitten um Ihre pers\u00f6nlichen und nutzerbezogenen Informationen, wenn Sie sich f\u00fcr unseren Newsletter anmelden oder an unseren Wettbewerben oder \u00e4hnlichem teilnehmen. In der Regel handelt es sich dabei um Ihren Namen und Ihre E-Mail-Adresse, aber es k\u00f6nnen auch Informationen \u00fcber Ihre Interessen enthalten sein. <\/p>\n<p>Was machen Sie mit meinen Informationen?<br \/>Ihre pers\u00f6nlichen Daten sind bei uns sicher und werden nicht an Dritte weitergegeben oder verkauft, es sei denn, Sie haben dies ausdr\u00fccklich zugestimmt. Wir sammeln niemals personenbezogene Daten, ohne dass Sie uns diese Informationen bei der Registrierung, dem Kauf oder der Teilnahme an einer Umfrage usw. selbst zur Verf\u00fcgung gestellt haben. Hierbei werden Informationen wie Name, E-Mail und gelegentlich Kenntnisse zu verschiedenen Themen gesammelt. <\/p>\n<p>Die Informationen werden auch verwendet, um ein besseres Verst\u00e4ndnis f\u00fcr Sie und andere Benutzer der Website zu erhalten. Diese Verwendung kann unter anderem Umfragen und Analysen umfassen, die darauf abzielen, unsere Produkte, Dienstleistungen und Technologien zu verbessern, sowie die Anzeige von Inhalten und Werbung, die an Ihre Interessen und Hobbys angepasst sind. <\/p>\n<p><strong>Kontakt bzgl pers\u00f6nliche Daten<br \/><\/strong>Wenn Sie Zugriff auf die bei twoteknik.dk \u00fcber Sie gespeicherten Informationen w\u00fcnschen, wenden Sie sich bitte an info@twoteknik.dk. Sie k\u00f6nnen sich jederzeit in unserem Newsletter anmelden und die von Ihnen bereitgestellten Informationen selbst aktualisieren oder einsehen. Wenn falsche Daten registriert sind oder Sie andere Einw\u00e4nde haben, k\u00f6nnen Sie sich ebenfalls an diese Stelle wenden. Sie haben das Recht, gem\u00e4\u00df den Bestimmungen des Datenschutzgesetzes Widerspruch gegen eine Registrierung einzulegen.   <\/p>\n<p><strong>Schutz personenbezogener Daten<br \/><\/strong>Gem\u00e4\u00df dem Datenschutzgesetz m\u00fcssen Ihre pers\u00f6nlichen Daten sicher und vertraulich aufbewahrt werden. Wir speichern Ihre pers\u00f6nlichen Daten auf Computern mit begrenztem Zugang, die in kontrollierten Einrichtungen platziert sind, und unsere Sicherheitsvorkehrungen werden regelm\u00e4\u00dfig \u00fcberpr\u00fcft, um festzustellen, ob unsere Benutzerinformationen angemessen und unter Ber\u00fccksichtigung Ihrer Rechte als Benutzer gehandhabt werden. Wir k\u00f6nnen jedoch keine 100-prozentige Sicherheit bei Daten\u00fcbertragungen \u00fcber das Internet garantieren. Dies bedeutet, dass es ein Risiko gibt, dass unbefugte Dritte Zugriff auf Informationen erhalten, wenn Daten elektronisch \u00fcbermittelt und gespeichert werden. Sie geben Ihre pers\u00f6nlichen Daten daher auf eigene Verantwortung weiter.    <\/p>\n<p>Personenbezogene Daten werden kontinuierlich gel\u00f6scht oder anonymisiert, sobald der Zweck, f\u00fcr den sie gesammelt wurden, erreicht ist. Personenbezogene Daten werden h\u00f6chstens 12 Monate nach Verwendung aufbewahrt. <\/p>\n<p>Die schnelle Entwicklung des Internets bedeutet, dass \u00c4nderungen in unserer Verarbeitung personenbezogener Daten erforderlich sein k\u00f6nnen. Wir behalten uns daher das Recht vor, diese Datenschutzrichtlinien zu aktualisieren und zu \u00e4ndern. Wenn wir dies tun, aktualisieren wir selbstverst\u00e4ndlich das Datum &#8222;zuletzt aktualisiert&#8220; unten auf der Seite. Im Falle von wesentlichen \u00c4nderungen informieren wir Sie durch eine sichtbare Mitteilung auf unseren Websites.   <\/p>\n<p>Soweit personenbezogene Daten \u00fcber Sie verarbeitet werden, haben Sie gem\u00e4\u00df dem Personaldatenschutzgesetz das Recht zu erfahren, welche personenbezogenen Daten auf Sie zur\u00fcckzuf\u00fchren sind. Wenn sich herausstellt, dass die \u00fcber Sie verarbeiteten Informationen oder Daten falsch oder irref\u00fchrend sind, haben Sie das Recht, ihre Berichtigung, L\u00f6schung oder Sperrung zu verlangen. Sie k\u00f6nnen jederzeit Widerspruch gegen die Verarbeitung von Informationen \u00fcber Sie einlegen. Sie k\u00f6nnen auch Ihre Einwilligung jederzeit widerrufen. Sie haben die M\u00f6glichkeit, sich \u00fcber die Verarbeitung von Informationen und Daten \u00fcber Sie zu beschweren. Die Beschwerde wird bei der Datenschutzbeh\u00f6rde gem\u00e4\u00df \u00a7 58 Absatz 1 des Personaldatenschutzgesetzes eingereicht.     <\/p>\n<p><strong>Diese Website wird betrieben und ist Eigentum von:<\/strong><br \/>TWO Teknik ApS<\/p>\n<p>Korng\u00e5rden 6<br \/>4660 Store Heddinge D\u00e4nemark<br \/>CVR: 34211000<br \/>Tlf.: +45 72302031<br \/>E-mail: info@twoteknik.dk<\/p>\n<p><strong>Haben Sie noch Fragen?<br \/><\/strong>Wenn Sie Fragen oder Kommentare zu unseren Informationen und\/oder der Verarbeitung personenbezogener Daten haben, k\u00f6nnen Sie uns gerne unter info@twoteknik.dk kontaktieren.<\/p>\n\t\t\t\t\t\t\t\t<\/div>\n\t\t\t\t<\/div>\n\t\t\t\t\t<\/div>\n\t\t<\/div>\n\t\t\t\t\t<\/div>\n\t\t<\/section>\n\t\t\t\t<\/div>\n\t\t","protected":false},"excerpt":{"rendered":"<p>Cookie- und Datenschutzrichtlinien f\u00fcr TWO Teknik Durch die Nutzung der Website www.twoteknik.dk stimmen Sie zu, dass wir Cookies verwenden. Diese Website verwendet Cookies zu folgenden Zwecken: Erfassung von Nutzerverhalten, um zu verstehen, was interessant zu lesen ist. Wir speichern Ihre Einstellungen und Pr\u00e4ferenzen, damit Sie beispielsweise nicht jedes Mal bei Ihrem Besuch von uns f\u00fcr [&hellip;]<\/p>\n","protected":false},"author":1,"featured_media":0,"parent":0,"menu_order":0,"comment_status":"closed","ping_status":"closed","template":"elementor_header_footer","meta":{"site-sidebar-layout":"no-sidebar","site-content-layout":"page-builder","ast-site-content-layout":"default","site-content-style":"default","site-sidebar-style":"default","ast-global-header-display":"","ast-banner-title-visibility":"","ast-main-header-display":"","ast-hfb-above-header-display":"","ast-hfb-below-header-display":"","ast-hfb-mobile-header-display":"","site-post-title":"disabled","ast-breadcrumbs-content":"","ast-featured-img":"disabled","footer-sml-layout":"","ast-disable-related-posts":"","theme-transparent-header-meta":"","adv-header-id-meta":"","stick-header-meta":"","header-above-stick-meta":"","header-main-stick-meta":"","header-below-stick-meta":"","astra-migrate-meta-layouts":"default","ast-page-background-enabled":"default","ast-page-background-meta":{"desktop":{"background-color":"","background-image":"","background-repeat":"repeat","background-position":"center center","background-size":"auto","background-attachment":"scroll","background-type":"","background-media":"","overlay-type":"","overlay-color":"","overlay-opacity":"","overlay-gradient":""},"tablet":{"background-color":"","background-image":"","background-repeat":"repeat","background-position":"center center","background-size":"auto","background-attachment":"scroll","background-type":"","background-media":"","overlay-type":"","overlay-color":"","overlay-opacity":"","overlay-gradient":""},"mobile":{"background-color":"","background-image":"","background-repeat":"repeat","background-position":"center center","background-size":"auto","background-attachment":"scroll","background-type":"","background-media":"","overlay-type":"","overlay-color":"","overlay-opacity":"","overlay-gradient":""}},"ast-content-background-meta":{"desktop":{"background-color":"var(--ast-global-color-5)","background-image":"","background-repeat":"repeat","background-position":"center center","background-size":"auto","background-attachment":"scroll","background-type":"","background-media":"","overlay-type":"","overlay-color":"","overlay-opacity":"","overlay-gradient":""},"tablet":{"background-color":"var(--ast-global-color-5)","background-image":"","background-repeat":"repeat","background-position":"center center","background-size":"auto","background-attachment":"scroll","background-type":"","background-media":"","overlay-type":"","overlay-color":"","overlay-opacity":"","overlay-gradient":""},"mobile":{"background-color":"var(--ast-global-color-5)","background-image":"","background-repeat":"repeat","background-position":"center center","background-size":"auto","background-attachment":"scroll","background-type":"","background-media":"","overlay-type":"","overlay-color":"","overlay-opacity":"","overlay-gradient":""}},"footnotes":""},"class_list":["post-211201","page","type-page","status-publish","hentry"],"yoast_head":"<!-- This site is optimized with the Yoast SEO plugin v27.5 - https:\/\/yoast.com\/product\/yoast-seo-wordpress\/ -->\n<title>Cookie- und Datenschutzrichtlinie - PCB Forsegling, Radonsikring og Asbest Forsegling | TWO Teknik<\/title>\n<meta name=\"robots\" content=\"index, follow, max-snippet:-1, max-image-preview:large, max-video-preview:-1\" \/>\n<link rel=\"canonical\" href=\"https:\/\/twoteknik.dk\/de\/cookie-und-datenschutzrichtlinie\/\" \/>\n<meta property=\"og:locale\" content=\"de_DE\" \/>\n<meta property=\"og:type\" content=\"article\" \/>\n<meta property=\"og:title\" content=\"Cookie- und Datenschutzrichtlinie - PCB Forsegling, Radonsikring og Asbest Forsegling | TWO Teknik\" \/>\n<meta property=\"og:description\" content=\"Cookie- und Datenschutzrichtlinien f\u00fcr TWO Teknik Durch die Nutzung der Website www.twoteknik.dk stimmen Sie zu, dass wir Cookies verwenden. Diese Website verwendet Cookies zu folgenden Zwecken: Erfassung von Nutzerverhalten, um zu verstehen, was interessant zu lesen ist. Wir speichern Ihre Einstellungen und Pr\u00e4ferenzen, damit Sie beispielsweise nicht jedes Mal bei Ihrem Besuch von uns f\u00fcr [&hellip;]\" \/>\n<meta property=\"og:url\" content=\"https:\/\/twoteknik.dk\/de\/cookie-und-datenschutzrichtlinie\/\" \/>\n<meta property=\"og:site_name\" content=\"PCB Forsegling, Radonsikring og Asbest Forsegling | TWO Teknik\" \/>\n<meta property=\"article:publisher\" content=\"https:\/\/www.facebook.com\/TWOTeknikApS\" \/>\n<meta property=\"article:modified_time\" content=\"2023-04-15T10:27:48+00:00\" \/>\n<meta name=\"twitter:card\" content=\"summary_large_image\" \/>\n<meta name=\"twitter:label1\" content=\"Gesch\u00e4tzte Lesezeit\" \/>\n\t<meta name=\"twitter:data1\" content=\"4\u00a0Minuten\" \/>\n<script type=\"application\/ld+json\" class=\"yoast-schema-graph\">{\"@context\":\"https:\\\/\\\/schema.org\",\"@graph\":[{\"@type\":\"WebPage\",\"@id\":\"https:\\\/\\\/twoteknik.dk\\\/de\\\/cookie-und-datenschutzrichtlinie\\\/\",\"url\":\"https:\\\/\\\/twoteknik.dk\\\/de\\\/cookie-und-datenschutzrichtlinie\\\/\",\"name\":\"Cookie- und Datenschutzrichtlinie - PCB Forsegling, Radonsikring og Asbest Forsegling | TWO Teknik\",\"isPartOf\":{\"@id\":\"https:\\\/\\\/twoteknik.dk\\\/de\\\/#website\"},\"datePublished\":\"2023-04-07T07:30:57+00:00\",\"dateModified\":\"2023-04-15T10:27:48+00:00\",\"breadcrumb\":{\"@id\":\"https:\\\/\\\/twoteknik.dk\\\/de\\\/cookie-und-datenschutzrichtlinie\\\/#breadcrumb\"},\"inLanguage\":\"de\",\"potentialAction\":[{\"@type\":\"ReadAction\",\"target\":[\"https:\\\/\\\/twoteknik.dk\\\/de\\\/cookie-und-datenschutzrichtlinie\\\/\"]}]},{\"@type\":\"BreadcrumbList\",\"@id\":\"https:\\\/\\\/twoteknik.dk\\\/de\\\/cookie-und-datenschutzrichtlinie\\\/#breadcrumb\",\"itemListElement\":[{\"@type\":\"ListItem\",\"position\":1,\"name\":\"Hjem\",\"item\":\"https:\\\/\\\/twoteknik.dk\\\/de\\\/\"},{\"@type\":\"ListItem\",\"position\":2,\"name\":\"Cookie- und Datenschutzrichtlinie\"}]},{\"@type\":\"WebSite\",\"@id\":\"https:\\\/\\\/twoteknik.dk\\\/de\\\/#website\",\"url\":\"https:\\\/\\\/twoteknik.dk\\\/de\\\/\",\"name\":\"PCB Forsegling, Radonsikring og Asbest Forsegling | TWO Teknik\",\"description\":\"Forsegling af PCB - Radon, Asbest &amp; BTEX. Find PCB forsegling m.m. der virker, her how TWOTeknik.dk\",\"publisher\":{\"@id\":\"https:\\\/\\\/twoteknik.dk\\\/de\\\/#organization\"},\"potentialAction\":[{\"@type\":\"SearchAction\",\"target\":{\"@type\":\"EntryPoint\",\"urlTemplate\":\"https:\\\/\\\/twoteknik.dk\\\/de\\\/?s={search_term_string}\"},\"query-input\":{\"@type\":\"PropertyValueSpecification\",\"valueRequired\":true,\"valueName\":\"search_term_string\"}}],\"inLanguage\":\"de\"},{\"@type\":\"Organization\",\"@id\":\"https:\\\/\\\/twoteknik.dk\\\/de\\\/#organization\",\"name\":\"PCB Forsegling, Radonsikring og Asbest Forsegling | TWO Teknik\",\"url\":\"https:\\\/\\\/twoteknik.dk\\\/de\\\/\",\"logo\":{\"@type\":\"ImageObject\",\"inLanguage\":\"de\",\"@id\":\"https:\\\/\\\/twoteknik.dk\\\/de\\\/#\\\/schema\\\/logo\\\/image\\\/\",\"url\":\"https:\\\/\\\/twoteknik.dk\\\/wp-content\\\/uploads\\\/2023\\\/02\\\/logoNEW.png\",\"contentUrl\":\"https:\\\/\\\/twoteknik.dk\\\/wp-content\\\/uploads\\\/2023\\\/02\\\/logoNEW.png\",\"width\":1034,\"height\":300,\"caption\":\"PCB Forsegling, Radonsikring og Asbest Forsegling | TWO Teknik\"},\"image\":{\"@id\":\"https:\\\/\\\/twoteknik.dk\\\/de\\\/#\\\/schema\\\/logo\\\/image\\\/\"},\"sameAs\":[\"https:\\\/\\\/www.facebook.com\\\/TWOTeknikApS\",\"https:\\\/\\\/www.linkedin.com\\\/company\\\/two-teknik-aps-din-samarbejdspartner-til-pcb-forsegling\\\/\"]}]}<\/script>\n<!-- \/ Yoast SEO plugin. -->","yoast_head_json":{"title":"Cookie- und Datenschutzrichtlinie - PCB Forsegling, Radonsikring og Asbest Forsegling | TWO Teknik","robots":{"index":"index","follow":"follow","max-snippet":"max-snippet:-1","max-image-preview":"max-image-preview:large","max-video-preview":"max-video-preview:-1"},"canonical":"https:\/\/twoteknik.dk\/de\/cookie-und-datenschutzrichtlinie\/","og_locale":"de_DE","og_type":"article","og_title":"Cookie- und Datenschutzrichtlinie - PCB Forsegling, Radonsikring og Asbest Forsegling | TWO Teknik","og_description":"Cookie- und Datenschutzrichtlinien f\u00fcr TWO Teknik Durch die Nutzung der Website www.twoteknik.dk stimmen Sie zu, dass wir Cookies verwenden. Diese Website verwendet Cookies zu folgenden Zwecken: Erfassung von Nutzerverhalten, um zu verstehen, was interessant zu lesen ist. Wir speichern Ihre Einstellungen und Pr\u00e4ferenzen, damit Sie beispielsweise nicht jedes Mal bei Ihrem Besuch von uns f\u00fcr [&hellip;]","og_url":"https:\/\/twoteknik.dk\/de\/cookie-und-datenschutzrichtlinie\/","og_site_name":"PCB Forsegling, Radonsikring og Asbest Forsegling | TWO Teknik","article_publisher":"https:\/\/www.facebook.com\/TWOTeknikApS","article_modified_time":"2023-04-15T10:27:48+00:00","twitter_card":"summary_large_image","twitter_misc":{"Gesch\u00e4tzte Lesezeit":"4\u00a0Minuten"},"schema":{"@context":"https:\/\/schema.org","@graph":[{"@type":"WebPage","@id":"https:\/\/twoteknik.dk\/de\/cookie-und-datenschutzrichtlinie\/","url":"https:\/\/twoteknik.dk\/de\/cookie-und-datenschutzrichtlinie\/","name":"Cookie- und Datenschutzrichtlinie - PCB Forsegling, Radonsikring og Asbest Forsegling | TWO Teknik","isPartOf":{"@id":"https:\/\/twoteknik.dk\/de\/#website"},"datePublished":"2023-04-07T07:30:57+00:00","dateModified":"2023-04-15T10:27:48+00:00","breadcrumb":{"@id":"https:\/\/twoteknik.dk\/de\/cookie-und-datenschutzrichtlinie\/#breadcrumb"},"inLanguage":"de","potentialAction":[{"@type":"ReadAction","target":["https:\/\/twoteknik.dk\/de\/cookie-und-datenschutzrichtlinie\/"]}]},{"@type":"BreadcrumbList","@id":"https:\/\/twoteknik.dk\/de\/cookie-und-datenschutzrichtlinie\/#breadcrumb","itemListElement":[{"@type":"ListItem","position":1,"name":"Hjem","item":"https:\/\/twoteknik.dk\/de\/"},{"@type":"ListItem","position":2,"name":"Cookie- und Datenschutzrichtlinie"}]},{"@type":"WebSite","@id":"https:\/\/twoteknik.dk\/de\/#website","url":"https:\/\/twoteknik.dk\/de\/","name":"PCB Forsegling, Radonsikring og Asbest Forsegling | TWO Teknik","description":"Forsegling af PCB - Radon, Asbest &amp; BTEX. Find PCB forsegling m.m. der virker, her how TWOTeknik.dk","publisher":{"@id":"https:\/\/twoteknik.dk\/de\/#organization"},"potentialAction":[{"@type":"SearchAction","target":{"@type":"EntryPoint","urlTemplate":"https:\/\/twoteknik.dk\/de\/?s={search_term_string}"},"query-input":{"@type":"PropertyValueSpecification","valueRequired":true,"valueName":"search_term_string"}}],"inLanguage":"de"},{"@type":"Organization","@id":"https:\/\/twoteknik.dk\/de\/#organization","name":"PCB Forsegling, Radonsikring og Asbest Forsegling | TWO Teknik","url":"https:\/\/twoteknik.dk\/de\/","logo":{"@type":"ImageObject","inLanguage":"de","@id":"https:\/\/twoteknik.dk\/de\/#\/schema\/logo\/image\/","url":"https:\/\/twoteknik.dk\/wp-content\/uploads\/2023\/02\/logoNEW.png","contentUrl":"https:\/\/twoteknik.dk\/wp-content\/uploads\/2023\/02\/logoNEW.png","width":1034,"height":300,"caption":"PCB Forsegling, Radonsikring og Asbest Forsegling | TWO Teknik"},"image":{"@id":"https:\/\/twoteknik.dk\/de\/#\/schema\/logo\/image\/"},"sameAs":["https:\/\/www.facebook.com\/TWOTeknikApS","https:\/\/www.linkedin.com\/company\/two-teknik-aps-din-samarbejdspartner-til-pcb-forsegling\/"]}]}},"_links":{"self":[{"href":"https:\/\/twoteknik.dk\/de\/wp-json\/wp\/v2\/pages\/211201","targetHints":{"allow":["GET"]}}],"collection":[{"href":"https:\/\/twoteknik.dk\/de\/wp-json\/wp\/v2\/pages"}],"about":[{"href":"https:\/\/twoteknik.dk\/de\/wp-json\/wp\/v2\/types\/page"}],"author":[{"embeddable":true,"href":"https:\/\/twoteknik.dk\/de\/wp-json\/wp\/v2\/users\/1"}],"replies":[{"embeddable":true,"href":"https:\/\/twoteknik.dk\/de\/wp-json\/wp\/v2\/comments?post=211201"}],"version-history":[{"count":0,"href":"https:\/\/twoteknik.dk\/de\/wp-json\/wp\/v2\/pages\/211201\/revisions"}],"wp:attachment":[{"href":"https:\/\/twoteknik.dk\/de\/wp-json\/wp\/v2\/media?parent=211201"}],"curies":[{"name":"wp","href":"https:\/\/api.w.org\/{rel}","templated":true}]}}